{"id":738339,"date":"2025-08-27T23:47:59","date_gmt":"2025-08-27T20:47:59","guid":{"rendered":"https:\/\/roveyayinevi.com.tr\/index.php\/urun\/laytmotif\/"},"modified":"2026-04-16T02:48:37","modified_gmt":"2026-04-15T23:48:37","slug":"laytmotif","status":"publish","type":"product","link":"https:\/\/roveyayinevi.com.tr\/index.php\/urun\/laytmotif\/","title":{"rendered":"Laytmotif"},"content":{"rendered":"<p>Fahri G\u00fcll\u00fco\u011flu\u2019nun be\u015finci \u015fiir kitab\u0131 Laytmotif \u015fiir-d\u0131\u015f\u0131 kabul edileni \u015fiirin g\u00f6z\u00fcnden okuyan, \u015fiir-d\u00fczyaz\u0131 aras\u0131nda \u00e7izilen s\u0131n\u0131r\u0131 ortadan kald\u0131ran \u00fc\u00e7 kitab\u0131n birle\u015fmesinden olu\u015fuyor: \u201cKronoskopi\u201d, \u201cSessiz D\u00fczeltmeler\u201d, \u201cLogos\u201d. \u015eiirde dile gelen hakikatin k\u0131r\u0131lganl\u0131\u011f\u0131n\u0131 bilen ve hakiki \u015fiirin silinmi\u015f \u015fiir oldu\u011fu bilgisiyle; anlat\u0131dan monologa, g\u00fcnl\u00fckten senaryoya, mektuptan mesele, manifestodan soru\u015fturmaya, diyalogdan masala farkl\u0131 t\u00fcrleri katederek kendini s\u0131nayan organik bir \u015fiir bu. Laytmotif nas\u0131l ya\u015famal\u0131\/nas\u0131l yazmal\u0131 meselesi \u00fcst\u00fcne yal\u0131n bir dilin imk\u00e2nlar\u0131yla d\u00fc\u015f\u00fcn\u00fcrken m\u00fczi\u011fin prensiplerine ba\u011fl\u0131 felsefi d\u00fc\u015f\u00fcnceden \u00f6d\u00fcn vermeyen; burada, bu zamanda ya\u015fayan bir bilincin ve g\u00f6vdenin kay\u0131tlar\u0131ndan olu\u015fan bir \u201chayat kitab\u0131\u201d.   Kitaptan: \u00d6NYARGI ATLASI d\u00fcnya bir hapishane mi, dedim, hayat zindan de\u011fil, dedi, insan s\u0131k\u0131\u015ft\u0131\u011f\u0131nda, s\u0131k\u0131\u015fm\u0131\u015fl\u0131kla kendini fazla \u00f6nemser, kendini \u00f6nemsedi\u011finde hayat\u0131 unutur, hayat hi\u00e7 kimseyi \u00f6nemsemez, akar, zaman bir y\u00f6n de\u011fil, boyuttur, insan g\u00f6zleri g\u00f6rmeyince her \u015feyi g\u00f6rd\u00fc\u011f\u00fcn\u00fc san\u0131r, g\u00f6rme yetisini yitirmi\u015f olsa, kendini, ba\u015fkas\u0131n\u0131 daha iyi g\u00f6r\u00fcrd\u00fc insan, \u0131\u015f\u0131k hep ba\u015ftan \u00e7\u0131kart\u0131c\u0131d\u0131r, \u0131\u015f\u0131k, bakt\u0131k\u00e7a, yans\u0131tt\u0131klar\u0131yla aldat\u0131r, dedi, bir sorunla kar\u015f\u0131la\u015ft\u0131\u011f\u0131nda, sorun tek ba\u015f\u0131na zifiri karanl\u0131kla sarabilir zihnini, \u00e7\u00f6z\u00fcm nedir diye sorarsan, bilmiyorum, sana ak\u0131l veremem, onu sen bulacaks\u0131n, kendine ait bir yol, \u0131\u015f\u0131\u011f\u0131 da karanl\u0131\u011f\u0131 da e\u015f derecede sevebilen, ho\u015f g\u00f6ren, hor g\u00f6rmeyen, onlara g\u00f6re uyum arayan bir y\u00fcr\u00fcy\u00fc\u015f, sadece, u\u00e7madan, u\u00e7acaksan da bunu hedeflemeden, ne hesapl\u0131 ne b\u00fcsb\u00fct\u00fcn kay\u0131ts\u0131z, duyular\u0131m\u0131zdan ba\u015fka bir \u015feyimiz yok, duyum sanat\u0131, dedi, evet, duyum sanat\u0131, dedim, ba\u015fka sanatlar\u0131 hi\u00e7 mi hi\u00e7 umursamayan duyum sanat\u0131, \u00f6\u011f\u00fct verilebilseydi, ba\u015fkas\u0131 karanl\u0131kta kald\u0131\u011f\u0131nda eline k\u00fc\u00e7\u00fck bir k\u0131lavuz tutu\u015fturabilmek gibi, bu ger\u00e7ek\u00e7i olmazd\u0131, dedim, bug\u00fcn b\u00f6yle d\u00fc\u015f\u00fcnebilir ki\u015fi, o d\u00fc\u015f\u00fcnce sadece o g\u00fcn\u00fcn d\u00fc\u015f\u00fcncesi, duyumu olabilir, bir y\u0131ld\u0131z gibi, o g\u00fcn \u0131\u015f\u0131\u011f\u0131 parlak, o g\u00fcn \u00e7ok yak\u0131n, ba\u015fka g\u00fcn uzak, se\u00e7ilmeyebilir, insan d\u00fcnya d\u00f6nd\u00fck\u00e7e ba\u015fkala\u015fabilir, as\u0131l \u00f6\u011f\u00fct vermek karanl\u0131k bir fikir de\u011fil midir, \u00f6\u011f\u00fct verirsen ayn\u0131 kalmay\u0131 vaat ediyorsun demektir, bilemezsin, bilemem, bilemeyiz, dedim, bilemeyiz, dedi, ama gen\u00e7sin, her \u015feyi yapabilirsin, her \u015fey m\u00fcmk\u00fcn, k\u0131lavuz ar\u0131yorsan, mutlaka bir k\u0131lavuz bulmaksa dert, dert etme, insan bir k\u00f6re e\u015flik eden ikinci gibi hayal edebilirse kendini, karanl\u0131kta kald\u0131\u011f\u0131nda ne yapmas\u0131 gerekti\u011fini de hayal edebilir, ne g\u00f6rd\u00fckleriyle ne g\u00f6rmedikleriyle, ne se\u00e7ebildikleriyle ne se\u00e7emedikleriyle yetinmeyi bilen insana g\u00fcvenme, kendinle bir k\u00f6r gibi, kendinle bir k\u0131lavuz gibi y\u00fcr\u00fcyebilmeyi \u00f6\u011frenmeli, insan hayallerini kimseyle kirletmemeli, y\u00fcr\u00fcd\u00fck\u00e7e, kendine e\u015flik eden bir k\u00f6r gibi yolu g\u00f6ze alabilmeli, dedi.<\/p>\n","protected":false},"excerpt":{"rendered":"<p>Fahri G\u00fcll\u00fco\u011flu\u2019nun be\u015finci \u015fiir kitab\u0131 Laytmotif \u015fiir-d\u0131\u015f\u0131 kabul edileni \u015fiirin g\u00f6z\u00fcnden okuyan, \u015fiir-d\u00fczyaz\u0131 aras\u0131nda \u00e7izilen s\u0131n\u0131r\u0131 ortadan kald\u0131ran \u00fc\u00e7 kitab\u0131n birle\u015fmesinden olu\u015fuyor: \u201cKronoskopi\u201d, \u201cSessiz D\u00fczeltmeler\u201d, \u201cLogos\u201d.<span class=\"excerpt-hellip\"> [\u2026]<\/span><\/p>\n","protected":false},"featured_media":0,"template":"","meta":{"_monsterinsights_skip_tracking":false,"_monsterinsights_sitenote_active":false,"_monsterinsights_sitenote_note":"","_monsterinsights_sitenote_category":0},"product_brand":[],"product_cat":[12291,12509],"product_tag":[],"class_list":{"0":"post-738339","1":"product","2":"type-product","3":"status-publish","5":"product_cat-edebiyat","6":"product_cat-siir","7":"pa_cilt-ciltsiz","8":"pa_tur-kitap","9":"pa_yayinevi-yapi-kredi-yayinlari","10":"pa_yazar-fahri-gulluoglu","12":"first","13":"instock","14":"sale","15":"shipping-taxable","16":"purchasable","17":"product-type-simple"},"_links":{"self":[{"href":"https:\/\/roveyayinevi.com.tr\/index.php\/wp-json\/wp\/v2\/product\/738339","targetHints":{"allow":["GET"]}}],"collection":[{"href":"https:\/\/roveyayinevi.com.tr\/index.php\/wp-json\/wp\/v2\/product"}],"about":[{"href":"https:\/\/roveyayinevi.com.tr\/index.php\/wp-json\/wp\/v2\/types\/product"}],"wp:attachment":[{"href":"https:\/\/roveyayinevi.com.tr\/index.php\/wp-json\/wp\/v2\/media?parent=738339"}],"wp:term":[{"taxonomy":"product_brand","embeddable":true,"href":"https:\/\/roveyayinevi.com.tr\/index.php\/wp-json\/wp\/v2\/product_brand?post=738339"},{"taxonomy":"product_cat","embeddable":true,"href":"https:\/\/roveyayinevi.com.tr\/index.php\/wp-json\/wp\/v2\/product_cat?post=738339"},{"taxonomy":"product_tag","embeddable":true,"href":"https:\/\/roveyayinevi.com.tr\/index.php\/wp-json\/wp\/v2\/product_tag?post=738339"}],"curies":[{"name":"wp","href":"https:\/\/api.w.org\/{rel}","templated":true}]}}