{"id":738337,"date":"2025-08-27T23:47:56","date_gmt":"2025-08-27T20:47:56","guid":{"rendered":"https:\/\/roveyayinevi.com.tr\/index.php\/urun\/national-geographic-hayallerin-siniri-yok\/"},"modified":"2026-04-16T02:48:37","modified_gmt":"2026-04-15T23:48:37","slug":"national-geographic-hayallerin-siniri-yok","status":"publish","type":"product","link":"https:\/\/roveyayinevi.com.tr\/index.php\/urun\/national-geographic-hayallerin-siniri-yok\/","title":{"rendered":"Nat\u0131onal Geograph\u0131c Hayallerin S\u0131n\u0131r\u0131 Yok"},"content":{"rendered":"<p>\u201cAldrin, ola\u011fanu\u0308stu\u0308 ba\u015far\u0131lar\u0131ndan bahsetti\u011fi kadar ya\u015fad\u0131\u011f\u0131 hayal k\u0131r\u0131kl\u0131klar\u0131, zorluklar ve ba\u015far\u0131s\u0131zl\u0131klardan da i\u00e7tenlikle s\u00f6z ediyor. Hik\u00e2yesini cazip k\u0131lan da tam olarak bu.\u201d   \u2014Washington Post   Buzz Aldrin, Ay\u2019da yu\u0308ru\u0308du\u0308kten yar\u0131m yu\u0308zy\u0131l sonra hem o tarih\u00ee an\u0131 hat\u0131rlayanlara hem de ona bir Amerikan kahraman\u0131 olarak sayg\u0131 duyan gen\u00e7 nesillere yu\u0308re\u011fini a\u00e7\u0131yor. Buzz, nu\u0308kte ve incelikle anlat\u0131lan capcanl\u0131 ki\u015fisel anekdotlarda, \u201cG\u00f6kyu\u0308zu\u0308 s\u0131n\u0131r de\u011fil!\u201d ve \u201c\u0130kinci, birinciden hemen sonra gelir.\u201d gibi ya\u015fam boyu benimsenecek 13 kural\u0131 bizlerle payla\u015f\u0131yor.   Aldrin\u2019in haberlere konu olan Antarktika maceras\u0131 u\u0308zerine yepyeni bir b\u00f6lu\u0308mu\u0308 de i\u00e7eren Hayallerin S\u0131n\u0131r\u0131 Yok\u2019un bu yeni bas\u0131m\u0131, meydan okuma ve macera ile ge\u00e7en bir \u00f6mu\u0308r boyunca elde edilmi\u015f bilgelikle dolu. Mezuniyet, yeni bir i\u015fe ba\u015flamak ya da yeni bir \u015fehre ta\u015f\u0131nmak gibi hayat\u0131n\u0131n bir sonraki ad\u0131m\u0131n\u0131 atanlar ve Buzz Aldrin\u2019i daha iyi tan\u0131mak isteyen herkes i\u00e7in bu kitap, en u\u0308nlu\u0308 astronotlar\u0131m\u0131zdan birinin a\u011fz\u0131ndan son derece ilgin\u00e7 ilham verici s\u00f6zler bar\u0131nd\u0131r\u0131yor. <\/p>\n","protected":false},"excerpt":{"rendered":"<p>\u201cAldrin, ola\u011fanu\u0308stu\u0308 ba\u015far\u0131lar\u0131ndan bahsetti\u011fi kadar ya\u015fad\u0131\u011f\u0131 hayal k\u0131r\u0131kl\u0131klar\u0131, zorluklar ve ba\u015far\u0131s\u0131zl\u0131klardan da i\u00e7tenlikle s\u00f6z ediyor. Hik\u00e2yesini cazip k\u0131lan da tam olarak bu.\u201d \u2014Washington Post Buzz Aldrin,<span class=\"excerpt-hellip\"> [\u2026]<\/span><\/p>\n","protected":false},"featured_media":0,"template":"","meta":{"_monsterinsights_skip_tracking":false,"_monsterinsights_sitenote_active":false,"_monsterinsights_sitenote_note":"","_monsterinsights_sitenote_category":0},"product_brand":[],"product_cat":[12274,15842],"product_tag":[],"class_list":{"0":"post-738337","1":"product","2":"type-product","3":"status-publish","5":"product_cat-cocuk-ve-genclik-kitaplari","6":"product_cat-egitici-kitaplar","7":"pa_cilt-ciltsiz","8":"pa_tur-kitap","9":"pa_yayinevi-beta-kids","10":"pa_yazar-buzz-aldrin","12":"first","13":"instock","14":"sale","15":"shipping-taxable","16":"purchasable","17":"product-type-simple"},"_links":{"self":[{"href":"https:\/\/roveyayinevi.com.tr\/index.php\/wp-json\/wp\/v2\/product\/738337","targetHints":{"allow":["GET"]}}],"collection":[{"href":"https:\/\/roveyayinevi.com.tr\/index.php\/wp-json\/wp\/v2\/product"}],"about":[{"href":"https:\/\/roveyayinevi.com.tr\/index.php\/wp-json\/wp\/v2\/types\/product"}],"wp:attachment":[{"href":"https:\/\/roveyayinevi.com.tr\/index.php\/wp-json\/wp\/v2\/media?parent=738337"}],"wp:term":[{"taxonomy":"product_brand","embeddable":true,"href":"https:\/\/roveyayinevi.com.tr\/index.php\/wp-json\/wp\/v2\/product_brand?post=738337"},{"taxonomy":"product_cat","embeddable":true,"href":"https:\/\/roveyayinevi.com.tr\/index.php\/wp-json\/wp\/v2\/product_cat?post=738337"},{"taxonomy":"product_tag","embeddable":true,"href":"https:\/\/roveyayinevi.com.tr\/index.php\/wp-json\/wp\/v2\/product_tag?post=738337"}],"curies":[{"name":"wp","href":"https:\/\/api.w.org\/{rel}","templated":true}]}}