{"id":738336,"date":"2025-08-27T23:47:55","date_gmt":"2025-08-27T20:47:55","guid":{"rendered":"https:\/\/roveyayinevi.com.tr\/index.php\/urun\/national-geographic-kids-ilk-bilim-kitabim\/"},"modified":"2026-04-16T02:48:37","modified_gmt":"2026-04-15T23:48:37","slug":"national-geographic-kids-ilk-bilim-kitabim","status":"publish","type":"product","link":"https:\/\/roveyayinevi.com.tr\/index.php\/urun\/national-geographic-kids-ilk-bilim-kitabim\/","title":{"rendered":"Nat\u0131onal Geograph\u0131c Kids \u0130lk Bilim Kitab\u0131m"},"content":{"rendered":"<p>Bilim nedir? Bilim insanlar\u0131 ne yapar?   Bu dopdolu kaynak kitap bu sorulara ve daha bir\u00e7oklar\u0131na cevap verirken di\u011fer taraftan \u00e7ocuklara bilim insanlar\u0131n\u0131n u\u0308zerlerinde \u00e7al\u0131\u015ft\u0131klar\u0131 harika \u015feyleri olan hayvanlar\u0131 ve bitkileri, okyanuslar\u0131 ve uzay\u0131, depremleri ve yanarda\u011flar\u0131, sesi ve \u0131\u015f\u0131\u011f\u0131, icatlar\u0131 ve daha bir\u00e7oklar\u0131n\u0131 tan\u0131t\u0131r.   Bu kitab\u0131n i\u00e7erisinde:   \u2022         200\u2019den fazla muhte\u015fem foto\u011fraf\u0131 \u2022         Bilim insanlar\u0131n\u0131n merak edip inceledikleri \u015feylerin ya\u015f grubuna uygun olarak anlat\u0131mlar\u0131n\u0131 \u2022         Her b\u00f6lu\u0308mde bulunan ve etkile\u015fimli \u00f6\u011frenmeye te\u015fvik eden soru ve aktiviteleri \u2022         Sesli okumaya uygun basit anlat\u0131mlar\u0131 veya okumaya yeni ba\u015flayan okuyucular i\u00e7in her sayfada bulunan e\u011flenceli ger\u00e7ek bilgileri \u2022         Deneyimi kitab\u0131n da \u00f6tesine ta\u015f\u0131yan ebeveynler i\u00e7in ipu\u00e7lar\u0131 bulacaks\u0131n\u0131z. <\/p>\n","protected":false},"excerpt":{"rendered":"<p>Bilim nedir? Bilim insanlar\u0131 ne yapar? Bu dopdolu kaynak kitap bu sorulara ve daha bir\u00e7oklar\u0131na cevap verirken di\u011fer taraftan \u00e7ocuklara bilim insanlar\u0131n\u0131n u\u0308zerlerinde \u00e7al\u0131\u015ft\u0131klar\u0131 harika \u015feyleri<span class=\"excerpt-hellip\"> [\u2026]<\/span><\/p>\n","protected":false},"featured_media":0,"template":"","meta":{"_monsterinsights_skip_tracking":false,"_monsterinsights_sitenote_active":false,"_monsterinsights_sitenote_note":"","_monsterinsights_sitenote_category":0},"product_brand":[],"product_cat":[12274,15842],"product_tag":[],"class_list":{"0":"post-738336","1":"product","2":"type-product","3":"status-publish","5":"product_cat-cocuk-ve-genclik-kitaplari","6":"product_cat-egitici-kitaplar","7":"pa_cilt-ciltsiz","8":"pa_tur-kitap","9":"pa_yayinevi-beta-kids","10":"pa_yazar-kathleen-weidner-zoehfeld","12":"first","13":"instock","14":"sale","15":"shipping-taxable","16":"purchasable","17":"product-type-simple"},"_links":{"self":[{"href":"https:\/\/roveyayinevi.com.tr\/index.php\/wp-json\/wp\/v2\/product\/738336","targetHints":{"allow":["GET"]}}],"collection":[{"href":"https:\/\/roveyayinevi.com.tr\/index.php\/wp-json\/wp\/v2\/product"}],"about":[{"href":"https:\/\/roveyayinevi.com.tr\/index.php\/wp-json\/wp\/v2\/types\/product"}],"wp:attachment":[{"href":"https:\/\/roveyayinevi.com.tr\/index.php\/wp-json\/wp\/v2\/media?parent=738336"}],"wp:term":[{"taxonomy":"product_brand","embeddable":true,"href":"https:\/\/roveyayinevi.com.tr\/index.php\/wp-json\/wp\/v2\/product_brand?post=738336"},{"taxonomy":"product_cat","embeddable":true,"href":"https:\/\/roveyayinevi.com.tr\/index.php\/wp-json\/wp\/v2\/product_cat?post=738336"},{"taxonomy":"product_tag","embeddable":true,"href":"https:\/\/roveyayinevi.com.tr\/index.php\/wp-json\/wp\/v2\/product_tag?post=738336"}],"curies":[{"name":"wp","href":"https:\/\/api.w.org\/{rel}","templated":true}]}}