{"id":738335,"date":"2025-08-27T23:47:54","date_gmt":"2025-08-27T20:47:54","guid":{"rendered":"https:\/\/roveyayinevi.com.tr\/index.php\/urun\/national-geographic-kids-hayvanlar-ansiklopedi-seti-ciltli\/"},"modified":"2026-04-16T02:48:37","modified_gmt":"2026-04-15T23:48:37","slug":"national-geographic-kids-hayvanlar-ansiklopedi-seti-ciltli","status":"publish","type":"product","link":"https:\/\/roveyayinevi.com.tr\/index.php\/urun\/national-geographic-kids-hayvanlar-ansiklopedi-seti-ciltli\/","title":{"rendered":"National Geographic Kids Hayvanlar Ansiklopedi Seti (Ciltli)"},"content":{"rendered":"<p>\u00b7         SET \u0130\u00c7ER\u0130\u011e\u0130   \u00b7         NATINONAL GEOGRAPHIC KIDS &#8211; \u0130NANILMAZ S\u00dcR\u00dcNGENLER ANS\u0130KLOPED\u0130S\u0130   \u00b7         NATINONAL GEOGRAPHIC KIDS &#8211; E\u015eS\u0130Z D\u0130NOPED\u0130    NATINONAL GEOGRAPHIC KIDS &#8211; HAYVANLAR ANS\u0130KLOPED\u0130S\u0130 <\/p>\n","protected":false},"excerpt":{"rendered":"<p>\u00b7 SET \u0130\u00c7ER\u0130\u011e\u0130 \u00b7 NATINONAL GEOGRAPHIC KIDS &#8211; \u0130NANILMAZ S\u00dcR\u00dcNGENLER ANS\u0130KLOPED\u0130S\u0130 \u00b7 NATINONAL GEOGRAPHIC KIDS &#8211; E\u015eS\u0130Z D\u0130NOPED\u0130 NATINONAL GEOGRAPHIC KIDS &#8211; HAYVANLAR ANS\u0130KLOPED\u0130S\u0130<\/p>\n","protected":false},"featured_media":0,"template":"","meta":{"_monsterinsights_skip_tracking":false,"_monsterinsights_sitenote_active":false,"_monsterinsights_sitenote_note":"","_monsterinsights_sitenote_category":0},"product_brand":[],"product_cat":[12274,15842],"product_tag":[],"class_list":{"0":"post-738335","1":"product","2":"type-product","3":"status-publish","5":"product_cat-cocuk-ve-genclik-kitaplari","6":"product_cat-egitici-kitaplar","7":"pa_cilt-set","8":"pa_tur-kitap","9":"pa_yayinevi-beta-kids","10":"pa_yazar-national-geographic","12":"first","13":"instock","14":"sale","15":"shipping-taxable","16":"purchasable","17":"product-type-simple"},"_links":{"self":[{"href":"https:\/\/roveyayinevi.com.tr\/index.php\/wp-json\/wp\/v2\/product\/738335","targetHints":{"allow":["GET"]}}],"collection":[{"href":"https:\/\/roveyayinevi.com.tr\/index.php\/wp-json\/wp\/v2\/product"}],"about":[{"href":"https:\/\/roveyayinevi.com.tr\/index.php\/wp-json\/wp\/v2\/types\/product"}],"wp:attachment":[{"href":"https:\/\/roveyayinevi.com.tr\/index.php\/wp-json\/wp\/v2\/media?parent=738335"}],"wp:term":[{"taxonomy":"product_brand","embeddable":true,"href":"https:\/\/roveyayinevi.com.tr\/index.php\/wp-json\/wp\/v2\/product_brand?post=738335"},{"taxonomy":"product_cat","embeddable":true,"href":"https:\/\/roveyayinevi.com.tr\/index.php\/wp-json\/wp\/v2\/product_cat?post=738335"},{"taxonomy":"product_tag","embeddable":true,"href":"https:\/\/roveyayinevi.com.tr\/index.php\/wp-json\/wp\/v2\/product_tag?post=738335"}],"curies":[{"name":"wp","href":"https:\/\/api.w.org\/{rel}","templated":true}]}}