{"id":738334,"date":"2025-08-27T23:47:53","date_gmt":"2025-08-27T20:47:53","guid":{"rendered":"https:\/\/roveyayinevi.com.tr\/index.php\/urun\/dini-ataturk-gibi-anlamak\/"},"modified":"2026-04-16T02:48:37","modified_gmt":"2026-04-15T23:48:37","slug":"dini-ataturk-gibi-anlamak","status":"publish","type":"product","link":"https:\/\/roveyayinevi.com.tr\/index.php\/urun\/dini-ataturk-gibi-anlamak\/","title":{"rendered":"Dini Atat\u00fcrk Gibi Anlamak"},"content":{"rendered":"<p>Atat\u00fcrk&#8217;\u00fcn \u00f6l\u00fcm\u00fcnden sonra, uygulanan politikalar\u0131n, onun din anlay\u0131\u015f\u0131n\u0131 nas\u0131l \u00e7arp\u0131tt\u0131klar\u0131n\u0131, uygulamalar\u0131n faturas\u0131n\u0131n ona kesildi\u011fini, \u00e7a\u011fda\u015fl\u0131k ad\u0131na d\u00fc\u015f\u00fcnenlerle, geleneksel din anlay\u0131\u015f\u0131 ad\u0131na d\u00fc\u015f\u00fcnenlerin \u00f6zde ayn\u0131, ama g\u00f6r\u00fcn\u00fc\u015fte ayr\u0131 gibi olan bu kesimlerin her ikisi de, Atat\u00fcrk&#8217;\u00fc, halka, dinsiz-imans\u0131z(!) biriymi\u015f gibi g\u00f6sterdikleri, bunun nedenlerini ara\u015ft\u0131rd\u0131\u011f\u0131m\u0131zda, k\u00f6kleri ge\u00e7mi\u015fe uzanan politik ve geleneksel yap\u0131larda ve zihniyetlerde oldu\u011fu ger\u00e7e\u011fi ile kar\u015f\u0131la\u015f\u0131r\u0131z. Bu ba\u011flamda Atat\u00fcrk&#8217;\u00fcn din anlay\u0131\u015f\u0131 ile geleneksel ve mezhepsel din anlay\u0131\u015f\u0131na sahip olanlar aras\u0131ndaki din anlay\u0131\u015f\u0131 fark\u0131n\u0131 g\u00f6rebilmek i\u00e7in, Hz. Muhammed&#8217;in m\u00fc\u015friklerle (ortak ko\u015fucu Araplarla) yapt\u0131\u011f\u0131 m\u00fccadeleyi iyi bilmek gerekir. Peygamber&#8217;in ortak ko\u015fucu Araplarla olan m\u00fccadelesi bilinmez ise, aradaki bu fark\u0131 kavramak. <\/p>\n","protected":false},"excerpt":{"rendered":"<p>Atat\u00fcrk&#8217;\u00fcn \u00f6l\u00fcm\u00fcnden sonra, uygulanan politikalar\u0131n, onun din anlay\u0131\u015f\u0131n\u0131 nas\u0131l \u00e7arp\u0131tt\u0131klar\u0131n\u0131, uygulamalar\u0131n faturas\u0131n\u0131n ona kesildi\u011fini, \u00e7a\u011fda\u015fl\u0131k ad\u0131na d\u00fc\u015f\u00fcnenlerle, geleneksel din anlay\u0131\u015f\u0131 ad\u0131na d\u00fc\u015f\u00fcnenlerin \u00f6zde ayn\u0131, ama g\u00f6r\u00fcn\u00fc\u015fte<span class=\"excerpt-hellip\"> [\u2026]<\/span><\/p>\n","protected":false},"featured_media":0,"template":"","meta":{"_monsterinsights_skip_tracking":false,"_monsterinsights_sitenote_active":false,"_monsterinsights_sitenote_note":"","_monsterinsights_sitenote_category":0},"product_brand":[],"product_cat":[12835,12324],"product_tag":[],"class_list":{"0":"post-738334","1":"product","2":"type-product","3":"status-publish","5":"product_cat-genel-sosyoloji","6":"product_cat-sosyoloji","7":"pa_cilt-ciltsiz","8":"pa_tur-kitap","9":"pa_yayinevi-nergiz-yayinlari","10":"pa_yazar-mustafa-sag","12":"first","13":"instock","14":"sale","15":"shipping-taxable","16":"purchasable","17":"product-type-simple"},"_links":{"self":[{"href":"https:\/\/roveyayinevi.com.tr\/index.php\/wp-json\/wp\/v2\/product\/738334","targetHints":{"allow":["GET"]}}],"collection":[{"href":"https:\/\/roveyayinevi.com.tr\/index.php\/wp-json\/wp\/v2\/product"}],"about":[{"href":"https:\/\/roveyayinevi.com.tr\/index.php\/wp-json\/wp\/v2\/types\/product"}],"wp:attachment":[{"href":"https:\/\/roveyayinevi.com.tr\/index.php\/wp-json\/wp\/v2\/media?parent=738334"}],"wp:term":[{"taxonomy":"product_brand","embeddable":true,"href":"https:\/\/roveyayinevi.com.tr\/index.php\/wp-json\/wp\/v2\/product_brand?post=738334"},{"taxonomy":"product_cat","embeddable":true,"href":"https:\/\/roveyayinevi.com.tr\/index.php\/wp-json\/wp\/v2\/product_cat?post=738334"},{"taxonomy":"product_tag","embeddable":true,"href":"https:\/\/roveyayinevi.com.tr\/index.php\/wp-json\/wp\/v2\/product_tag?post=738334"}],"curies":[{"name":"wp","href":"https:\/\/api.w.org\/{rel}","templated":true}]}}