{"id":738332,"date":"2025-08-27T23:47:50","date_gmt":"2025-08-27T20:47:50","guid":{"rendered":"https:\/\/roveyayinevi.com.tr\/index.php\/urun\/suya-degme\/"},"modified":"2025-11-21T07:43:40","modified_gmt":"2025-11-21T04:43:40","slug":"suya-degme","status":"publish","type":"product","link":"https:\/\/roveyayinevi.com.tr\/index.php\/urun\/suya-degme\/","title":{"rendered":"Suya De\u011fme"},"content":{"rendered":"<p>Masals\u0131 bir zaman D\u0131\u015farda h\u00fcng\u00fcr h\u00fcng\u00fcr bir ya\u011fmur Ben o ilkyaz gibi b\u0131rakt\u0131m ellerimi sa\u00e7lar\u0131na \u00d6yle mutluydun ki tramvay dura\u011f\u0131nda Usulca sokuldun kuytuma Arabalar\u0131n u\u011fultusunda \u0131sland\u0131k \u0130lkyaz dedim ya An\u0131lar kar\u0131\u015f\u0131p giderken \u00e7\u0131plak\u00e7a ayak izlerine Avu\u00e7lay\u0131p \u00f6pt\u00fcm \u0131slak\u00e7a dudaklar\u0131n\u0131   Anlatabilmek ise en g\u00fc\u00e7l\u00fc ya da en korkak a\u015fk\u0131 \u0130\u00e7inde t\u00fckenirken bir korkak K\u00fcllerini avu\u00e7lay\u0131p seviyor olmakt\u0131r en g\u00fc\u00e7l\u00fc yalan\u0131 <\/p>\n","protected":false},"excerpt":{"rendered":"<p>Masals\u0131 bir zaman D\u0131\u015farda h\u00fcng\u00fcr h\u00fcng\u00fcr bir ya\u011fmur Ben o ilkyaz gibi b\u0131rakt\u0131m ellerimi sa\u00e7lar\u0131na \u00d6yle mutluydun ki tramvay dura\u011f\u0131nda Usulca sokuldun kuytuma Arabalar\u0131n u\u011fultusunda \u0131sland\u0131k<span class=\"excerpt-hellip\"> [\u2026]<\/span><\/p>\n","protected":false},"featured_media":0,"template":"","meta":{"_monsterinsights_skip_tracking":false,"_monsterinsights_sitenote_active":false,"_monsterinsights_sitenote_note":"","_monsterinsights_sitenote_category":0},"product_brand":[],"product_cat":[12291,12509],"product_tag":[],"class_list":{"0":"post-738332","1":"product","2":"type-product","3":"status-publish","5":"product_cat-edebiyat","6":"product_cat-siir","7":"pa_cilt-ciltsiz","8":"pa_tur-kitap","9":"pa_yayinevi-favori-yayinlari","10":"pa_yazar-vedat-icen","12":"first","13":"instock","14":"sale","15":"shipping-taxable","16":"purchasable","17":"product-type-simple"},"_links":{"self":[{"href":"https:\/\/roveyayinevi.com.tr\/index.php\/wp-json\/wp\/v2\/product\/738332","targetHints":{"allow":["GET"]}}],"collection":[{"href":"https:\/\/roveyayinevi.com.tr\/index.php\/wp-json\/wp\/v2\/product"}],"about":[{"href":"https:\/\/roveyayinevi.com.tr\/index.php\/wp-json\/wp\/v2\/types\/product"}],"wp:attachment":[{"href":"https:\/\/roveyayinevi.com.tr\/index.php\/wp-json\/wp\/v2\/media?parent=738332"}],"wp:term":[{"taxonomy":"product_brand","embeddable":true,"href":"https:\/\/roveyayinevi.com.tr\/index.php\/wp-json\/wp\/v2\/product_brand?post=738332"},{"taxonomy":"product_cat","embeddable":true,"href":"https:\/\/roveyayinevi.com.tr\/index.php\/wp-json\/wp\/v2\/product_cat?post=738332"},{"taxonomy":"product_tag","embeddable":true,"href":"https:\/\/roveyayinevi.com.tr\/index.php\/wp-json\/wp\/v2\/product_tag?post=738332"}],"curies":[{"name":"wp","href":"https:\/\/api.w.org\/{rel}","templated":true}]}}