{"id":738331,"date":"2025-08-27T23:47:49","date_gmt":"2025-08-27T20:47:49","guid":{"rendered":"https:\/\/roveyayinevi.com.tr\/index.php\/urun\/hudai-hudai-arikanin-yasami-ve-mucadelesi\/"},"modified":"2026-04-16T02:48:36","modified_gmt":"2026-04-15T23:48:36","slug":"hudai-hudai-arikanin-yasami-ve-mucadelesi","status":"publish","type":"product","link":"https:\/\/roveyayinevi.com.tr\/index.php\/urun\/hudai-hudai-arikanin-yasami-ve-mucadelesi\/","title":{"rendered":"H\u00fcdai (H\u00fcdai Ar\u0131kan\u2019\u0131n Ya\u015fam\u0131 ve M\u00fccadelesi)"},"content":{"rendered":"<p>Eski yolda\u015flar\u0131m\u0131zla an\u0131lar\u0131m\u0131z s\u00f6z konusu oldu\u011funda ya\u015fad\u0131klar\u0131m\u0131z\u0131n yan\u0131nda, \u00f6zel anlar o kadar s\u0131n\u0131rl\u0131 ki! Birbirimizle ne pi\u015fti oynad\u0131k ne i\u00e7ki muhabbetleri yapt\u0131k ne tavla oynad\u0131k ne k\u0131z tavlad\u0131k ne dans ettik! Asl\u0131nda b\u00fct\u00fcn bunlar\u0131n hepsini bilen bir ku\u015faktan geliyorduk. Ama biz devrimci olunca bunlar\u0131n hepsinden vazge\u00e7mi\u015f, kendimizi sadece ve sadece devrim ve sosyalizm m\u00fccadelesine adam\u0131\u015ft\u0131k.       Devrim, demokrasi ve sosyalizm m\u00fccadelesinde iz b\u0131rakan bir devrimcinin ya\u015fam\u0131 s\u00f6z konusu oldu\u011funda; nas\u0131l devrimci oldu\u011fu, kimlerden etkilendi\u011fi, kendi kulvar\u0131nda nas\u0131l y\u00fcr\u00fcd\u00fc\u011f\u00fc, hangi yol ayr\u0131mlar\u0131ndan ge\u00e7ti\u011fi ve ondan geriye nelerin kald\u0131\u011f\u0131 \u00f6nemlidir. Bu ba\u011flamda yap\u0131lan b\u00fct\u00fcn \u00e7\u00f6z\u00fcmlemeler, tarihsel olarak devrimci akl\u0131n ayak izlerini sonraki ku\u015faklara aktarmak anlam\u0131na geliyor.      Devrim, demokrasi ve sosyalizm m\u00fccadelesinde 68\u2019in devrimci \u00f6nderlerinin iki-\u00fc\u00e7 y\u0131ll\u0131k k\u0131sa ya\u015famlar\u0131 oldu. Bu y\u00fczden bir\u00e7o\u011fu evlenemedi, bir meslek ve kariyer sahibi olamad\u0131, eli kalem tutanlar bile istedi\u011fini yazamad\u0131. Kitap, makale, \u015fiir ve mektup b\u0131rakamad\u0131. Mahir bile yazmay\u0131 b\u0131rakt\u0131. On\u2019lar sadece eylemlerini gelecek ku\u015faklara miras b\u0131rakt\u0131.      Kitapta Mahirlerin cezaevi firar\u0131ndan itibaren \u0130stanbul\u2019da ba\u015flayan \u00f6rg\u00fctsel ayr\u0131\u015fmay\u0131, b\u00f6l\u00fcnmeyi, Ankara \u00fczerinden Karadeniz\u2019e gidi\u015f s\u00fcrecini ve \u00f6zellikle de \u00dcnye eylemini ve K\u0131z\u0131ldere Direni\u015fi\u2019ni yeniden irdelemeye \u00e7al\u0131\u015ft\u0131m. \u00c7\u00fcnk\u00fc K\u0131z\u0131ldere\u2019de \u00f6len yolda\u015flar bu tarihsel s\u00fcrecin yeniden ve yeniden anlat\u0131m\u0131n\u0131 geride kalanlardan daha fazla hak ediyorlard\u0131! <\/p>\n","protected":false},"excerpt":{"rendered":"<p>Eski yolda\u015flar\u0131m\u0131zla an\u0131lar\u0131m\u0131z s\u00f6z konusu oldu\u011funda ya\u015fad\u0131klar\u0131m\u0131z\u0131n yan\u0131nda, \u00f6zel anlar o kadar s\u0131n\u0131rl\u0131 ki! Birbirimizle ne pi\u015fti oynad\u0131k ne i\u00e7ki muhabbetleri yapt\u0131k ne tavla oynad\u0131k ne<span class=\"excerpt-hellip\"> [\u2026]<\/span><\/p>\n","protected":false},"featured_media":0,"template":"","meta":{"_monsterinsights_skip_tracking":false,"_monsterinsights_sitenote_active":false,"_monsterinsights_sitenote_note":"","_monsterinsights_sitenote_category":0},"product_brand":[],"product_cat":[12304,14128],"product_tag":[],"class_list":{"0":"post-738331","1":"product","2":"type-product","3":"status-publish","5":"product_cat-tarih","6":"product_cat-yakin-tarih","7":"pa_cilt-ciltsiz","8":"pa_tur-kitap","9":"pa_yayinevi-favori-yayinlari","10":"pa_yazar-saban-iba","12":"first","13":"instock","14":"sale","15":"shipping-taxable","16":"purchasable","17":"product-type-simple"},"_links":{"self":[{"href":"https:\/\/roveyayinevi.com.tr\/index.php\/wp-json\/wp\/v2\/product\/738331","targetHints":{"allow":["GET"]}}],"collection":[{"href":"https:\/\/roveyayinevi.com.tr\/index.php\/wp-json\/wp\/v2\/product"}],"about":[{"href":"https:\/\/roveyayinevi.com.tr\/index.php\/wp-json\/wp\/v2\/types\/product"}],"wp:attachment":[{"href":"https:\/\/roveyayinevi.com.tr\/index.php\/wp-json\/wp\/v2\/media?parent=738331"}],"wp:term":[{"taxonomy":"product_brand","embeddable":true,"href":"https:\/\/roveyayinevi.com.tr\/index.php\/wp-json\/wp\/v2\/product_brand?post=738331"},{"taxonomy":"product_cat","embeddable":true,"href":"https:\/\/roveyayinevi.com.tr\/index.php\/wp-json\/wp\/v2\/product_cat?post=738331"},{"taxonomy":"product_tag","embeddable":true,"href":"https:\/\/roveyayinevi.com.tr\/index.php\/wp-json\/wp\/v2\/product_tag?post=738331"}],"curies":[{"name":"wp","href":"https:\/\/api.w.org\/{rel}","templated":true}]}}