{"id":738330,"date":"2025-08-27T23:47:48","date_gmt":"2025-08-27T20:47:48","guid":{"rendered":"https:\/\/roveyayinevi.com.tr\/index.php\/urun\/ehl-i-beytin-anadoluda-acan-gulleri\/"},"modified":"2025-11-21T07:43:39","modified_gmt":"2025-11-21T04:43:39","slug":"ehl-i-beytin-anadoluda-acan-gulleri","status":"publish","type":"product","link":"https:\/\/roveyayinevi.com.tr\/index.php\/urun\/ehl-i-beytin-anadoluda-acan-gulleri\/","title":{"rendered":"Ehl-i Beyt\u2019in Anadolu\u2019da A\u00e7an G\u00fclleri"},"content":{"rendered":"<p>Kudret sultan\u0131n\u0131n g\u00fclistan ba\u011f\u0131 Kuca\u011f\u0131nda yatan, kimdir Kerbela? Neden bitmiyor b\u00fclb\u00fcllerin f\u0131ra\u011f\u0131 Susuz \u00e7\u00f6lde \u015fehit olan, kimdir Kerbela?   \u0130krars\u0131z ki\u015filer yolundan \u015fa\u015far K\u00fcfe \u015fehrinde d\u00f6nekler ya\u015far \u00c7\u00f6l\u00fcn d\u00f6rt ucu da k\u00fcffarla hisar Ba\u015fs\u0131z \u00e7\u00f6lde kalan, kimdir Kerbela?   H\u00fcr Seyit, kat\u0131ld\u0131 H\u00fcseyin\u2019in saf\u0131na \u00d6mer Sa\u2019d girdi, Ehl-i Beyt\u2019in kan\u0131na Lanet olsun Simir senin kan\u0131na \u00c7\u00f6lde ahu figan eden, kimdir Kerbela?   \u00d6mer d\u00fcnya mal\u0131 ile tuttu y\u00fck\u00fcn\u00fc \u00c7\u00f6lde masumlar\u0131n oldu d\u00fc\u011f\u00fcn\u00fc D\u00fcnya halk\u0131 unutmad\u0131 bu ac\u0131 g\u00fcn\u00fc Ba\u015f\u0131 \u015eam\u2019a giden, kimdir Kerbela?   Z\u00fcmr\u00fct gibi ye\u015fillenir topra\u011f\u0131n Nasip olsa, ebediyen kumlu topra\u011f\u0131n Sineye \u00e7ekeyim ben de darl\u0131\u011f\u0131n G\u00fcl\u00fcn g\u00fczel g\u00fczel, kokar Kerbela. <\/p>\n","protected":false},"excerpt":{"rendered":"<p>Kudret sultan\u0131n\u0131n g\u00fclistan ba\u011f\u0131 Kuca\u011f\u0131nda yatan, kimdir Kerbela? Neden bitmiyor b\u00fclb\u00fcllerin f\u0131ra\u011f\u0131 Susuz \u00e7\u00f6lde \u015fehit olan, kimdir Kerbela? \u0130krars\u0131z ki\u015filer yolundan \u015fa\u015far K\u00fcfe \u015fehrinde d\u00f6nekler ya\u015far<span class=\"excerpt-hellip\"> [\u2026]<\/span><\/p>\n","protected":false},"featured_media":0,"template":"","meta":{"_monsterinsights_skip_tracking":false,"_monsterinsights_sitenote_active":false,"_monsterinsights_sitenote_note":"","_monsterinsights_sitenote_category":0},"product_brand":[],"product_cat":[12291,12509],"product_tag":[],"class_list":{"0":"post-738330","1":"product","2":"type-product","3":"status-publish","5":"product_cat-edebiyat","6":"product_cat-siir","7":"pa_cilt-ciltsiz","8":"pa_tur-kitap","9":"pa_yayinevi-favori-yayinlari","10":"pa_yazar-riza-alsac","12":"first","13":"instock","14":"sale","15":"shipping-taxable","16":"purchasable","17":"product-type-simple"},"_links":{"self":[{"href":"https:\/\/roveyayinevi.com.tr\/index.php\/wp-json\/wp\/v2\/product\/738330","targetHints":{"allow":["GET"]}}],"collection":[{"href":"https:\/\/roveyayinevi.com.tr\/index.php\/wp-json\/wp\/v2\/product"}],"about":[{"href":"https:\/\/roveyayinevi.com.tr\/index.php\/wp-json\/wp\/v2\/types\/product"}],"wp:attachment":[{"href":"https:\/\/roveyayinevi.com.tr\/index.php\/wp-json\/wp\/v2\/media?parent=738330"}],"wp:term":[{"taxonomy":"product_brand","embeddable":true,"href":"https:\/\/roveyayinevi.com.tr\/index.php\/wp-json\/wp\/v2\/product_brand?post=738330"},{"taxonomy":"product_cat","embeddable":true,"href":"https:\/\/roveyayinevi.com.tr\/index.php\/wp-json\/wp\/v2\/product_cat?post=738330"},{"taxonomy":"product_tag","embeddable":true,"href":"https:\/\/roveyayinevi.com.tr\/index.php\/wp-json\/wp\/v2\/product_tag?post=738330"}],"curies":[{"name":"wp","href":"https:\/\/api.w.org\/{rel}","templated":true}]}}