{"id":738329,"date":"2025-08-27T23:47:47","date_gmt":"2025-08-27T20:47:47","guid":{"rendered":"https:\/\/roveyayinevi.com.tr\/index.php\/urun\/uykuya-ovgu-uykusu-kacanlar-icin-kullanim-kilavuzu\/"},"modified":"2026-04-16T02:48:36","modified_gmt":"2026-04-15T23:48:36","slug":"uykuya-ovgu-uykusu-kacanlar-icin-kullanim-kilavuzu","status":"publish","type":"product","link":"https:\/\/roveyayinevi.com.tr\/index.php\/urun\/uykuya-ovgu-uykusu-kacanlar-icin-kullanim-kilavuzu\/","title":{"rendered":"Uykuya \u00d6vg\u00fc- Uykusu Ka\u00e7anlar \u0130\u00e7in Kullan\u0131m K\u0131lavuzu"},"content":{"rendered":"<p>Uyku&#8230; Kimilerine g\u00f6re her derde deva; bir ka\u00e7\u0131\u015f, ruhsal deneyim, \u015f\u00f6len, varl\u0131\u011f\u0131n\u0131 dayatt\u0131\u011f\u0131 kadar bedeni de yenileyen bir mola; kimilerinin ise gereksiz g\u00f6rd\u00fc\u011f\u00fc; bu devinim ve h\u0131z \u00e7a\u011f\u0131nda tembellikle, bo\u015fa harcanan zamanla \u00f6zde\u015fle\u015ftirilen alelade bir beklenti&#8230; Nas\u0131l tan\u0131mlarsak tan\u0131mlayal\u0131m, t\u00fcm insanl\u0131\u011f\u0131 bir s\u00fcreli\u011fine olsa da ayn\u0131la\u015ft\u0131ran, kimlikler, roller ve sorumluluklardan azade k\u0131lan bir ortakl\u0131k.Dalibor Frioux Uykuya \u00d6vg\u00fc&#8217;de, \u00e7a\u011fda\u015f yazarlar\u0131n kaleminden uykuya methiyeler d\u00fczen d\u00f6rt b\u00fcy\u00fck metnin yan\u0131 s\u0131ra Pessoa&#8217;dan Nietzsche&#8217;ye, Shakespeare&#8217;den Montaigne&#8217;e, Balzac&#8217;tan Duras ve Proust&#8217;a uzanan bir yelpazede, \u00e7e\u015fitli al\u0131nt\u0131lar ve pasajlar arac\u0131l\u0131\u011f\u0131yla uykunun edebiyat, felsefe ve ya\u015fama sanat\u0131nda b\u00fcr\u00fcnd\u00fc\u011f\u00fc farkl\u0131 ve\u00e7heleri ara\u015ft\u0131r\u0131p derlemeye koyuluyor. Uykunun bedendeki onar\u0131c\u0131 faaliyetlerinden farkl\u0131 k\u00fclt\u00fcr ve co\u011frafyalarda istirahate atfedilen \u00f6neme, k\u00fclt\u00fcrel inan\u0131\u015flarda ve tektanr\u0131l\u0131 dinlerdeki yans\u0131malar\u0131ndan tasar\u0131lar\u0131m\u0131z\u0131 ve rotam\u0131z\u0131 belirleyen politik boyutuna, gece antropolojisinden \u0131\u015f\u0131k ve ses kirlili\u011finin uyku kalitesine etkilerine ve nihayet Freud&#8217;un uykunun muhaf\u0131z\u0131 olarak tan\u0131mlad\u0131\u011f\u0131 r\u00fcyalara kadar geni\u015f bir panorama sunuyor.Modern insan\u0131n her hal\u00fck\u00e2rda yenik d\u00fc\u015ft\u00fc\u011f\u00fc huzurlu, sanc\u0131l\u0131, deh\u015fetli ya da deliksiz uykulara iade-i itibar kazand\u0131ran bir \u00e7al\u0131\u015fma&#8230;<\/p>\n","protected":false},"excerpt":{"rendered":"<p>Uyku&#8230; Kimilerine g\u00f6re her derde deva; bir ka\u00e7\u0131\u015f, ruhsal deneyim, \u015f\u00f6len, varl\u0131\u011f\u0131n\u0131 dayatt\u0131\u011f\u0131 kadar bedeni de yenileyen bir mola; kimilerinin ise gereksiz g\u00f6rd\u00fc\u011f\u00fc; bu devinim ve<span class=\"excerpt-hellip\"> [\u2026]<\/span><\/p>\n","protected":false},"featured_media":0,"template":"","meta":{"_monsterinsights_skip_tracking":false,"_monsterinsights_sitenote_active":false,"_monsterinsights_sitenote_note":"","_monsterinsights_sitenote_category":0},"product_brand":[],"product_cat":[12364,12376],"product_tag":[],"class_list":{"0":"post-738329","1":"product","2":"type-product","3":"status-publish","5":"product_cat-genel-konular","6":"product_cat-kisisel-gelisim","7":"pa_cilt-ciltsiz","8":"pa_tur-kitap","9":"pa_yayinevi-sel-yayincilik","10":"pa_yazar-dalibor-frioux","12":"first","13":"instock","14":"sale","15":"shipping-taxable","16":"purchasable","17":"product-type-simple"},"_links":{"self":[{"href":"https:\/\/roveyayinevi.com.tr\/index.php\/wp-json\/wp\/v2\/product\/738329","targetHints":{"allow":["GET"]}}],"collection":[{"href":"https:\/\/roveyayinevi.com.tr\/index.php\/wp-json\/wp\/v2\/product"}],"about":[{"href":"https:\/\/roveyayinevi.com.tr\/index.php\/wp-json\/wp\/v2\/types\/product"}],"wp:attachment":[{"href":"https:\/\/roveyayinevi.com.tr\/index.php\/wp-json\/wp\/v2\/media?parent=738329"}],"wp:term":[{"taxonomy":"product_brand","embeddable":true,"href":"https:\/\/roveyayinevi.com.tr\/index.php\/wp-json\/wp\/v2\/product_brand?post=738329"},{"taxonomy":"product_cat","embeddable":true,"href":"https:\/\/roveyayinevi.com.tr\/index.php\/wp-json\/wp\/v2\/product_cat?post=738329"},{"taxonomy":"product_tag","embeddable":true,"href":"https:\/\/roveyayinevi.com.tr\/index.php\/wp-json\/wp\/v2\/product_tag?post=738329"}],"curies":[{"name":"wp","href":"https:\/\/api.w.org\/{rel}","templated":true}]}}