{"id":738327,"date":"2025-08-27T23:47:45","date_gmt":"2025-08-27T20:47:45","guid":{"rendered":"https:\/\/roveyayinevi.com.tr\/index.php\/urun\/klasik-okumalari-ii-tutunamayanlar-cagi\/"},"modified":"2026-04-16T02:48:36","modified_gmt":"2026-04-15T23:48:36","slug":"klasik-okumalari-ii-tutunamayanlar-cagi","status":"publish","type":"product","link":"https:\/\/roveyayinevi.com.tr\/index.php\/urun\/klasik-okumalari-ii-tutunamayanlar-cagi\/","title":{"rendered":"Klasik Okumalar\u0131 &#8211; II- Tutunamayanlar \u00c7a\u011f\u0131"},"content":{"rendered":"<p>&#8220;Klasikleri&#8221; neden okuruz? Hem edebi hem de ki\u015fisel a\u00e7\u0131dan farkl\u0131 geleneklerden gelen yazarlar\u0131n neredeyse y\u00fczy\u0131llar boyu denilebilecek uzun bir tarihsel aral\u0131kta ortaya \u00e7\u0131km\u0131\u015f eserleri neden &#8220;klasik&#8221; ba\u015fl\u0131\u011f\u0131 alt\u0131nda toplan\u0131r? Klasik romanlar\u0131n kahramanlar\u0131 neden kitap sayfalar\u0131ndan ta\u015far ve etkisi ku\u015faklar boyu s\u00fcrecek, ilham verici toplumsal fig\u00fcrler olarak \u00f6l\u00fcms\u00fczle\u015fir?Klasik romanlar\u0131 ve kahramanlar\u0131n\u0131 yaz\u0131ld\u0131\u011f\u0131 tarihteki tayin edici d\u00f6neme\u00e7leri \u0131skalamadan, s\u0131n\u0131fsal, siyasal ve sosyoekonomik d\u00f6n\u00fc\u015f\u00fcmler \u0131\u015f\u0131\u011f\u0131nda ele alan Ferit Burak Aydar, &#8220;Klasik Okumalar\u0131&#8221; serisinin II. cildi Tutunamayanlar \u00c7a\u011f\u0131&#8217;nda kapitalizmin devrimci potansiyellerini yitirdi\u011fi emperyalizm \u00e7a\u011f\u0131nda kaleme al\u0131nan metinlere odaklan\u0131yor.Umudun \u00f6lmeye y\u00fcz tuttu\u011fu bu d\u00f6nemde filizlenen modernist roman gelene\u011finin &#8220;kendi elleriyle yaratt\u0131\u011f\u0131 d\u00fcnya kar\u015f\u0131s\u0131nda aciz&#8221;, &#8220;atomlar\u0131na ayr\u0131lm\u0131\u015f&#8221; ve &#8220;par\u00e7alanm\u0131\u015f&#8221; ba\u015fkarakterlerinin \u00e7etrefilli d\u00fcnyalar\u0131n\u0131 a\u00e7\u0131\u011fa kavu\u015fturuyor. Roman t\u00fcr\u00fcn\u00fcn geli\u015fiminin belki de en \u00e7ok ivme kazand\u0131\u011f\u0131 \u00e7a\u011fda hayat bulmu\u015f Faust, Oblomov, Dedalus, Clarissa, Josef K., Gatsby, Marcel ve Swann gibi \u00f6l\u00fcms\u00fczle\u015fen karakterlerle, vak\u0131f olunabilir ger\u00e7ekli\u011fin s\u0131n\u0131rlar\u0131n\u0131 a\u015farak, anl\u0131k izlenimlerin kaydedildi\u011fi bilin\u00e7ten yans\u0131yan ger\u00e7ekli\u011fin h\u00e2kimiyetine giren eserlere ayd\u0131nlat\u0131c\u0131 bir yakla\u015f\u0131m&#8230;<\/p>\n","protected":false},"excerpt":{"rendered":"<p>&#8220;Klasikleri&#8221; neden okuruz? Hem edebi hem de ki\u015fisel a\u00e7\u0131dan farkl\u0131 geleneklerden gelen yazarlar\u0131n neredeyse y\u00fczy\u0131llar boyu denilebilecek uzun bir tarihsel aral\u0131kta ortaya \u00e7\u0131km\u0131\u015f eserleri neden &#8220;klasik&#8221;<span class=\"excerpt-hellip\"> [\u2026]<\/span><\/p>\n","protected":false},"featured_media":0,"template":"","meta":{"_monsterinsights_skip_tracking":false,"_monsterinsights_sitenote_active":false,"_monsterinsights_sitenote_note":"","_monsterinsights_sitenote_category":0},"product_brand":[],"product_cat":[13072,12291],"product_tag":[],"class_list":{"0":"post-738327","1":"product","2":"type-product","3":"status-publish","5":"product_cat-arastirma-inceleme-referans","6":"product_cat-edebiyat","7":"pa_cilt-ciltsiz","8":"pa_tur-kitap","9":"pa_yayinevi-sel-yayincilik","10":"pa_yazar-ferit-burak-aydar","12":"first","13":"instock","14":"sale","15":"shipping-taxable","16":"purchasable","17":"product-type-simple"},"_links":{"self":[{"href":"https:\/\/roveyayinevi.com.tr\/index.php\/wp-json\/wp\/v2\/product\/738327","targetHints":{"allow":["GET"]}}],"collection":[{"href":"https:\/\/roveyayinevi.com.tr\/index.php\/wp-json\/wp\/v2\/product"}],"about":[{"href":"https:\/\/roveyayinevi.com.tr\/index.php\/wp-json\/wp\/v2\/types\/product"}],"wp:attachment":[{"href":"https:\/\/roveyayinevi.com.tr\/index.php\/wp-json\/wp\/v2\/media?parent=738327"}],"wp:term":[{"taxonomy":"product_brand","embeddable":true,"href":"https:\/\/roveyayinevi.com.tr\/index.php\/wp-json\/wp\/v2\/product_brand?post=738327"},{"taxonomy":"product_cat","embeddable":true,"href":"https:\/\/roveyayinevi.com.tr\/index.php\/wp-json\/wp\/v2\/product_cat?post=738327"},{"taxonomy":"product_tag","embeddable":true,"href":"https:\/\/roveyayinevi.com.tr\/index.php\/wp-json\/wp\/v2\/product_tag?post=738327"}],"curies":[{"name":"wp","href":"https:\/\/api.w.org\/{rel}","templated":true}]}}