{"id":738326,"date":"2025-08-27T23:47:43","date_gmt":"2025-08-27T20:47:43","guid":{"rendered":"https:\/\/roveyayinevi.com.tr\/index.php\/urun\/bir-uretim-mekani-olarak-beyoglu-duserse\/"},"modified":"2026-04-16T02:48:36","modified_gmt":"2026-04-15T23:48:36","slug":"bir-uretim-mekani-olarak-beyoglu-duserse","status":"publish","type":"product","link":"https:\/\/roveyayinevi.com.tr\/index.php\/urun\/bir-uretim-mekani-olarak-beyoglu-duserse\/","title":{"rendered":"Bir \u00dcretim Mekan\u0131 Olarak-  Beyo\u011flu D\u00fc\u015ferse"},"content":{"rendered":"<p>Y\u00fczy\u0131llard\u0131r zaman\u0131n \u00f6tesinde ve alternatif bir k\u00fclt\u00fcrel canl\u0131l\u0131\u011f\u0131n temsili olan Beyo\u011flu, modernle\u015fme tarihi boyunca muktedirler taraf\u0131ndan gelene\u011fin kar\u015f\u0131s\u0131na konumland\u0131r\u0131lm\u0131\u015ft\u0131r.Sanat ve edebiyat camias\u0131n\u0131n u\u011frak mek\u00e2nlar\u0131na odaklanmay\u0131 ve buralardaki ili\u015fkiler \u00fczerinden &#8220;kaybettiklerimiz&#8221;i saptamay\u0131 bu ba\u011flamda hedefleyen Burcu Pelvano\u011flu, kar\u015f\u0131la\u015ft\u0131rmal\u0131 bir Beyo\u011flu kroni\u011fi kaleme al\u0131yor. Modernizm paradigmas\u0131 \u00e7er\u00e7evesinde &#8220;Tanzimat&#8217;tan 6-7 Eyl\u00fcl&#8217;e&#8221; ve &#8220;6-7 Eyl\u00fcl&#8217;den G\u00fcn\u00fcm\u00fcze&#8221; olmak \u00fczere iki ana ba\u015fl\u0131\u011fa ay\u0131rd\u0131\u011f\u0131 Beyo\u011flu&#8217;nun ald\u0131\u011f\u0131 \u00fc\u00e7\u00fcnc\u00fc k\u00fclt\u00fcrel viraj\u0131 da g\u00f6zden ka\u00e7\u0131rmadan; sermayenin elde\u011fi\u015fimi \u00e7er\u00e7evesinde 2010&#8217;lar itibar\u0131yla b\u00fct\u00fcn\u00fcyle \u00e7ehre de\u011fi\u015ftiren yeni T\u00fcrkiye-yeni Beyo\u011flu&#8217;na dair g\u00f6zlemlerine de yer veriyor. Ka\u00e7\u0131n\u0131lmaz olarak bir d\u00fc\u015fman yaratmaktan beslenen fakat nihayetinde ba\u015fka bir forma b\u00fcr\u00fcnen eklektik milliyet\u00e7i d\u00fc\u015f\u00fcncenin geli\u015fiminden, yerellik-evrensellik tart\u0131\u015fmalar\u0131ndan, sermaye ve k\u00e2r odaklar\u0131n\u0131n rantabilite hesaplar\u0131ndan nasibini alan k\u00fclt\u00fcr-sanat merkezi Beyo\u011flu&#8217;nun ald\u0131\u011f\u0131 her g\u00f6\u00e7 dalgas\u0131yla yeniden \u015fekillenen demografik yap\u0131s\u0131n\u0131n k\u0131r\u0131lganl\u0131\u011f\u0131n\u0131, modernlik kar\u015f\u0131t\u0131 kurucu nostaljinin tuzaklar\u0131na d\u00fc\u015fmeksizin vurguluyor.Taksim Bah\u00e7esi&#8217;nden Gardenbar&#8217;a, Narmanl\u0131 Han&#8217;dan Lebon&#8217;a, Cumhuriyet Meyhanesi&#8217;nden M\u0131s\u0131r Apartman\u0131&#8217;na, Maya Sanat Galerisi&#8217;nden AKM&#8217;ye ve nihayet Sefahathane&#8217;den Kemanc\u0131&#8217;ya, say\u0131s\u0131z mek\u00e2n\u0131n, an\u0131n\u0131n ve tan\u0131kl\u0131\u011f\u0131n \u0131\u015f\u0131\u011f\u0131nda bir kentsel haf\u0131za temrini&#8230;<\/p>\n","protected":false},"excerpt":{"rendered":"<p>Y\u00fczy\u0131llard\u0131r zaman\u0131n \u00f6tesinde ve alternatif bir k\u00fclt\u00fcrel canl\u0131l\u0131\u011f\u0131n temsili olan Beyo\u011flu, modernle\u015fme tarihi boyunca muktedirler taraf\u0131ndan gelene\u011fin kar\u015f\u0131s\u0131na konumland\u0131r\u0131lm\u0131\u015ft\u0131r.Sanat ve edebiyat camias\u0131n\u0131n u\u011frak mek\u00e2nlar\u0131na odaklanmay\u0131 ve<span class=\"excerpt-hellip\"> [\u2026]<\/span><\/p>\n","protected":false},"featured_media":0,"template":"","meta":{"_monsterinsights_skip_tracking":false,"_monsterinsights_sitenote_active":false,"_monsterinsights_sitenote_note":"","_monsterinsights_sitenote_category":0},"product_brand":[],"product_cat":[13072,12291],"product_tag":[],"class_list":{"0":"post-738326","1":"product","2":"type-product","3":"status-publish","5":"product_cat-arastirma-inceleme-referans","6":"product_cat-edebiyat","7":"pa_cilt-ciltsiz","8":"pa_tur-kitap","9":"pa_yayinevi-sel-yayincilik","10":"pa_yazar-burcu-pelvanoglu","12":"first","13":"instock","14":"sale","15":"shipping-taxable","16":"purchasable","17":"product-type-simple"},"_links":{"self":[{"href":"https:\/\/roveyayinevi.com.tr\/index.php\/wp-json\/wp\/v2\/product\/738326","targetHints":{"allow":["GET"]}}],"collection":[{"href":"https:\/\/roveyayinevi.com.tr\/index.php\/wp-json\/wp\/v2\/product"}],"about":[{"href":"https:\/\/roveyayinevi.com.tr\/index.php\/wp-json\/wp\/v2\/types\/product"}],"wp:attachment":[{"href":"https:\/\/roveyayinevi.com.tr\/index.php\/wp-json\/wp\/v2\/media?parent=738326"}],"wp:term":[{"taxonomy":"product_brand","embeddable":true,"href":"https:\/\/roveyayinevi.com.tr\/index.php\/wp-json\/wp\/v2\/product_brand?post=738326"},{"taxonomy":"product_cat","embeddable":true,"href":"https:\/\/roveyayinevi.com.tr\/index.php\/wp-json\/wp\/v2\/product_cat?post=738326"},{"taxonomy":"product_tag","embeddable":true,"href":"https:\/\/roveyayinevi.com.tr\/index.php\/wp-json\/wp\/v2\/product_tag?post=738326"}],"curies":[{"name":"wp","href":"https:\/\/api.w.org\/{rel}","templated":true}]}}