{"id":738324,"date":"2025-08-27T23:47:40","date_gmt":"2025-08-27T20:47:40","guid":{"rendered":"https:\/\/roveyayinevi.com.tr\/index.php\/urun\/olum-can-dusmanim\/"},"modified":"2026-04-16T02:48:36","modified_gmt":"2026-04-15T23:48:36","slug":"olum-can-dusmanim","status":"publish","type":"product","link":"https:\/\/roveyayinevi.com.tr\/index.php\/urun\/olum-can-dusmanim\/","title":{"rendered":"\u00d6l\u00fcm Can D\u00fc\u015fman\u0131m"},"content":{"rendered":"<p>Nobel \u00d6d\u00fcll\u00fc Elias Canetti&#8217;nin ya\u015fad\u0131\u011f\u0131 a\u011f\u0131r bir ruhsal sars\u0131nt\u0131 neticesinde do\u011fan \u00d6l\u00fcm Can D\u00fc\u015fman\u0131m, d\u00fcnyay\u0131 de\u011fi\u015ftirmeyi ama\u00e7layan g\u00fc\u00e7l\u00fc bir isten\u00e7, bir ya\u015fam projesidir.Canilerde, diktat\u00f6rlerde, efsanelerde, d\u00fcnya tarihine damga vurmu\u015f kesitlerde, edebiyat ve filozoflar\u0131n g\u00f6r\u00fc\u015f al\u0131\u015fveri\u015flerinde, ki\u015fisel deneyimlerde, an\u0131larda, kalbi halihaz\u0131rda atmay\u0131 s\u00fcrd\u00fcrenlerde ve ya\u015fam\u0131n abs\u00fcrtl\u00fc\u011f\u00fcnde anlam bulan \u00f6l\u00fcm\u00fcn anatomisini \u00e7\u0131karan Canetti, \u00f6l\u00fcme dair insani bir korkunun aksine me\u015fum bir nefretten beslenir ve ona kar\u015f\u0131, canl\u0131lar\u0131 bu d\u00fcnyadan koparan yeg\u00e2ne katilmi\u015f\u00e7esine Don Ki\u015fotvari bir sava\u015f verir. \u0130syan\u0131 ise elbette Tanr\u0131&#8217;yad\u0131r.Canetti&#8217;nin II. D\u00fcnya Sava\u015f\u0131&#8217;n\u0131n \u00e7etin ve amans\u0131z g\u00fcnlerinde ba\u015flad\u0131\u011f\u0131, 50 y\u0131l\u0131 a\u015fk\u0131n bir s\u00fcre boyunca da hakk\u0131nda yazmaktan geri durmad\u0131\u011f\u0131 bu k\u0131\u015fk\u0131rt\u0131c\u0131 &#8220;anti-\u00f6l\u00fcm abidesi&#8221;, terk-i diyar eylemi\u015flere bir sayg\u0131 duru\u015fu, nefes al\u0131p vermeyi s\u00fcrd\u00fcren bizler i\u00e7inse diren\u00e7 kayna\u011f\u0131 niteli\u011fi ta\u015f\u0131yor&#8230;<\/p>\n","protected":false},"excerpt":{"rendered":"<p>Nobel \u00d6d\u00fcll\u00fc Elias Canetti&#8217;nin ya\u015fad\u0131\u011f\u0131 a\u011f\u0131r bir ruhsal sars\u0131nt\u0131 neticesinde do\u011fan \u00d6l\u00fcm Can D\u00fc\u015fman\u0131m, d\u00fcnyay\u0131 de\u011fi\u015ftirmeyi ama\u00e7layan g\u00fc\u00e7l\u00fc bir isten\u00e7, bir ya\u015fam projesidir.Canilerde, diktat\u00f6rlerde, efsanelerde, d\u00fcnya<span class=\"excerpt-hellip\"> [\u2026]<\/span><\/p>\n","protected":false},"featured_media":0,"template":"","meta":{"_monsterinsights_skip_tracking":false,"_monsterinsights_sitenote_active":false,"_monsterinsights_sitenote_note":"","_monsterinsights_sitenote_category":0},"product_brand":[],"product_cat":[13661,12291],"product_tag":[],"class_list":{"0":"post-738324","1":"product","2":"type-product","3":"status-publish","5":"product_cat-diger-ulke-edebiyatlari","6":"product_cat-edebiyat","7":"pa_cilt-ciltsiz","8":"pa_tur-kitap","9":"pa_yayinevi-sel-yayincilik","10":"pa_yazar-elias-canetti","12":"first","13":"instock","14":"sale","15":"shipping-taxable","16":"purchasable","17":"product-type-simple"},"_links":{"self":[{"href":"https:\/\/roveyayinevi.com.tr\/index.php\/wp-json\/wp\/v2\/product\/738324","targetHints":{"allow":["GET"]}}],"collection":[{"href":"https:\/\/roveyayinevi.com.tr\/index.php\/wp-json\/wp\/v2\/product"}],"about":[{"href":"https:\/\/roveyayinevi.com.tr\/index.php\/wp-json\/wp\/v2\/types\/product"}],"wp:attachment":[{"href":"https:\/\/roveyayinevi.com.tr\/index.php\/wp-json\/wp\/v2\/media?parent=738324"}],"wp:term":[{"taxonomy":"product_brand","embeddable":true,"href":"https:\/\/roveyayinevi.com.tr\/index.php\/wp-json\/wp\/v2\/product_brand?post=738324"},{"taxonomy":"product_cat","embeddable":true,"href":"https:\/\/roveyayinevi.com.tr\/index.php\/wp-json\/wp\/v2\/product_cat?post=738324"},{"taxonomy":"product_tag","embeddable":true,"href":"https:\/\/roveyayinevi.com.tr\/index.php\/wp-json\/wp\/v2\/product_tag?post=738324"}],"curies":[{"name":"wp","href":"https:\/\/api.w.org\/{rel}","templated":true}]}}