{"id":738323,"date":"2025-08-27T23:47:39","date_gmt":"2025-08-27T20:47:39","guid":{"rendered":"https:\/\/roveyayinevi.com.tr\/index.php\/urun\/deneyimler-ciltli\/"},"modified":"2026-04-16T02:48:36","modified_gmt":"2026-04-15T23:48:36","slug":"deneyimler-ciltli","status":"publish","type":"product","link":"https:\/\/roveyayinevi.com.tr\/index.php\/urun\/deneyimler-ciltli\/","title":{"rendered":"Deneyimler (Ciltli)"},"content":{"rendered":"<p>Deneyimler \u0130nsan Payla\u015ft\u0131k\u00e7a \u00c7o\u011fal\u0131r       \u00d6mer Aras, alt\u0131 y\u0131l\u0131 akademisyenlik, otuz yedi y\u0131l\u0131 bankac\u0131l\u0131kla ge\u00e7en i\u015f hayat\u0131 deneyiminden s\u00fczd\u00fc\u011f\u00fc y\u00f6neticilik ilkelerini payla\u015f\u0131yor.   \u201cDeneyimler\u2019in \u00fcslubu o kadar samimi, kurgusu o kadar ak\u0131c\u0131 ki, sanki yazar kar\u015f\u0131n\u0131za oturmu\u015f, s\u00fcr\u00fckleyici hayat\u0131yla harmanlad\u0131\u011f\u0131 y\u00f6neticilik ilkelerini do\u011frudan size anlat\u0131yor gibi gelebilir. Onu p\u00fcr dikkat dinleyen herkesin \u00f6\u011frenece\u011fi \u00e7ok \u015fey var. Bankac\u0131ysan\u0131z ayr\u0131 bir zevk alaca\u011f\u0131n\u0131z kesin. Payla\u015ft\u0131\u011f\u0131 \u00f6rnekler ve benimsedi\u011fi ilkeler ise her sekt\u00f6rden y\u00f6neticiler i\u00e7in fevkalade yararl\u0131.\u201d   CEM KOZLU     \u201c\u00d6mer Aras, uzmanl\u0131k ve uzun y\u00f6neticilik y\u0131llar\u0131ndaki deneyimlerini akademisyenlikte edindi\u011fi teorik de\u011ferlendirme yetene\u011fiyle birle\u015ftirerek ola\u011fan\u00fcst\u00fc yararl\u0131 bir kitap yazm\u0131\u015f. Teoriyle uygulaman\u0131n adeta dans etti\u011fi bu kitap, \u00f6\u011frencilere, \u00f6\u011fretim \u00fcyelerine, uzmanlara ve y\u00f6neticilere yol g\u00f6sterici derslerle dolu. Pek \u00e7ok \u015fey \u00f6\u011frendi\u011fim bu kitab\u0131 herkesin okumas\u0131 gerekti\u011fini i\u00e7tenlikle s\u00f6yleyebilirim.\u201d   MAHF\u0130 E\u011e\u0130LMEZ     Lider y\u00f6neticinin maharetinin, havay\u0131 do\u011fru koklayarak riskleri tehdit olmaktan \u00e7\u0131kar\u0131p, zorluklar\u0131 f\u0131rsata d\u00f6n\u00fc\u015ft\u00fcrmekten ge\u00e7ti\u011fini \u015fahsi ser\u00fcveniyle i\u00e7 i\u00e7e anlatan \u00d6mer Aras, i\u015f d\u00fcnyas\u0131n\u0131 gelece\u011fin liderlerine e\u015fsiz bir i\u00e7g\u00f6r\u00fcyle sunuyor. Ba\u015far\u0131n\u0131n temelinde yatan denge oyununun s\u0131rlar\u0131 bu kitapta.   TUNCAY \u00d6Z\u0130LHAN     \u201c\u00d6mer Aras\u2019\u0131n hayat yolculu\u011fu ilham veriyor, cesaretlendiriyor, g\u00fcld\u00fcr\u00fcyor, hislendiriyor, haz\u0131rl\u0131yor ve hat\u0131rlat\u0131yor. Kitapta kendinizi buluyor, kendi yolculu\u011funuzda arad\u0131klar\u0131n\u0131zla y\u00fczle\u015fiyorsunuz. Hayat\u0131n her a\u00e7\u0131s\u0131 ve a\u015famas\u0131ndan \u00f6\u011frenme ve payla\u015fma gere\u011fini \u00f6n\u00fcn\u00fcze koyuyor. G\u00f6zlem, \u00f6\u011frenme ve a\u015fmay\u0131 ya\u015fam bi\u00e7imi haline getirmi\u015f bir i\u015f insan\u0131, bir baba, bir evlat ve bir yol arkada\u015f\u0131yla T\u00fcrkiye\u2019nin son k\u0131rk y\u0131l\u0131.\u201d   \u00dcM\u0130T BOYNER <\/p>\n","protected":false},"excerpt":{"rendered":"<p>Deneyimler \u0130nsan Payla\u015ft\u0131k\u00e7a \u00c7o\u011fal\u0131r \u00d6mer Aras, alt\u0131 y\u0131l\u0131 akademisyenlik, otuz yedi y\u0131l\u0131 bankac\u0131l\u0131kla ge\u00e7en i\u015f hayat\u0131 deneyiminden s\u00fczd\u00fc\u011f\u00fc y\u00f6neticilik ilkelerini payla\u015f\u0131yor. \u201cDeneyimler\u2019in \u00fcslubu o kadar samimi,<span class=\"excerpt-hellip\"> [\u2026]<\/span><\/p>\n","protected":false},"featured_media":0,"template":"","meta":{"_monsterinsights_skip_tracking":false,"_monsterinsights_sitenote_active":false,"_monsterinsights_sitenote_note":"","_monsterinsights_sitenote_category":0},"product_brand":[],"product_cat":[13701,12291],"product_tag":[],"class_list":{"0":"post-738323","1":"product","2":"type-product","3":"status-publish","5":"product_cat-ani-mektup-gunluk","6":"product_cat-edebiyat","7":"pa_cilt-ciltli","8":"pa_tur-kitap","9":"pa_yayinevi-remzi-kitabevi","10":"pa_yazar-omer-aras","12":"first","13":"instock","14":"sale","15":"shipping-taxable","16":"purchasable","17":"product-type-simple"},"_links":{"self":[{"href":"https:\/\/roveyayinevi.com.tr\/index.php\/wp-json\/wp\/v2\/product\/738323","targetHints":{"allow":["GET"]}}],"collection":[{"href":"https:\/\/roveyayinevi.com.tr\/index.php\/wp-json\/wp\/v2\/product"}],"about":[{"href":"https:\/\/roveyayinevi.com.tr\/index.php\/wp-json\/wp\/v2\/types\/product"}],"wp:attachment":[{"href":"https:\/\/roveyayinevi.com.tr\/index.php\/wp-json\/wp\/v2\/media?parent=738323"}],"wp:term":[{"taxonomy":"product_brand","embeddable":true,"href":"https:\/\/roveyayinevi.com.tr\/index.php\/wp-json\/wp\/v2\/product_brand?post=738323"},{"taxonomy":"product_cat","embeddable":true,"href":"https:\/\/roveyayinevi.com.tr\/index.php\/wp-json\/wp\/v2\/product_cat?post=738323"},{"taxonomy":"product_tag","embeddable":true,"href":"https:\/\/roveyayinevi.com.tr\/index.php\/wp-json\/wp\/v2\/product_tag?post=738323"}],"curies":[{"name":"wp","href":"https:\/\/api.w.org\/{rel}","templated":true}]}}