{"id":738321,"date":"2025-08-27T23:47:37","date_gmt":"2025-08-27T20:47:37","guid":{"rendered":"https:\/\/roveyayinevi.com.tr\/index.php\/urun\/ibrahim-yildirim-ile-uzun-bir-pesrev-alacakaranlikta-karnaval\/"},"modified":"2026-04-16T02:48:36","modified_gmt":"2026-04-15T23:48:36","slug":"ibrahim-yildirim-ile-uzun-bir-pesrev-alacakaranlikta-karnaval","status":"publish","type":"product","link":"https:\/\/roveyayinevi.com.tr\/index.php\/urun\/ibrahim-yildirim-ile-uzun-bir-pesrev-alacakaranlikta-karnaval\/","title":{"rendered":"\u0130brahim Y\u0131ld\u0131r\u0131m \u0130le Uzun Bir Pe\u015frev Alacakaranl\u0131kta Karnaval"},"content":{"rendered":"<p>Alacakaranl\u0131kta Karnaval \u2013 \u0130brahim Y\u0131ld\u0131r\u0131m ile Uzun Bir Pe\u015frev kitab\u0131nda \u00f6zne \u0130brahim Y\u0131ld\u0131r\u0131m, yer \u0130stanbul, konumuz edebiyat. Bilhassa son elli y\u0131l\u0131n T\u00fcrk edebiyat\u0131\u2026 \u0130brahim Y\u0131ld\u0131r\u0131m, bankac\u0131l\u0131k ve reklamc\u0131l\u0131kla ya\u015fam\u0131n\u0131 s\u00fcrd\u00fcr\u00fcrken, hep edebiyat d\u00fcnyas\u0131n\u0131n i\u00e7inde olsa da kenarda durup g\u00f6zlem yapmay\u0131, biriktirmeyi ve en \u00e7ok yazmay\u0131 tercih etmi\u015f tam tekmil bir edebiyat insan\u0131 olarak bu kez konu\u015fuyor. T\u0131pk\u0131 romanlar\u0131ndaki gibi, al\u0131\u015f\u0131lm\u0131\u015f\u0131n d\u0131\u015f\u0131nda bir nehir s\u00f6yle\u015fi bu. R\u0131za K\u0131ra\u00e7 kli\u015felerden uzak soruyor, \u0130brahim Y\u0131ld\u0131r\u0131m yine romanlar\u0131ndaki gibi anlat\u0131yor. Kendisi do\u011fmadan \u00f6nce \u00e7ekilmi\u015f kalabal\u0131k bir d\u00fc\u011f\u00fcn foto\u011fraf\u0131n\u0131n hik\u00e2yesiyle ba\u015fl\u0131yor sohbet. Bir ileri bir geri s\u0131\u00e7ramalarla seyrediyor. Bu foto\u011fraf\u0131n yazd\u0131rd\u0131\u011f\u0131 ancak hen\u00fcz tamamlanmam\u0131\u015f \u201croman\u201dla sona eriyor. An\u0131lar\u0131, arkada\u015fl\u0131klar\u0131, tan\u0131kl\u0131klar\u0131na 70\u2019li y\u0131llardan bug\u00fcne b\u00fct\u00fcn bir edebiyat \u00e7evresi ve elbette \u0130stanbul\u2019un semtleri de dahil oluyor.. Alacakaranl\u0131kta Karnaval \u2013 \u0130brahim Y\u0131ld\u0131r\u0131m ile Uzun Bir Pe\u015frev, birbirinden usta i\u015fi romanlar\u0131yla tan\u0131d\u0131\u011f\u0131m\u0131z Y\u0131ld\u0131r\u0131m\u2019\u0131n kendi d\u00fcnyas\u0131n\u0131 ortaya koyuyor. <\/p>\n","protected":false},"excerpt":{"rendered":"<p>Alacakaranl\u0131kta Karnaval \u2013 \u0130brahim Y\u0131ld\u0131r\u0131m ile Uzun Bir Pe\u015frev kitab\u0131nda \u00f6zne \u0130brahim Y\u0131ld\u0131r\u0131m, yer \u0130stanbul, konumuz edebiyat. Bilhassa son elli y\u0131l\u0131n T\u00fcrk edebiyat\u0131\u2026 \u0130brahim Y\u0131ld\u0131r\u0131m, bankac\u0131l\u0131k<span class=\"excerpt-hellip\"> [\u2026]<\/span><\/p>\n","protected":false},"featured_media":0,"template":"","meta":{"_monsterinsights_skip_tracking":false,"_monsterinsights_sitenote_active":false,"_monsterinsights_sitenote_note":"","_monsterinsights_sitenote_category":0},"product_brand":[],"product_cat":[12291,30969],"product_tag":[],"class_list":{"0":"post-738321","1":"product","2":"type-product","3":"status-publish","5":"product_cat-edebiyat","6":"product_cat-soylesi-edebiyat","7":"pa_cilt-ciltsiz","8":"pa_tur-kitap","9":"pa_yayinevi-kirmizi-kedi-yayinevi","10":"pa_yazar-riza-kirac","12":"first","13":"instock","14":"sale","15":"shipping-taxable","16":"purchasable","17":"product-type-simple"},"_links":{"self":[{"href":"https:\/\/roveyayinevi.com.tr\/index.php\/wp-json\/wp\/v2\/product\/738321","targetHints":{"allow":["GET"]}}],"collection":[{"href":"https:\/\/roveyayinevi.com.tr\/index.php\/wp-json\/wp\/v2\/product"}],"about":[{"href":"https:\/\/roveyayinevi.com.tr\/index.php\/wp-json\/wp\/v2\/types\/product"}],"wp:attachment":[{"href":"https:\/\/roveyayinevi.com.tr\/index.php\/wp-json\/wp\/v2\/media?parent=738321"}],"wp:term":[{"taxonomy":"product_brand","embeddable":true,"href":"https:\/\/roveyayinevi.com.tr\/index.php\/wp-json\/wp\/v2\/product_brand?post=738321"},{"taxonomy":"product_cat","embeddable":true,"href":"https:\/\/roveyayinevi.com.tr\/index.php\/wp-json\/wp\/v2\/product_cat?post=738321"},{"taxonomy":"product_tag","embeddable":true,"href":"https:\/\/roveyayinevi.com.tr\/index.php\/wp-json\/wp\/v2\/product_tag?post=738321"}],"curies":[{"name":"wp","href":"https:\/\/api.w.org\/{rel}","templated":true}]}}