{"id":738320,"date":"2025-08-27T23:47:36","date_gmt":"2025-08-27T20:47:36","guid":{"rendered":"https:\/\/roveyayinevi.com.tr\/index.php\/urun\/leonard-cohen\/"},"modified":"2026-04-16T02:48:36","modified_gmt":"2026-04-15T23:48:36","slug":"leonard-cohen","status":"publish","type":"product","link":"https:\/\/roveyayinevi.com.tr\/index.php\/urun\/leonard-cohen\/","title":{"rendered":"Leonard Cohen"},"content":{"rendered":"<p>\u201cGEN\u00c7L\u0130KLER\u0130NDE B\u0130R G\u00dcN LEONARD COHEN\u2019\u0130N SES\u0130N\u0130 D\u0130NLEYENLER, MEVCUD\u0130YETLER\u0130N\u0130N B\u0130R NOKTASINDA, YEN\u0130 B\u0130R A\u015eKA YA DA \u015e\u0130\u015eEYE BA\u015eLAMADAN VEYA TERK ED\u0130LMEDEN \u00d6NCE \u0130LLA K\u0130 \u00dc\u015e\u00dcYECEKLER\u0130N\u0130, BA\u015eKALARININ ARASINDA KEND\u0130LER\u0130N\u0130 \u00c7OK YALNIZ H\u0130SSETMEKTEN KORKACAKLARINI, BAZEN D\u00dcNYAYA H\u0130\u00c7 GELMEMEN\u0130N BELK\u0130 DE DAHA \u0130Y\u0130 OLDU\u011eUNU D\u00dc\u015e\u00dcNECEKLER\u0130N\u0130 \u00c7OK ERKEN \u00d6\u011eREND\u0130LER.\u201d &#8211; Mishka Assayas   21. y\u00fczy\u0131l\u0131n en modern, en klasik, en tavizsiz, en net ve en karma\u015f\u0131k ozan\u0131n\u0131n hayat\u0131ndan enstantanelerle dolu bir \u00e7izgi roman. Kahveniz ve m\u00fczi\u011finiz haz\u0131rsa ba\u015flay\u0131n&#8230; <\/p>\n","protected":false},"excerpt":{"rendered":"<p>\u201cGEN\u00c7L\u0130KLER\u0130NDE B\u0130R G\u00dcN LEONARD COHEN\u2019\u0130N SES\u0130N\u0130 D\u0130NLEYENLER, MEVCUD\u0130YETLER\u0130N\u0130N B\u0130R NOKTASINDA, YEN\u0130 B\u0130R A\u015eKA YA DA \u015e\u0130\u015eEYE BA\u015eLAMADAN VEYA TERK ED\u0130LMEDEN \u00d6NCE \u0130LLA K\u0130 \u00dc\u015e\u00dcYECEKLER\u0130N\u0130, BA\u015eKALARININ ARASINDA<span class=\"excerpt-hellip\"> [\u2026]<\/span><\/p>\n","protected":false},"featured_media":0,"template":"","meta":{"_monsterinsights_skip_tracking":false,"_monsterinsights_sitenote_active":false,"_monsterinsights_sitenote_note":"","_monsterinsights_sitenote_category":0},"product_brand":[],"product_cat":[12416,12291],"product_tag":[],"class_list":{"0":"post-738320","1":"product","2":"type-product","3":"status-publish","5":"product_cat-cizgi-roman","6":"product_cat-edebiyat","7":"pa_cilt-ciltsiz","8":"pa_tur-kitap","9":"pa_yayinevi-kara-karga-yayinlari","10":"pa_yazar-philippe-girard","12":"first","13":"instock","14":"sale","15":"shipping-taxable","16":"purchasable","17":"product-type-simple"},"_links":{"self":[{"href":"https:\/\/roveyayinevi.com.tr\/index.php\/wp-json\/wp\/v2\/product\/738320","targetHints":{"allow":["GET"]}}],"collection":[{"href":"https:\/\/roveyayinevi.com.tr\/index.php\/wp-json\/wp\/v2\/product"}],"about":[{"href":"https:\/\/roveyayinevi.com.tr\/index.php\/wp-json\/wp\/v2\/types\/product"}],"wp:attachment":[{"href":"https:\/\/roveyayinevi.com.tr\/index.php\/wp-json\/wp\/v2\/media?parent=738320"}],"wp:term":[{"taxonomy":"product_brand","embeddable":true,"href":"https:\/\/roveyayinevi.com.tr\/index.php\/wp-json\/wp\/v2\/product_brand?post=738320"},{"taxonomy":"product_cat","embeddable":true,"href":"https:\/\/roveyayinevi.com.tr\/index.php\/wp-json\/wp\/v2\/product_cat?post=738320"},{"taxonomy":"product_tag","embeddable":true,"href":"https:\/\/roveyayinevi.com.tr\/index.php\/wp-json\/wp\/v2\/product_tag?post=738320"}],"curies":[{"name":"wp","href":"https:\/\/api.w.org\/{rel}","templated":true}]}}