{"id":738318,"date":"2025-08-27T23:47:33","date_gmt":"2025-08-27T20:47:33","guid":{"rendered":"https:\/\/roveyayinevi.com.tr\/index.php\/urun\/mecnun-darligi\/"},"modified":"2026-04-16T02:48:36","modified_gmt":"2026-04-15T23:48:36","slug":"mecnun-darligi","status":"publish","type":"product","link":"https:\/\/roveyayinevi.com.tr\/index.php\/urun\/mecnun-darligi\/","title":{"rendered":"Mecnun Darl\u0131\u011f\u0131"},"content":{"rendered":"<p>Sa\u00e7lar\u0131 buluttan s\u0131yr\u0131lm\u0131\u015f g\u00fcne\u015f Benim mevsimlerim darken anlasa. D\u00fcny\u00e2 ona k\u00fc\u00e7\u00fck, kalem bana e\u015f Sevmek bu s\u00fbrette erken anlasa.   O&#8217;dur metropol\u00fcn \u00e7\u0131lg\u0131n g\u00f6zdesi Ben yetim k\u00f6ylerin \u015f\u00e2iran sesi. Kendini ta\u015f g\u00f6ren Tanr\u0131 yosmas\u0131 Benim y\u00fcre\u011fimde narken anlasa&#8230;   Onun i\u00e7in sevmek ara a\u015f\u0131 m\u0131 Anlad\u0131m bu vuslat zaman a\u015f\u0131m\u0131 Mecnun darl\u0131\u011f\u0131 m\u0131 sab\u0131r ta\u015f\u0131 m\u0131 Bu h\u00e2lde ya\u015famak zorken anlasa.   Da\u011flar\u0131 delerken bir \u00e7ift s\u00f6z\u00fcmle O&#8217;na susam\u0131\u015f\u0131m i\u015fte ez-c\u00fcmle. Her \u015feyi y\u00fcklenip, bir an g\u00f6z\u00fcmle; &#8216;Seni seviyorum&#8217; derken anlasa&#8230;   Ne yanan ate\u015f var, ne t\u00fcten baca Sa\u00e7lar\u0131ma ya\u011fan karken anlasa. <\/p>\n","protected":false},"excerpt":{"rendered":"<p>Sa\u00e7lar\u0131 buluttan s\u0131yr\u0131lm\u0131\u015f g\u00fcne\u015f Benim mevsimlerim darken anlasa. D\u00fcny\u00e2 ona k\u00fc\u00e7\u00fck, kalem bana e\u015f Sevmek bu s\u00fbrette erken anlasa. O&#8217;dur metropol\u00fcn \u00e7\u0131lg\u0131n g\u00f6zdesi Ben yetim k\u00f6ylerin<span class=\"excerpt-hellip\"> [\u2026]<\/span><\/p>\n","protected":false},"featured_media":0,"template":"","meta":{"_monsterinsights_skip_tracking":false,"_monsterinsights_sitenote_active":false,"_monsterinsights_sitenote_note":"","_monsterinsights_sitenote_category":0},"product_brand":[],"product_cat":[12291,12509],"product_tag":[],"class_list":{"0":"post-738318","1":"product","2":"type-product","3":"status-publish","5":"product_cat-edebiyat","6":"product_cat-siir","7":"pa_cilt-ciltsiz","8":"pa_tur-kitap","9":"pa_yayinevi-gulnar-yayinlari","10":"pa_yazar-yalcin-karaaslan","12":"first","13":"instock","14":"sale","15":"shipping-taxable","16":"purchasable","17":"product-type-simple"},"_links":{"self":[{"href":"https:\/\/roveyayinevi.com.tr\/index.php\/wp-json\/wp\/v2\/product\/738318","targetHints":{"allow":["GET"]}}],"collection":[{"href":"https:\/\/roveyayinevi.com.tr\/index.php\/wp-json\/wp\/v2\/product"}],"about":[{"href":"https:\/\/roveyayinevi.com.tr\/index.php\/wp-json\/wp\/v2\/types\/product"}],"wp:attachment":[{"href":"https:\/\/roveyayinevi.com.tr\/index.php\/wp-json\/wp\/v2\/media?parent=738318"}],"wp:term":[{"taxonomy":"product_brand","embeddable":true,"href":"https:\/\/roveyayinevi.com.tr\/index.php\/wp-json\/wp\/v2\/product_brand?post=738318"},{"taxonomy":"product_cat","embeddable":true,"href":"https:\/\/roveyayinevi.com.tr\/index.php\/wp-json\/wp\/v2\/product_cat?post=738318"},{"taxonomy":"product_tag","embeddable":true,"href":"https:\/\/roveyayinevi.com.tr\/index.php\/wp-json\/wp\/v2\/product_tag?post=738318"}],"curies":[{"name":"wp","href":"https:\/\/api.w.org\/{rel}","templated":true}]}}