{"id":738317,"date":"2025-08-27T23:47:32","date_gmt":"2025-08-27T20:47:32","guid":{"rendered":"https:\/\/roveyayinevi.com.tr\/index.php\/urun\/hayalimdeki-mavi\/"},"modified":"2026-04-16T02:48:36","modified_gmt":"2026-04-15T23:48:36","slug":"hayalimdeki-mavi","status":"publish","type":"product","link":"https:\/\/roveyayinevi.com.tr\/index.php\/urun\/hayalimdeki-mavi\/","title":{"rendered":"Hayalimdeki Mavi"},"content":{"rendered":"<p>Nas\u0131l ba\u015flan\u0131r ki?  \u0130lk defa bir kitaba \u00f6ns\u00f6z yaz\u0131yorum. San\u0131r\u0131m i\u015fte bu iyi, g\u00fczel bir ba\u015flang\u0131\u00e7 oldu. Asl\u0131na bakarsan\u0131z bu ya\u015f\u0131ma kadar pek \u00e7ok i\u015f alan\u0131 g\u00f6rd\u00fcm; uluslararas\u0131 \u015firketler, aile i\u015fleri, e\u011fitimler, \u015funlar bunlar. E\u011fitim hayat\u0131mda hep var olan bir \u015feydi, hep yeni \u015feyler \u00f6\u011frenmeyi sevdim. Ko\u00e7luk e\u011fitimi ald\u0131\u011f\u0131m d\u00f6nem e\u011fitmenim Aykut A\u00e7kalmaz\u2019dan ayn\u0131 zamanda zihin haritalar\u0131 e\u011fitimi de ald\u0131m. Zihin haritalar\u0131, \u00f6\u011frenmeyi, ak\u0131lda tutmay\u0131, not almay\u0131 kolayla\u015ft\u0131ran bir sistem. Daha sonralar\u0131 pandemi d\u00f6neminde internet \u00fczerinden grup derslerine kat\u0131ld\u0131m ve bir derste Aykut hocam\u0131z bizlerden bir restoran m\u00f6n\u00fcs\u00fcnden anahtar kelimeler \u00e7\u0131kararak \u015fiir yazmam\u0131z\u0131 istedi. \u015eiir bana \u00e7ok uzak bir fikirdi, asla yazamam diye d\u00fc\u015f\u00fcn\u00fcyordum. Sonra d\u00fc\u015f\u00fcnd\u00fcm ki; sevdi\u011fim bir yemek bana \u015fiir de yazd\u0131rabilir, neden olmas\u0131n? B\u00f6ylelikle ilk \u015fiirimi a\u015f\u0131r\u0131 sevdi\u011fim su\u015fiye yazd\u0131m. Gayet de g\u00fczel oldu\u011funu fark ettim. Art\u0131k ilham gelmi\u015fti bir kere \u015fiir yazmak ka\u00e7\u0131n\u0131lmazd\u0131. Belki de zihin haritalar\u0131 i\u00e7imdeki farkl\u0131 bir yetene\u011fi ortaya \u00e7\u0131karan ara\u00e7 olmu\u015ftu. Derken ya\u015fad\u0131\u011f\u0131m tecr\u00fcbeleri, ruh halimi, gezdi\u011fim yerleri \u015fiirle\u015ftirmeye ve bundan \u00e7ok keyif ald\u0131\u011f\u0131m\u0131 fark etmeye ba\u015flad\u0131m. Yolda y\u00fcr\u00fcrken g\u00f6zlemledi\u011fim ki\u015filere; bir palya\u00e7oya, evsiz bir adama, yaz ak\u015fam\u0131 birden bast\u0131ran ya\u011fmura, \u00e7ok sevdi\u011fim do\u011faya, manzaralara \u015fiirler yazd\u0131m.   Ve \u015fimdi sizlerle bu \u015fiirleri payla\u015f\u0131yorum, her birinin hayat\u0131mda ayr\u0131 bir yeri ve an\u0131s\u0131 var. Eminim ki sizler de her \u015fiirde kendinizden bir \u015feyler bulacaks\u0131n\u0131z. <\/p>\n","protected":false},"excerpt":{"rendered":"<p>Nas\u0131l ba\u015flan\u0131r ki? \u0130lk defa bir kitaba \u00f6ns\u00f6z yaz\u0131yorum. San\u0131r\u0131m i\u015fte bu iyi, g\u00fczel bir ba\u015flang\u0131\u00e7 oldu. Asl\u0131na bakarsan\u0131z bu ya\u015f\u0131ma kadar pek \u00e7ok i\u015f alan\u0131<span class=\"excerpt-hellip\"> [\u2026]<\/span><\/p>\n","protected":false},"featured_media":0,"template":"","meta":{"_monsterinsights_skip_tracking":false,"_monsterinsights_sitenote_active":false,"_monsterinsights_sitenote_note":"","_monsterinsights_sitenote_category":0},"product_brand":[],"product_cat":[12291,12509],"product_tag":[],"class_list":{"0":"post-738317","1":"product","2":"type-product","3":"status-publish","5":"product_cat-edebiyat","6":"product_cat-siir","7":"pa_cilt-ciltsiz","8":"pa_tur-kitap","9":"pa_yayinevi-gulnar-yayinlari","10":"pa_yazar-seda-ozen","12":"first","13":"instock","14":"sale","15":"shipping-taxable","16":"purchasable","17":"product-type-simple"},"_links":{"self":[{"href":"https:\/\/roveyayinevi.com.tr\/index.php\/wp-json\/wp\/v2\/product\/738317","targetHints":{"allow":["GET"]}}],"collection":[{"href":"https:\/\/roveyayinevi.com.tr\/index.php\/wp-json\/wp\/v2\/product"}],"about":[{"href":"https:\/\/roveyayinevi.com.tr\/index.php\/wp-json\/wp\/v2\/types\/product"}],"wp:attachment":[{"href":"https:\/\/roveyayinevi.com.tr\/index.php\/wp-json\/wp\/v2\/media?parent=738317"}],"wp:term":[{"taxonomy":"product_brand","embeddable":true,"href":"https:\/\/roveyayinevi.com.tr\/index.php\/wp-json\/wp\/v2\/product_brand?post=738317"},{"taxonomy":"product_cat","embeddable":true,"href":"https:\/\/roveyayinevi.com.tr\/index.php\/wp-json\/wp\/v2\/product_cat?post=738317"},{"taxonomy":"product_tag","embeddable":true,"href":"https:\/\/roveyayinevi.com.tr\/index.php\/wp-json\/wp\/v2\/product_tag?post=738317"}],"curies":[{"name":"wp","href":"https:\/\/api.w.org\/{rel}","templated":true}]}}