{"id":738315,"date":"2025-08-27T23:47:30","date_gmt":"2025-08-27T20:47:30","guid":{"rendered":"https:\/\/roveyayinevi.com.tr\/index.php\/urun\/dayikan\/"},"modified":"2026-04-16T02:48:36","modified_gmt":"2026-04-15T23:48:36","slug":"dayikan","status":"publish","type":"product","link":"https:\/\/roveyayinevi.com.tr\/index.php\/urun\/dayikan\/","title":{"rendered":"Day\u0131kan"},"content":{"rendered":"<p>Ge\u00e7mi\u015f ge\u00e7mi\u015fte kald\u0131 m\u0131 ger\u00e7ekten? Ya iki \u00e7ocuk eski bir yasay\u0131 \u00e7i\u011fnerse ne olur? A\u00e7\u0131l\u0131r kadim zaman\u0131n kap\u0131lar\u0131, G\u00f6k Yele d\u00fc\u015fer \u00f6nlerine. B\u00fcy\u00fcl\u00fc bir ormandan O\u011fuz Ka\u011fan\u2019\u0131n ota\u011f\u0131na var\u0131r yol. Sonra da u\u00e7 bakal\u0131m Day\u0131kan\u2019\u0131 d\u00f6ven demirciyi bulmaya! Bebekleri, Huzur\u2019un kuca\u011f\u0131ndan al\u0131p ka\u00e7\u0131ran k\u0131rm\u0131z\u0131 pelerinli kad\u0131n kim?  Sorular\u0131n cevab\u0131 zaman\u0131n derinli\u011finde. Yerle g\u00f6\u011f\u00fcn dengesini kurmak, Erlik\u2019i yenmek, kay\u0131p bebekleri kurtarmak, doludizgin bir maceraya kanat a\u00e7mak i\u00e7in haz\u0131r m\u0131s\u0131n? \u201cTigin, kendi hik\u00e2yesini arayan prens demek. Hik\u00e2ye tamamland\u0131\u011f\u0131nda tigin kendini bulur, eksi\u011fini tamamlar b\u00f6ylece ad al\u0131r. Ad al\u0131nca tiginlikten \u00e7\u0131k\u0131p \u2018han\u2019 olur. Ancak sizin d\u00fcnyan\u0131zda pe\u015fin pe\u015fin verilmi\u015f size hanl\u0131k. \u00d6yle de\u011fil mi Ay-Han, G\u00f6k-Han? \u015eimdi sondan ba\u015fa do\u011fru gidecek, hik\u00e2yenizi tamamlayacaks\u0131n\u0131z.\u201d   Haydi, sondan ba\u015fa do\u011fru gidelim. D\u00fc\u015f diye okudu\u011fumuz ger\u00e7e\u011fe yol alal\u0131m.<\/p>\n","protected":false},"excerpt":{"rendered":"<p>Ge\u00e7mi\u015f ge\u00e7mi\u015fte kald\u0131 m\u0131 ger\u00e7ekten? Ya iki \u00e7ocuk eski bir yasay\u0131 \u00e7i\u011fnerse ne olur? A\u00e7\u0131l\u0131r kadim zaman\u0131n kap\u0131lar\u0131, G\u00f6k Yele d\u00fc\u015fer \u00f6nlerine. B\u00fcy\u00fcl\u00fc bir ormandan O\u011fuz<span class=\"excerpt-hellip\"> [\u2026]<\/span><\/p>\n","protected":false},"featured_media":0,"template":"","meta":{"_monsterinsights_skip_tracking":false,"_monsterinsights_sitenote_active":false,"_monsterinsights_sitenote_note":"","_monsterinsights_sitenote_category":0},"product_brand":[],"product_cat":[12274,12284],"product_tag":[],"class_list":{"0":"post-738315","1":"product","2":"type-product","3":"status-publish","5":"product_cat-cocuk-ve-genclik-kitaplari","6":"product_cat-hikayeler","7":"pa_cilt-ciltsiz","8":"pa_tur-kitap","9":"pa_yayinevi-otuken-nesriyat","10":"pa_yazar-ulku-demiray","12":"first","13":"instock","14":"sale","15":"shipping-taxable","16":"purchasable","17":"product-type-simple"},"_links":{"self":[{"href":"https:\/\/roveyayinevi.com.tr\/index.php\/wp-json\/wp\/v2\/product\/738315","targetHints":{"allow":["GET"]}}],"collection":[{"href":"https:\/\/roveyayinevi.com.tr\/index.php\/wp-json\/wp\/v2\/product"}],"about":[{"href":"https:\/\/roveyayinevi.com.tr\/index.php\/wp-json\/wp\/v2\/types\/product"}],"wp:attachment":[{"href":"https:\/\/roveyayinevi.com.tr\/index.php\/wp-json\/wp\/v2\/media?parent=738315"}],"wp:term":[{"taxonomy":"product_brand","embeddable":true,"href":"https:\/\/roveyayinevi.com.tr\/index.php\/wp-json\/wp\/v2\/product_brand?post=738315"},{"taxonomy":"product_cat","embeddable":true,"href":"https:\/\/roveyayinevi.com.tr\/index.php\/wp-json\/wp\/v2\/product_cat?post=738315"},{"taxonomy":"product_tag","embeddable":true,"href":"https:\/\/roveyayinevi.com.tr\/index.php\/wp-json\/wp\/v2\/product_tag?post=738315"}],"curies":[{"name":"wp","href":"https:\/\/api.w.org\/{rel}","templated":true}]}}