{"id":738313,"date":"2025-08-27T23:47:28","date_gmt":"2025-08-27T20:47:28","guid":{"rendered":"https:\/\/roveyayinevi.com.tr\/index.php\/urun\/cilek-yiyen-salyangoz\/"},"modified":"2026-04-16T02:48:36","modified_gmt":"2026-04-15T23:48:36","slug":"cilek-yiyen-salyangoz","status":"publish","type":"product","link":"https:\/\/roveyayinevi.com.tr\/index.php\/urun\/cilek-yiyen-salyangoz\/","title":{"rendered":"\u00c7ilek Yiyen Salyangoz"},"content":{"rendered":"<p>Evde salyangoz beslenir mi? Bu fikir sana sa\u00e7ma gelebilir; ama K\u00fcbra salyangozlar\u0131 \u00e7ok seviyor ve onlar\u0131 \u00e7ileklerle besliyor. Kar\u015f\u0131 \u00e7\u0131kanlaraysa kahraman\u0131m\u0131z \u00d6zg\u00fcr yan\u0131t veriyor: \u201cHo\u015fumuza gitmese bile, ba\u015fkalar\u0131n\u0131n sevdiklerini, al\u0131\u015fkanl\u0131klar\u0131n\u0131 ve d\u00fc\u015f\u00fcncelerini kabul etmeli, bunlara sayg\u0131 g\u00f6stermeliyiz.\u201d Neden mi bunu yapmak zorunday\u0131z? \u00c7\u00fcnk\u00fc bu onun anayasal hakk\u0131\u2026 \u00d6zg\u00fcr, bu yeni seride \u00f6\u011frenmeye, \u00f6\u011frendiklerini payla\u015fmaya ve e\u011flenmeye devam ediyor. Sen de ona kat\u0131lmak ister misin?<\/p>\n","protected":false},"excerpt":{"rendered":"<p>Evde salyangoz beslenir mi? Bu fikir sana sa\u00e7ma gelebilir; ama K\u00fcbra salyangozlar\u0131 \u00e7ok seviyor ve onlar\u0131 \u00e7ileklerle besliyor. Kar\u015f\u0131 \u00e7\u0131kanlaraysa kahraman\u0131m\u0131z \u00d6zg\u00fcr yan\u0131t veriyor: \u201cHo\u015fumuza gitmese<span class=\"excerpt-hellip\"> [\u2026]<\/span><\/p>\n","protected":false},"featured_media":0,"template":"","meta":{"_monsterinsights_skip_tracking":false,"_monsterinsights_sitenote_active":false,"_monsterinsights_sitenote_note":"","_monsterinsights_sitenote_category":0},"product_brand":[],"product_cat":[12274,12284],"product_tag":[],"class_list":{"0":"post-738313","1":"product","2":"type-product","3":"status-publish","5":"product_cat-cocuk-ve-genclik-kitaplari","6":"product_cat-hikayeler","7":"pa_cilt-ciltsiz","8":"pa_tur-kitap","9":"pa_yayinevi-mandolin-yayinlari","10":"pa_yazar-feyza-altun","12":"first","13":"instock","14":"sale","15":"shipping-taxable","16":"purchasable","17":"product-type-simple"},"_links":{"self":[{"href":"https:\/\/roveyayinevi.com.tr\/index.php\/wp-json\/wp\/v2\/product\/738313","targetHints":{"allow":["GET"]}}],"collection":[{"href":"https:\/\/roveyayinevi.com.tr\/index.php\/wp-json\/wp\/v2\/product"}],"about":[{"href":"https:\/\/roveyayinevi.com.tr\/index.php\/wp-json\/wp\/v2\/types\/product"}],"wp:attachment":[{"href":"https:\/\/roveyayinevi.com.tr\/index.php\/wp-json\/wp\/v2\/media?parent=738313"}],"wp:term":[{"taxonomy":"product_brand","embeddable":true,"href":"https:\/\/roveyayinevi.com.tr\/index.php\/wp-json\/wp\/v2\/product_brand?post=738313"},{"taxonomy":"product_cat","embeddable":true,"href":"https:\/\/roveyayinevi.com.tr\/index.php\/wp-json\/wp\/v2\/product_cat?post=738313"},{"taxonomy":"product_tag","embeddable":true,"href":"https:\/\/roveyayinevi.com.tr\/index.php\/wp-json\/wp\/v2\/product_tag?post=738313"}],"curies":[{"name":"wp","href":"https:\/\/api.w.org\/{rel}","templated":true}]}}