{"id":738310,"date":"2025-08-27T23:47:24","date_gmt":"2025-08-27T20:47:24","guid":{"rendered":"https:\/\/roveyayinevi.com.tr\/index.php\/urun\/gurultu-yapmadan-eglenebilmek\/"},"modified":"2026-04-16T02:48:36","modified_gmt":"2026-04-15T23:48:36","slug":"gurultu-yapmadan-eglenebilmek","status":"publish","type":"product","link":"https:\/\/roveyayinevi.com.tr\/index.php\/urun\/gurultu-yapmadan-eglenebilmek\/","title":{"rendered":"G\u00fcr\u00fclt\u00fc Yapmadan E\u011flenebilmek"},"content":{"rendered":"<p>\u00d6zg\u00fcr bug\u00fcn \u00e7ok mutlu! Evde kendi kendine \u015fark\u0131lar s\u00f6yl\u00fcyor, e\u011fleniyor, dans ediyor. Fakat bu durumdan rahats\u0131z biri var: \u00d6zg\u00fcrlerin alt kom\u015fusu! Peki, \u00d6zg\u00fcr\u2019\u00fcn insanlar\u0131 rahats\u0131z etmeye hakk\u0131 var m\u0131? Annesi ona kanunlardan bahsediyor. G\u00fcr\u00fclt\u00fc yapmamak, yerlere \u00e7\u00f6p atmamak, hayvanlara zarar vermemek\u2026 \u00dcstelik bu kanunlara uymazsak cezas\u0131 var. Ama korkma, \u00d6zg\u00fcr\u2019le birlikte sen de kanunlar\u0131 \u00f6\u011frenebilir, kimseyi rahats\u0131z etmeden keyifle ya\u015fayabilirsin. <\/p>\n","protected":false},"excerpt":{"rendered":"<p>\u00d6zg\u00fcr bug\u00fcn \u00e7ok mutlu! Evde kendi kendine \u015fark\u0131lar s\u00f6yl\u00fcyor, e\u011fleniyor, dans ediyor. Fakat bu durumdan rahats\u0131z biri var: \u00d6zg\u00fcrlerin alt kom\u015fusu! Peki, \u00d6zg\u00fcr\u2019\u00fcn insanlar\u0131 rahats\u0131z etmeye<span class=\"excerpt-hellip\"> [\u2026]<\/span><\/p>\n","protected":false},"featured_media":0,"template":"","meta":{"_monsterinsights_skip_tracking":false,"_monsterinsights_sitenote_active":false,"_monsterinsights_sitenote_note":"","_monsterinsights_sitenote_category":0},"product_brand":[],"product_cat":[12274],"product_tag":[],"class_list":{"0":"post-738310","1":"product","2":"type-product","3":"status-publish","5":"product_cat-cocuk-ve-genclik-kitaplari","6":"pa_cilt-ciltsiz","7":"pa_tur-kitap","8":"pa_yayinevi-mandolin-yayinlari","9":"pa_yazar-feyza-altun","11":"first","12":"instock","13":"sale","14":"shipping-taxable","15":"purchasable","16":"product-type-simple"},"_links":{"self":[{"href":"https:\/\/roveyayinevi.com.tr\/index.php\/wp-json\/wp\/v2\/product\/738310","targetHints":{"allow":["GET"]}}],"collection":[{"href":"https:\/\/roveyayinevi.com.tr\/index.php\/wp-json\/wp\/v2\/product"}],"about":[{"href":"https:\/\/roveyayinevi.com.tr\/index.php\/wp-json\/wp\/v2\/types\/product"}],"wp:attachment":[{"href":"https:\/\/roveyayinevi.com.tr\/index.php\/wp-json\/wp\/v2\/media?parent=738310"}],"wp:term":[{"taxonomy":"product_brand","embeddable":true,"href":"https:\/\/roveyayinevi.com.tr\/index.php\/wp-json\/wp\/v2\/product_brand?post=738310"},{"taxonomy":"product_cat","embeddable":true,"href":"https:\/\/roveyayinevi.com.tr\/index.php\/wp-json\/wp\/v2\/product_cat?post=738310"},{"taxonomy":"product_tag","embeddable":true,"href":"https:\/\/roveyayinevi.com.tr\/index.php\/wp-json\/wp\/v2\/product_tag?post=738310"}],"curies":[{"name":"wp","href":"https:\/\/api.w.org\/{rel}","templated":true}]}}