{"id":738309,"date":"2025-08-27T23:47:23","date_gmt":"2025-08-27T20:47:23","guid":{"rendered":"https:\/\/roveyayinevi.com.tr\/index.php\/urun\/bozuk-tablet\/"},"modified":"2026-04-07T02:54:54","modified_gmt":"2026-04-06T23:54:54","slug":"bozuk-tablet","status":"publish","type":"product","link":"https:\/\/roveyayinevi.com.tr\/index.php\/urun\/bozuk-tablet\/","title":{"rendered":"Bozuk Tablet"},"content":{"rendered":"<p>Yeni ald\u0131\u011f\u0131n tablet bozulsa ne yapard\u0131n? \u00d6zg\u00fcr, heyecanla eline ald\u0131\u011f\u0131 tabletin \u00e7al\u0131\u015fmad\u0131\u011f\u0131n\u0131 g\u00f6r\u00fcnce b\u00fcy\u00fck bir hayal k\u0131r\u0131kl\u0131\u011f\u0131na u\u011fruyor. Neyse ki imdad\u0131na ba\u015far\u0131l\u0131 bir avukat yeti\u015fiyor. \u00dcstelik bu \u00f6yle bir avukat ki \u00f6m\u00fcr boyu \u00d6zg\u00fcr\u2019\u00fcn haklar\u0131n\u0131 koruyaca\u011f\u0131na s\u00f6z veriyor\u2026 Yeni maceras\u0131nda hakk\u0131n ve hukukun ne demek oldu\u011funu \u00f6\u011frenen \u00d6zg\u00fcr, annesiyle birlikte ilk kez bir mahkemeye ba\u015fvuruyor. Karar ne mi oluyor dersin? Sayfalar\u0131 \u00e7evirip hemen \u00f6\u011frenebilirsin.<\/p>\n","protected":false},"excerpt":{"rendered":"<p>Yeni ald\u0131\u011f\u0131n tablet bozulsa ne yapard\u0131n? \u00d6zg\u00fcr, heyecanla eline ald\u0131\u011f\u0131 tabletin \u00e7al\u0131\u015fmad\u0131\u011f\u0131n\u0131 g\u00f6r\u00fcnce b\u00fcy\u00fck bir hayal k\u0131r\u0131kl\u0131\u011f\u0131na u\u011fruyor. Neyse ki imdad\u0131na ba\u015far\u0131l\u0131 bir avukat yeti\u015fiyor. \u00dcstelik<span class=\"excerpt-hellip\"> [\u2026]<\/span><\/p>\n","protected":false},"featured_media":0,"template":"","meta":{"_monsterinsights_skip_tracking":false,"_monsterinsights_sitenote_active":false,"_monsterinsights_sitenote_note":"","_monsterinsights_sitenote_category":0},"product_brand":[],"product_cat":[12274],"product_tag":[],"class_list":{"0":"post-738309","1":"product","2":"type-product","3":"status-publish","5":"product_cat-cocuk-ve-genclik-kitaplari","6":"pa_cilt-ciltsiz","7":"pa_tur-kitap","8":"pa_yayinevi-mandolin-yayinlari","9":"pa_yazar-feyza-altun","11":"first","12":"instock","13":"sale","14":"shipping-taxable","15":"purchasable","16":"product-type-simple"},"_links":{"self":[{"href":"https:\/\/roveyayinevi.com.tr\/index.php\/wp-json\/wp\/v2\/product\/738309","targetHints":{"allow":["GET"]}}],"collection":[{"href":"https:\/\/roveyayinevi.com.tr\/index.php\/wp-json\/wp\/v2\/product"}],"about":[{"href":"https:\/\/roveyayinevi.com.tr\/index.php\/wp-json\/wp\/v2\/types\/product"}],"wp:attachment":[{"href":"https:\/\/roveyayinevi.com.tr\/index.php\/wp-json\/wp\/v2\/media?parent=738309"}],"wp:term":[{"taxonomy":"product_brand","embeddable":true,"href":"https:\/\/roveyayinevi.com.tr\/index.php\/wp-json\/wp\/v2\/product_brand?post=738309"},{"taxonomy":"product_cat","embeddable":true,"href":"https:\/\/roveyayinevi.com.tr\/index.php\/wp-json\/wp\/v2\/product_cat?post=738309"},{"taxonomy":"product_tag","embeddable":true,"href":"https:\/\/roveyayinevi.com.tr\/index.php\/wp-json\/wp\/v2\/product_tag?post=738309"}],"curies":[{"name":"wp","href":"https:\/\/api.w.org\/{rel}","templated":true}]}}