{"id":738308,"date":"2025-08-27T23:47:22","date_gmt":"2025-08-27T20:47:22","guid":{"rendered":"https:\/\/roveyayinevi.com.tr\/index.php\/urun\/anlam-ve-baginti\/"},"modified":"2026-04-16T02:48:36","modified_gmt":"2026-04-15T23:48:36","slug":"anlam-ve-baginti","status":"publish","type":"product","link":"https:\/\/roveyayinevi.com.tr\/index.php\/urun\/anlam-ve-baginti\/","title":{"rendered":"Anlam Ve Ba\u011f\u0131nt\u0131"},"content":{"rendered":"<p>\u0130li\u015fki temelli bir canl\u0131 olarak varl\u0131\u011f\u0131m\u0131z\u0131 s\u00fcrd\u00fcrebilmek i\u00e7in anlamak, anlatmak ve anla\u015f\u0131lmak zorunday\u0131z. Toplumsal ya\u015fam\u0131n kalbinde yer alan ve ileti\u015fimin vazge\u00e7ilmez bir unsuru olarak her g\u00fcn bize yeni bir \u2018hayat\u2019 sunan dil, kan\u0131ksad\u0131\u011f\u0131m\u0131z ve \u2018elde var bir\u2019 sayd\u0131\u011f\u0131m\u0131z i\u00e7in de\u011ferini kolayl\u0131kla g\u00f6zden ka\u00e7\u0131rabildi\u011fimiz mucizevi bir olgu. Oysa ya\u015fam\u0131n \u00e7ok y\u00f6nl\u00fc ak\u0131\u015f\u0131 i\u00e7inde duygu ve d\u00fc\u015f\u00fcncelerimize terc\u00fcman olan dile ili\u015fkin kimi temel sorular \u00e7o\u011fu zaman akl\u0131m\u0131zdan hi\u00e7 ge\u00e7meyebiliyor: \u2022 Nas\u0131l oluyor da birbirimizi anlayabiliyoruz? \u2022 Neden birbirimizi yanl\u0131\u015f anlayabiliyoruz? \u2022 \u00d6rt\u00fcl\u00fc\/dolayl\u0131 bir ileti nas\u0131l oluyor da dinleyende kar\u015f\u0131l\u0131k bulabiliyor? \u2022 G\u00fcndelik dilin s\u00f6zc\u00fckleriyle kurulan \u015fiir dilini farkl\u0131 bir \u2018dil\u2019 k\u0131lan zihinsel i\u015fleyi\u015f nedir? \u2018Ba\u011flam i\u00e7inde olu\u015fan anlam\u2019 olgusunu Ba\u011f\u0131nt\u0131 Kuram\u0131 \u00e7er\u00e7evesinde ele alan bu kitap \u00f6zellikle ileti\u015fim, dil, dilbilim, edimbilim, s\u00f6ylem \u00e7\u00f6z\u00fcmlemesi, g\u00f6stergebilim, deyi\u015fbilim, yaz\u0131nbilim, s\u00f6zbilim, \u00e7evirebilim ve dil \u00f6\u011fretimi gibi alanlara ilgi duyan okurlar i\u00e7in bili\u015fsel bir pencere sunmaktad\u0131r. <\/p>\n","protected":false},"excerpt":{"rendered":"<p>\u0130li\u015fki temelli bir canl\u0131 olarak varl\u0131\u011f\u0131m\u0131z\u0131 s\u00fcrd\u00fcrebilmek i\u00e7in anlamak, anlatmak ve anla\u015f\u0131lmak zorunday\u0131z. Toplumsal ya\u015fam\u0131n kalbinde yer alan ve ileti\u015fimin vazge\u00e7ilmez bir unsuru olarak her g\u00fcn<span class=\"excerpt-hellip\"> [\u2026]<\/span><\/p>\n","protected":false},"featured_media":0,"template":"","meta":{"_monsterinsights_skip_tracking":false,"_monsterinsights_sitenote_active":false,"_monsterinsights_sitenote_note":"","_monsterinsights_sitenote_category":0},"product_brand":[],"product_cat":[12573,12566],"product_tag":[],"class_list":{"0":"post-738308","1":"product","2":"type-product","3":"status-publish","5":"product_cat-akademik-kitaplar","6":"product_cat-egitim","7":"pa_cilt-ciltsiz","8":"pa_tur-kitap","9":"pa_yayinevi-bilgesu-yayincilik","10":"pa_yazar-gurkan-dogan","12":"first","13":"instock","14":"sale","15":"shipping-taxable","16":"purchasable","17":"product-type-simple"},"_links":{"self":[{"href":"https:\/\/roveyayinevi.com.tr\/index.php\/wp-json\/wp\/v2\/product\/738308","targetHints":{"allow":["GET"]}}],"collection":[{"href":"https:\/\/roveyayinevi.com.tr\/index.php\/wp-json\/wp\/v2\/product"}],"about":[{"href":"https:\/\/roveyayinevi.com.tr\/index.php\/wp-json\/wp\/v2\/types\/product"}],"wp:attachment":[{"href":"https:\/\/roveyayinevi.com.tr\/index.php\/wp-json\/wp\/v2\/media?parent=738308"}],"wp:term":[{"taxonomy":"product_brand","embeddable":true,"href":"https:\/\/roveyayinevi.com.tr\/index.php\/wp-json\/wp\/v2\/product_brand?post=738308"},{"taxonomy":"product_cat","embeddable":true,"href":"https:\/\/roveyayinevi.com.tr\/index.php\/wp-json\/wp\/v2\/product_cat?post=738308"},{"taxonomy":"product_tag","embeddable":true,"href":"https:\/\/roveyayinevi.com.tr\/index.php\/wp-json\/wp\/v2\/product_tag?post=738308"}],"curies":[{"name":"wp","href":"https:\/\/api.w.org\/{rel}","templated":true}]}}