{"id":738303,"date":"2025-08-27T23:47:16","date_gmt":"2025-08-27T20:47:16","guid":{"rendered":"https:\/\/roveyayinevi.com.tr\/index.php\/urun\/post-insan\/"},"modified":"2026-04-16T02:48:35","modified_gmt":"2026-04-15T23:48:35","slug":"post-insan","status":"publish","type":"product","link":"https:\/\/roveyayinevi.com.tr\/index.php\/urun\/post-insan\/","title":{"rendered":"Post \u0130nsan"},"content":{"rendered":"<p>Tamer Sa\u011fcan&#8217;\u0131n Post-\u0130nsan&#8217;da yer alan yaz\u0131lar\u0131 de\u011fi\u015fen \u00e7a\u011f\u0131n kar\u015f\u0131s\u0131nda insan\u0131n anlam aray\u0131\u015f\u0131nda bir direni\u015fe kar\u015f\u0131l\u0131k geliyor. Teknoloji sayesinde hayat\u0131m\u0131z kolayla\u015f\u0131yor, geli\u015fen ileti\u015fim a\u011flar\u0131 bilgimizi art\u0131rmaya imkan veriyor. Ama bunun kar\u015f\u0131l\u0131\u011f\u0131nda inan\u00e7, \u00f6l\u00fcm korkusu, a\u015fk gibi kadim meselelerde hala savunmas\u0131z durumday\u0131z. Sa\u011fcan&#8217;\u0131n denemeleri bilim tarihinden fantastik edebiyata, tarihten siyasete geni\u015f bir okuma evreninden bug\u00fcn\u00fcn insan\u0131n\u0131n bunal\u0131m\u0131n\u0131 ele al\u0131yor. Alacakaranl\u0131kta bir k\u0131v\u0131lc\u0131m \u00e7ak\u0131yor. Sel\u00e7uk Orhan <\/p>\n","protected":false},"excerpt":{"rendered":"<p>Tamer Sa\u011fcan&#8217;\u0131n Post-\u0130nsan&#8217;da yer alan yaz\u0131lar\u0131 de\u011fi\u015fen \u00e7a\u011f\u0131n kar\u015f\u0131s\u0131nda insan\u0131n anlam aray\u0131\u015f\u0131nda bir direni\u015fe kar\u015f\u0131l\u0131k geliyor. Teknoloji sayesinde hayat\u0131m\u0131z kolayla\u015f\u0131yor, geli\u015fen ileti\u015fim a\u011flar\u0131 bilgimizi art\u0131rmaya imkan<span class=\"excerpt-hellip\"> [\u2026]<\/span><\/p>\n","protected":false},"featured_media":0,"template":"","meta":{"_monsterinsights_skip_tracking":false,"_monsterinsights_sitenote_active":false,"_monsterinsights_sitenote_note":"","_monsterinsights_sitenote_category":0},"product_brand":[],"product_cat":[12777,12291],"product_tag":[],"class_list":{"0":"post-738303","1":"product","2":"type-product","3":"status-publish","5":"product_cat-deneme","6":"product_cat-edebiyat","7":"pa_cilt-ciltsiz","8":"pa_tur-kitap","9":"pa_yayinevi-karakum-yayinevi","10":"pa_yazar-tamer-sagcan","12":"first","13":"instock","14":"sale","15":"shipping-taxable","16":"purchasable","17":"product-type-simple"},"_links":{"self":[{"href":"https:\/\/roveyayinevi.com.tr\/index.php\/wp-json\/wp\/v2\/product\/738303","targetHints":{"allow":["GET"]}}],"collection":[{"href":"https:\/\/roveyayinevi.com.tr\/index.php\/wp-json\/wp\/v2\/product"}],"about":[{"href":"https:\/\/roveyayinevi.com.tr\/index.php\/wp-json\/wp\/v2\/types\/product"}],"wp:attachment":[{"href":"https:\/\/roveyayinevi.com.tr\/index.php\/wp-json\/wp\/v2\/media?parent=738303"}],"wp:term":[{"taxonomy":"product_brand","embeddable":true,"href":"https:\/\/roveyayinevi.com.tr\/index.php\/wp-json\/wp\/v2\/product_brand?post=738303"},{"taxonomy":"product_cat","embeddable":true,"href":"https:\/\/roveyayinevi.com.tr\/index.php\/wp-json\/wp\/v2\/product_cat?post=738303"},{"taxonomy":"product_tag","embeddable":true,"href":"https:\/\/roveyayinevi.com.tr\/index.php\/wp-json\/wp\/v2\/product_tag?post=738303"}],"curies":[{"name":"wp","href":"https:\/\/api.w.org\/{rel}","templated":true}]}}