{"id":738302,"date":"2025-08-27T23:47:15","date_gmt":"2025-08-27T20:47:15","guid":{"rendered":"https:\/\/roveyayinevi.com.tr\/index.php\/urun\/her-yonuyle-diyet\/"},"modified":"2026-04-16T02:48:35","modified_gmt":"2026-04-15T23:48:35","slug":"her-yonuyle-diyet","status":"publish","type":"product","link":"https:\/\/roveyayinevi.com.tr\/index.php\/urun\/her-yonuyle-diyet\/","title":{"rendered":"Her Y\u00f6n\u00fcyle Diyet"},"content":{"rendered":"<p>Diyetisyen Dr. Funda \u015eensoy\u2019un dan\u0131\u015fmanl\u0131\u011f\u0131nda sa\u011fl\u0131kl\u0131 beslenmenin, kilo vermenin h\u0131zl\u0131 ve kolay yollar\u0131\u2026   B\u00fcy\u00fck ilgi g\u00f6ren Her Y\u00f6n\u00fcyle dizimizden yeni bir kitap daha! Her Y\u00f6n\u00fcyle Diyet.   Fazla kilolar\u0131n\u0131zla bir daha g\u00f6r\u00fc\u015fmemek \u00fczere vedala\u015facaks\u0131n\u0131z! Art\u0131k sonu\u00e7 alamad\u0131\u011f\u0131n\u0131z h\u0131zland\u0131r\u0131lm\u0131\u015f moda diyetleri b\u0131rakabilirsiniz. Her Y\u00f6n\u00fcyle Diyet, ki\u015fisel sa\u011fl\u0131k kayg\u0131lar\u0131n\u0131za yan\u0131t olacak en iyi diyeti belirlemeniz i\u00e7in size yard\u0131mc\u0131 olacak.   Her Y\u00f6n\u00fcyle Diyet, sa\u011fl\u0131kl\u0131 yemek tarifleri ve g\u00fcnl\u00fck diyet re\u00e7eteleriyle, ba\u015far\u0131 garantisi olan e\u011flenceli ve cesaretlendirici bir diyet program\u0131 geli\u015ftirmenizi sa\u011flayacak!   A\u00e7l\u0131k yok, yasak yiyecekler yok, ge\u00e7ici \u00e7\u00f6z\u00fcmler yok. Her t\u00fcrl\u00fc yiyecek serbest. G\u00fcvenilir, sa\u011fl\u0131kl\u0131, garantili diyet yapman\u0131n yollar\u0131n\u0131 bu kitab\u0131m\u0131zda bulabilirsiniz. <\/p>\n","protected":false},"excerpt":{"rendered":"<p>Diyetisyen Dr. Funda \u015eensoy\u2019un dan\u0131\u015fmanl\u0131\u011f\u0131nda sa\u011fl\u0131kl\u0131 beslenmenin, kilo vermenin h\u0131zl\u0131 ve kolay yollar\u0131\u2026 B\u00fcy\u00fck ilgi g\u00f6ren Her Y\u00f6n\u00fcyle dizimizden yeni bir kitap daha! Her Y\u00f6n\u00fcyle Diyet.<span class=\"excerpt-hellip\"> [\u2026]<\/span><\/p>\n","protected":false},"featured_media":0,"template":"","meta":{"_monsterinsights_skip_tracking":false,"_monsterinsights_sitenote_active":false,"_monsterinsights_sitenote_note":"","_monsterinsights_sitenote_category":0},"product_brand":[],"product_cat":[13402,13365],"product_tag":[],"class_list":{"0":"post-738302","1":"product","2":"type-product","3":"status-publish","5":"product_cat-beslenme-ve-diyet","6":"product_cat-saglik","7":"pa_cilt-ciltsiz","8":"pa_tur-kitap","9":"pa_yayinevi-akil-celen-kitaplar","10":"pa_yazar-sandra-k-nissenberg","12":"first","13":"instock","14":"sale","15":"shipping-taxable","16":"purchasable","17":"product-type-simple"},"_links":{"self":[{"href":"https:\/\/roveyayinevi.com.tr\/index.php\/wp-json\/wp\/v2\/product\/738302","targetHints":{"allow":["GET"]}}],"collection":[{"href":"https:\/\/roveyayinevi.com.tr\/index.php\/wp-json\/wp\/v2\/product"}],"about":[{"href":"https:\/\/roveyayinevi.com.tr\/index.php\/wp-json\/wp\/v2\/types\/product"}],"wp:attachment":[{"href":"https:\/\/roveyayinevi.com.tr\/index.php\/wp-json\/wp\/v2\/media?parent=738302"}],"wp:term":[{"taxonomy":"product_brand","embeddable":true,"href":"https:\/\/roveyayinevi.com.tr\/index.php\/wp-json\/wp\/v2\/product_brand?post=738302"},{"taxonomy":"product_cat","embeddable":true,"href":"https:\/\/roveyayinevi.com.tr\/index.php\/wp-json\/wp\/v2\/product_cat?post=738302"},{"taxonomy":"product_tag","embeddable":true,"href":"https:\/\/roveyayinevi.com.tr\/index.php\/wp-json\/wp\/v2\/product_tag?post=738302"}],"curies":[{"name":"wp","href":"https:\/\/api.w.org\/{rel}","templated":true}]}}