{"id":738298,"date":"2025-08-27T23:47:10","date_gmt":"2025-08-27T20:47:10","guid":{"rendered":"https:\/\/roveyayinevi.com.tr\/index.php\/urun\/seylerin-tuhaf-duzeni\/"},"modified":"2026-04-16T02:48:35","modified_gmt":"2026-04-15T23:48:35","slug":"seylerin-tuhaf-duzeni","status":"publish","type":"product","link":"https:\/\/roveyayinevi.com.tr\/index.php\/urun\/seylerin-tuhaf-duzeni\/","title":{"rendered":"\u015eeylerin Tuhaf D\u00fczeni"},"content":{"rendered":"<p>\u015eeylerin Tuhaf D\u00fczeni, insano\u011flunun hayatta kalmas\u0131n\u0131 sa\u011flayan ve t\u00fcm ya\u015fam\u0131n geli\u015fip serpilmesine olanak tan\u0131yan dinamik dengeye -homeostaza- dair \u00e7\u0131\u011f\u0131r a\u00e7an bir ara\u015ft\u0131rmad\u0131r. Bizler; biyolojik, psikolojik ve hatta sosyal olarak tek h\u00fccreli canl\u0131lardan ba\u015flayan uzun bir soydan geliyoruz ve Damasio, zihinlerimiz ve k\u00fclt\u00fcrlerimizin g\u00f6r\u00fcnmez bir iplikle antik tek h\u00fccreli varolu\u015fun yollar\u0131 ve ara\u00e7lar\u0131na ba\u011fl\u0131 oldu\u011funu g\u00f6steriyor. \u015eeylerin Tuhaf  D\u00fczeni; ya\u015fam, duygu ve k\u00fclt\u00fcr\u00fcn k\u00f6kenlerini anlaman\u0131n yeni bir yolunu sunan, ayr\u0131ca sosyal ve biyolojik bilimleri de kapsayan kilometre ta\u015f\u0131 niteli\u011finde bir d\u00fc\u015f\u00fcncenin yans\u0131mas\u0131d\u0131r. \u201cDamasio, evrenin do\u011fal tarihinin yeniden in\u015fas\u0131ndan daha az\u0131n\u0131 a\u00e7\u0131klamaya giri\u015fmezdi zaten\u2026 Sayg\u0131 duyulmas\u0131 gereken, m\u00fckemmel bir kitap.\u201d -New York Times Book Review \u201cAntonio Damasio, d\u00fc\u015f\u00fcncelerini net ve zarif bir \u015fekilde aktar\u0131yor ve bestecilerin, yazarlar\u0131n ve filozoflar\u0131n eserlerini bir araya getiriyor.\u201d -Siri Hustvedt, Los Angeles Review of Books \u201cNietzsche, ayn\u0131 anda hem bilimsel olarak titiz hem de insani a\u00e7\u0131dan uygun ve ele\u015ftirmen olarak de\u011ferlendirdi\u011finde devrim niteli\u011finde olan, anla\u015f\u0131lmas\u0131 g\u00fc\u00e7 bir \u015fekilde tart\u0131\u015f\u0131lan bu kitab\u0131 ayakta alk\u0131\u015flard\u0131\u2026 \u015eeylerin Tuhaf D\u00fczeni, insano\u011flunun ger\u00e7ek k\u00f6kenini ve kayna\u011f\u0131n\u0131 belirlemeye \u00e7al\u0131\u015fan taze ve cesur bir \u00e7abad\u0131r.\u201d -John Banville, The Guardian   \u201cZihni, duyguyu, bilinci ve k\u00fclt\u00fcrlerin olu\u015fumunu nas\u0131l anlad\u0131\u011f\u0131m\u0131za ili\u015fkin m\u00fckemmel bir revizyon\u2026 Damasio, b\u00fcy\u00fcleyici bir homeostaz ara\u015ft\u0131rmas\u0131nda biyoloji ve sosyal bilimler aras\u0131nda hayali bir ba\u011f kuruyor.\u201d -Maria Popova, Brain Pickings<\/p>\n","protected":false},"excerpt":{"rendered":"<p>\u015eeylerin Tuhaf D\u00fczeni, insano\u011flunun hayatta kalmas\u0131n\u0131 sa\u011flayan ve t\u00fcm ya\u015fam\u0131n geli\u015fip serpilmesine olanak tan\u0131yan dinamik dengeye -homeostaza- dair \u00e7\u0131\u011f\u0131r a\u00e7an bir ara\u015ft\u0131rmad\u0131r. Bizler; biyolojik, psikolojik ve<span class=\"excerpt-hellip\"> [\u2026]<\/span><\/p>\n","protected":false},"featured_media":0,"template":"","meta":{"_monsterinsights_skip_tracking":false,"_monsterinsights_sitenote_active":false,"_monsterinsights_sitenote_note":"","_monsterinsights_sitenote_category":0},"product_brand":[],"product_cat":[13072,12291],"product_tag":[],"class_list":{"0":"post-738298","1":"product","2":"type-product","3":"status-publish","5":"product_cat-arastirma-inceleme-referans","6":"product_cat-edebiyat","7":"pa_cilt-ciltsiz","8":"pa_tur-kitap","9":"pa_yayinevi-odtu-gelistirme-vakfi-yayincilik","10":"pa_yazar-antonio-damasio","12":"first","13":"instock","14":"sale","15":"shipping-taxable","16":"purchasable","17":"product-type-simple"},"_links":{"self":[{"href":"https:\/\/roveyayinevi.com.tr\/index.php\/wp-json\/wp\/v2\/product\/738298","targetHints":{"allow":["GET"]}}],"collection":[{"href":"https:\/\/roveyayinevi.com.tr\/index.php\/wp-json\/wp\/v2\/product"}],"about":[{"href":"https:\/\/roveyayinevi.com.tr\/index.php\/wp-json\/wp\/v2\/types\/product"}],"wp:attachment":[{"href":"https:\/\/roveyayinevi.com.tr\/index.php\/wp-json\/wp\/v2\/media?parent=738298"}],"wp:term":[{"taxonomy":"product_brand","embeddable":true,"href":"https:\/\/roveyayinevi.com.tr\/index.php\/wp-json\/wp\/v2\/product_brand?post=738298"},{"taxonomy":"product_cat","embeddable":true,"href":"https:\/\/roveyayinevi.com.tr\/index.php\/wp-json\/wp\/v2\/product_cat?post=738298"},{"taxonomy":"product_tag","embeddable":true,"href":"https:\/\/roveyayinevi.com.tr\/index.php\/wp-json\/wp\/v2\/product_tag?post=738298"}],"curies":[{"name":"wp","href":"https:\/\/api.w.org\/{rel}","templated":true}]}}