{"id":738297,"date":"2025-08-27T23:47:10","date_gmt":"2025-08-27T20:47:10","guid":{"rendered":"https:\/\/roveyayinevi.com.tr\/index.php\/urun\/tanri-denklemi\/"},"modified":"2026-04-16T02:48:35","modified_gmt":"2026-04-15T23:48:35","slug":"tanri-denklemi","status":"publish","type":"product","link":"https:\/\/roveyayinevi.com.tr\/index.php\/urun\/tanri-denklemi\/","title":{"rendered":"Tanr\u0131 Denklemi"},"content":{"rendered":"<p>Newton k\u00fctle\u00e7ekimi yasas\u0131n\u0131 ke\u015ffetti\u011finde, g\u00f6kleri ve D\u00fcnya\u2019y\u0131 y\u00f6neten kanunlar\u0131 birle\u015ftirmi\u015f oldu. O zamandan beri fizik\u00e7iler, giderek daha \u00f6nemli hale gelen teorilere yeni kuvvetler eklemektedir. Ancak, belki de nihai m\u00fccadele, geriye kalan iki teorinin, yani g\u00f6relilik ve kuantum teorisinin sentezini yapmakt\u0131r. Bilimdeki en b\u00fcy\u00fck s\u0131r perdesini aralay\u0131p, \u201cB\u00fcy\u00fck Patlama\u2019dan \u00f6nce ne oldu? Kara deliklerin di\u011fer taraf\u0131nda ne var? Ba\u015fka evrenler ve boyutlar var m\u0131? Zaman yolculu\u011fu m\u00fcmk\u00fcn m\u00fc?\u201d gibi sorulara cevap vermek i\u00e7in do\u011fan\u0131n t\u00fcm kuvvetlerini muhte\u015fem bir denklemde birle\u015ftirmek, bilimin en \u00f6nemli ba\u015far\u0131s\u0131 olacakt\u0131r. Kaku ayr\u0131ca, bu teori etraf\u0131nda d\u00f6nen yo\u011fun tart\u0131\u015fmay\u0131, s\u00f6z konusu hayati soru kar\u015f\u0131s\u0131nda z\u0131t taraflarda yer alan bilim insanlar\u0131na dayand\u0131rarak a\u00e7\u0131klamaktad\u0131r. Kaku\u2019nun kendine \u00f6zg\u00fc co\u015fkunlu\u011fu ve yal\u0131nl\u0131\u011f\u0131 ile yaz\u0131lan bu destans\u0131 macera, Tanr\u0131 Denklemi\u2019nin hikayesidir. <\/p>\n","protected":false},"excerpt":{"rendered":"<p>Newton k\u00fctle\u00e7ekimi yasas\u0131n\u0131 ke\u015ffetti\u011finde, g\u00f6kleri ve D\u00fcnya\u2019y\u0131 y\u00f6neten kanunlar\u0131 birle\u015ftirmi\u015f oldu. O zamandan beri fizik\u00e7iler, giderek daha \u00f6nemli hale gelen teorilere yeni kuvvetler eklemektedir. Ancak, belki<span class=\"excerpt-hellip\"> [\u2026]<\/span><\/p>\n","protected":false},"featured_media":0,"template":"","meta":{"_monsterinsights_skip_tracking":false,"_monsterinsights_sitenote_active":false,"_monsterinsights_sitenote_note":"","_monsterinsights_sitenote_category":0},"product_brand":[],"product_cat":[13005,13010],"product_tag":[],"class_list":{"0":"post-738297","1":"product","2":"type-product","3":"status-publish","5":"product_cat-bilim-muhendislik","6":"product_cat-doga-bilimleri","7":"pa_cilt-ciltsiz","8":"pa_tur-kitap","9":"pa_yayinevi-odtu-gelistirme-vakfi-yayincilik","10":"pa_yazar-michio-kaku","12":"first","13":"instock","14":"sale","15":"shipping-taxable","16":"purchasable","17":"product-type-simple"},"_links":{"self":[{"href":"https:\/\/roveyayinevi.com.tr\/index.php\/wp-json\/wp\/v2\/product\/738297","targetHints":{"allow":["GET"]}}],"collection":[{"href":"https:\/\/roveyayinevi.com.tr\/index.php\/wp-json\/wp\/v2\/product"}],"about":[{"href":"https:\/\/roveyayinevi.com.tr\/index.php\/wp-json\/wp\/v2\/types\/product"}],"wp:attachment":[{"href":"https:\/\/roveyayinevi.com.tr\/index.php\/wp-json\/wp\/v2\/media?parent=738297"}],"wp:term":[{"taxonomy":"product_brand","embeddable":true,"href":"https:\/\/roveyayinevi.com.tr\/index.php\/wp-json\/wp\/v2\/product_brand?post=738297"},{"taxonomy":"product_cat","embeddable":true,"href":"https:\/\/roveyayinevi.com.tr\/index.php\/wp-json\/wp\/v2\/product_cat?post=738297"},{"taxonomy":"product_tag","embeddable":true,"href":"https:\/\/roveyayinevi.com.tr\/index.php\/wp-json\/wp\/v2\/product_tag?post=738297"}],"curies":[{"name":"wp","href":"https:\/\/api.w.org\/{rel}","templated":true}]}}