{"id":738291,"date":"2025-08-27T23:47:02","date_gmt":"2025-08-27T20:47:02","guid":{"rendered":"https:\/\/roveyayinevi.com.tr\/index.php\/urun\/senin-yolun-mevlanadan-gecsin\/"},"modified":"2026-04-16T02:48:35","modified_gmt":"2026-04-15T23:48:35","slug":"senin-yolun-mevlanadan-gecsin","status":"publish","type":"product","link":"https:\/\/roveyayinevi.com.tr\/index.php\/urun\/senin-yolun-mevlanadan-gecsin\/","title":{"rendered":"Senin Yolun Mevlana\u2019dan Ge\u00e7sin"},"content":{"rendered":"<p>\u201cHer g\u00fcn bir yerden g\u00f6\u00e7mek ne iyi,Her g\u00fcn bir yere konmak ne g\u00fczel,Bulanmadan donmadan akmak ne ho\u015f.D\u00fcnle beraber gitti canca\u011f\u0131z\u0131m,Ne kadar s\u00f6z varsa d\u00fcne ait.\u015eimdi yeni \u015feyler s\u00f6ylemek laz\u0131m\u2026\u201dSenin Yolun Mevlana\u2019dan Ge\u00e7sin, ki\u015fisel geli\u015fimin tasavvufla harmanlanm\u0131\u015f \u015fekli olarak yaz\u0131lm\u0131\u015f bir kitap. Huzur yolunda kendini bulmak isteyen, yolunu a\u00e7mak ve kalbi inan\u0131\u015fla yol almak isteyen herkese, yolun g\u00fczelliklerini bir tasavvuf ehlinin hayat\u0131ndan s\u00fczerek okura ta\u015f\u0131yor.\u201cTasavvuf, ya\u015fam\u0131n ta kendisi ve y\u00fcr\u00fcd\u00fc\u011f\u00fcm\u00fcz hayat yolunun pusulas\u0131d\u0131r\u201d diyor yazar. Yolu bulman\u0131n da ki\u015finin kendini bulmas\u0131 demek oldu\u011funu ekliyor. Ham h\u00e2limizle sendeleyerek, zaman zaman y\u00f6n\u00fcm\u00fcz\u00fc \u015fa\u015f\u0131rarak y\u00fcr\u00fcd\u00fc\u011f\u00fcm\u00fcz bu yolda, tasavvuf ve tasavvuf b\u00fcy\u00fckleri \u0131\u015f\u0131k tutacak sayfalar\u0131n aras\u0131ndan. \u0130lahi a\u015fka adanan hayat\u0131 ile Mevl\u00e2n\u00e2 Celaleddin Rumi Hazretleri\u2019nden misaller de karanl\u0131kta kalan s\u0131rlar\u0131 ve yolu bulmaya yard\u0131m edecek.<\/p>\n","protected":false},"excerpt":{"rendered":"<p>\u201cHer g\u00fcn bir yerden g\u00f6\u00e7mek ne iyi,Her g\u00fcn bir yere konmak ne g\u00fczel,Bulanmadan donmadan akmak ne ho\u015f.D\u00fcnle beraber gitti canca\u011f\u0131z\u0131m,Ne kadar s\u00f6z varsa d\u00fcne ait.\u015eimdi yeni<span class=\"excerpt-hellip\"> [\u2026]<\/span><\/p>\n","protected":false},"featured_media":0,"template":"","meta":{"_monsterinsights_skip_tracking":false,"_monsterinsights_sitenote_active":false,"_monsterinsights_sitenote_note":"","_monsterinsights_sitenote_category":0},"product_brand":[],"product_cat":[12364,12376],"product_tag":[],"class_list":{"0":"post-738291","1":"product","2":"type-product","3":"status-publish","5":"product_cat-genel-konular","6":"product_cat-kisisel-gelisim","7":"pa_cilt-ciltsiz","8":"pa_tur-kitap","9":"pa_yayinevi-muptela-yayinevi","10":"pa_yazar-seval-baran","12":"first","13":"instock","14":"sale","15":"shipping-taxable","16":"purchasable","17":"product-type-simple"},"_links":{"self":[{"href":"https:\/\/roveyayinevi.com.tr\/index.php\/wp-json\/wp\/v2\/product\/738291","targetHints":{"allow":["GET"]}}],"collection":[{"href":"https:\/\/roveyayinevi.com.tr\/index.php\/wp-json\/wp\/v2\/product"}],"about":[{"href":"https:\/\/roveyayinevi.com.tr\/index.php\/wp-json\/wp\/v2\/types\/product"}],"wp:attachment":[{"href":"https:\/\/roveyayinevi.com.tr\/index.php\/wp-json\/wp\/v2\/media?parent=738291"}],"wp:term":[{"taxonomy":"product_brand","embeddable":true,"href":"https:\/\/roveyayinevi.com.tr\/index.php\/wp-json\/wp\/v2\/product_brand?post=738291"},{"taxonomy":"product_cat","embeddable":true,"href":"https:\/\/roveyayinevi.com.tr\/index.php\/wp-json\/wp\/v2\/product_cat?post=738291"},{"taxonomy":"product_tag","embeddable":true,"href":"https:\/\/roveyayinevi.com.tr\/index.php\/wp-json\/wp\/v2\/product_tag?post=738291"}],"curies":[{"name":"wp","href":"https:\/\/api.w.org\/{rel}","templated":true}]}}