{"id":738288,"date":"2025-08-27T23:46:59","date_gmt":"2025-08-27T20:46:59","guid":{"rendered":"https:\/\/roveyayinevi.com.tr\/index.php\/urun\/cehennemden-ote-turkiye-futbolunun-ruhunu-arayis\/"},"modified":"2026-04-16T02:48:35","modified_gmt":"2026-04-15T23:48:35","slug":"cehennemden-ote-turkiye-futbolunun-ruhunu-arayis","status":"publish","type":"product","link":"https:\/\/roveyayinevi.com.tr\/index.php\/urun\/cehennemden-ote-turkiye-futbolunun-ruhunu-arayis\/","title":{"rendered":"Cehennemden \u00d6te- T\u00fcrkiye Futbolunun Ruhunu Aray\u0131\u015f"},"content":{"rendered":"<p>\u201cFutbol sahiden \u2018beynelmilel bir \u015fey\u2019dir&#8230; McManus da o \u015feyin bir el\u00e7isi!\u201d \u2013Tan\u0131l BoraT\u00dcRK\u0130YE FUTBOLUNA BATIDAN BAKI\u015e: CEHENNEMDEN \u00d6TET\u00fcrkiye\u2019de sokak aralar\u0131nda, okul bah\u00e7elerinde \u00e7ocuklar\u0131n yuvarlayabilece\u011fi her t\u00fcrl\u00fc nesneyle ba\u015flayan ve trib\u00fcnlere, i\u015fyerlerine, edebiyata ve siyasete ula\u015fan bir tutku: Futbol. Peki ya bu sevdi\u011fimiz ve romantize etti\u011fimiz \u201cT\u00fcrk futbol k\u00fclt\u00fcr\u00fc\u201d d\u0131\u015far\u0131dan nas\u0131l g\u00f6r\u00fcn\u00fcyor; Cehennem gibi mi?Uzun y\u0131llar T\u00fcrkiye\u2019de ya\u015fayan John McManus Cehennemden \u00d6te\u2019de T\u00fcrkiye\u2019nin futbolla imtihan\u0131n\u0131 \u00fclkedeki dikkat \u00e7eken futbol olaylar\u0131 ve futbol fig\u00fcrleri ekseninde masaya yat\u0131r\u0131yor. Trib\u00fcndeki taraftarlardan dinlediklerini, sokakta g\u00f6rd\u00fcklerini, \u0130ngiltere\u2019de T\u00fcrk futboluyla ilgili duyduklar\u0131n\u0131, futbolcularla konu\u015fmalar\u0131n\u0131 ve gazetecilerle r\u00f6portajlar\u0131n\u0131 \u00fclkenin siyasi ve sosyal olarak 21. y\u00fczy\u0131ldaki en \u00e7alkant\u0131l\u0131 d\u00f6nemi olan 2015-2017 y\u0131llar\u0131 aras\u0131ndaki kendi deneyimleriyle harmanlayarak \u201cd\u0131\u015far\u0131dan bir g\u00f6z\u00fcn\u201d \u00fclke futboluna bakt\u0131\u011f\u0131nda ne g\u00f6rd\u00fc\u011f\u00fcn\u00fc bize aksediyor.<\/p>\n","protected":false},"excerpt":{"rendered":"<p>\u201cFutbol sahiden \u2018beynelmilel bir \u015fey\u2019dir&#8230; McManus da o \u015feyin bir el\u00e7isi!\u201d \u2013Tan\u0131l BoraT\u00dcRK\u0130YE FUTBOLUNA BATIDAN BAKI\u015e: CEHENNEMDEN \u00d6TET\u00fcrkiye\u2019de sokak aralar\u0131nda, okul bah\u00e7elerinde \u00e7ocuklar\u0131n yuvarlayabilece\u011fi her t\u00fcrl\u00fc<span class=\"excerpt-hellip\"> [\u2026]<\/span><\/p>\n","protected":false},"featured_media":0,"template":"","meta":{"_monsterinsights_skip_tracking":false,"_monsterinsights_sitenote_active":false,"_monsterinsights_sitenote_note":"","_monsterinsights_sitenote_category":0},"product_brand":[],"product_cat":[28265,15563],"product_tag":[],"class_list":{"0":"post-738288","1":"product","2":"type-product","3":"status-publish","5":"product_cat-diger-hobi","6":"product_cat-hobi","7":"pa_cilt-ciltsiz","8":"pa_tur-kitap","9":"pa_yayinevi-ithaki-yayinlari","10":"pa_yazar-john-mcmanus","12":"first","13":"instock","14":"sale","15":"shipping-taxable","16":"purchasable","17":"product-type-simple"},"_links":{"self":[{"href":"https:\/\/roveyayinevi.com.tr\/index.php\/wp-json\/wp\/v2\/product\/738288","targetHints":{"allow":["GET"]}}],"collection":[{"href":"https:\/\/roveyayinevi.com.tr\/index.php\/wp-json\/wp\/v2\/product"}],"about":[{"href":"https:\/\/roveyayinevi.com.tr\/index.php\/wp-json\/wp\/v2\/types\/product"}],"wp:attachment":[{"href":"https:\/\/roveyayinevi.com.tr\/index.php\/wp-json\/wp\/v2\/media?parent=738288"}],"wp:term":[{"taxonomy":"product_brand","embeddable":true,"href":"https:\/\/roveyayinevi.com.tr\/index.php\/wp-json\/wp\/v2\/product_brand?post=738288"},{"taxonomy":"product_cat","embeddable":true,"href":"https:\/\/roveyayinevi.com.tr\/index.php\/wp-json\/wp\/v2\/product_cat?post=738288"},{"taxonomy":"product_tag","embeddable":true,"href":"https:\/\/roveyayinevi.com.tr\/index.php\/wp-json\/wp\/v2\/product_tag?post=738288"}],"curies":[{"name":"wp","href":"https:\/\/api.w.org\/{rel}","templated":true}]}}