{"id":738286,"date":"2025-08-27T23:46:56","date_gmt":"2025-08-27T20:46:56","guid":{"rendered":"https:\/\/roveyayinevi.com.tr\/index.php\/urun\/din-devlet-ve-egitim-uzerine\/"},"modified":"2026-04-16T02:48:35","modified_gmt":"2026-04-15T23:48:35","slug":"din-devlet-ve-egitim-uzerine","status":"publish","type":"product","link":"https:\/\/roveyayinevi.com.tr\/index.php\/urun\/din-devlet-ve-egitim-uzerine\/","title":{"rendered":"Din, Devlet Ve E\u011fitim \u00dczerine"},"content":{"rendered":"<p>Bu \u00e7al\u0131\u015fmam\u0131zda tarih boyunca ya\u015fanan ve g\u00fcn\u00fcm\u00fczde de yak\u0131c\u0131 bir \u015fekilde ya\u015fanmakta olan y\u00f6netici kadrolar\u0131n ehliyet ve liyakatleri ile ilgili sosyolojik bir ger\u00e7e\u011fe dikkat \u00e7ekmek istedik. Fert ve insan hayat\u0131ndaki \u00f6nemine binaen toplumumuzun son iki y\u00fcz y\u0131ll\u0131k e\u011fitim s\u00fcrecinin panoramik bir de\u011ferlendirmesini yapmaya \u00e7al\u0131\u015ft\u0131k. Siyasi sistem ve hedefler ne olursa olsun her d\u00f6nemde e\u011fitime gerekli \u00f6nemin verilmesinin hayati de\u011feri bulundu\u011funu ve buna ayk\u0131r\u0131 olan her projenin sonu\u00e7suz kalmaya mahkum oldu\u011funu g\u00f6stermek istedik. E\u011fitimin kendisi kadar niteli\u011finin de \u00f6nemini belirtmek isterken \u201cbilimsel e\u011fitim\u201d kadar \u201cde\u011ferler e\u011fitiminin\u201d de \u00f6nemli oldu\u011funu bir tak\u0131m tarihi \u00f6rneklerle ifade etmeye \u00e7al\u0131\u015ft\u0131k. <\/p>\n","protected":false},"excerpt":{"rendered":"<p>Bu \u00e7al\u0131\u015fmam\u0131zda tarih boyunca ya\u015fanan ve g\u00fcn\u00fcm\u00fczde de yak\u0131c\u0131 bir \u015fekilde ya\u015fanmakta olan y\u00f6netici kadrolar\u0131n ehliyet ve liyakatleri ile ilgili sosyolojik bir ger\u00e7e\u011fe dikkat \u00e7ekmek istedik.<span class=\"excerpt-hellip\"> [\u2026]<\/span><\/p>\n","protected":false},"featured_media":0,"template":"","meta":{"_monsterinsights_skip_tracking":false,"_monsterinsights_sitenote_active":false,"_monsterinsights_sitenote_note":"","_monsterinsights_sitenote_category":0},"product_brand":[],"product_cat":[12388,13555],"product_tag":[],"class_list":{"0":"post-738286","1":"product","2":"type-product","3":"status-publish","5":"product_cat-felsefe","6":"product_cat-genel-felsefe","7":"pa_cilt-ciltsiz","8":"pa_tur-kitap","9":"pa_yayinevi-sinirsiz-kitap","10":"pa_yazar-ali-ozveren","12":"first","13":"instock","14":"sale","15":"shipping-taxable","16":"purchasable","17":"product-type-simple"},"_links":{"self":[{"href":"https:\/\/roveyayinevi.com.tr\/index.php\/wp-json\/wp\/v2\/product\/738286","targetHints":{"allow":["GET"]}}],"collection":[{"href":"https:\/\/roveyayinevi.com.tr\/index.php\/wp-json\/wp\/v2\/product"}],"about":[{"href":"https:\/\/roveyayinevi.com.tr\/index.php\/wp-json\/wp\/v2\/types\/product"}],"wp:attachment":[{"href":"https:\/\/roveyayinevi.com.tr\/index.php\/wp-json\/wp\/v2\/media?parent=738286"}],"wp:term":[{"taxonomy":"product_brand","embeddable":true,"href":"https:\/\/roveyayinevi.com.tr\/index.php\/wp-json\/wp\/v2\/product_brand?post=738286"},{"taxonomy":"product_cat","embeddable":true,"href":"https:\/\/roveyayinevi.com.tr\/index.php\/wp-json\/wp\/v2\/product_cat?post=738286"},{"taxonomy":"product_tag","embeddable":true,"href":"https:\/\/roveyayinevi.com.tr\/index.php\/wp-json\/wp\/v2\/product_tag?post=738286"}],"curies":[{"name":"wp","href":"https:\/\/api.w.org\/{rel}","templated":true}]}}