{"id":738275,"date":"2025-08-27T23:46:43","date_gmt":"2025-08-27T20:46:43","guid":{"rendered":"https:\/\/roveyayinevi.com.tr\/index.php\/urun\/askin-de-hali\/"},"modified":"2026-04-16T02:48:34","modified_gmt":"2026-04-15T23:48:34","slug":"askin-de-hali","status":"publish","type":"product","link":"https:\/\/roveyayinevi.com.tr\/index.php\/urun\/askin-de-hali\/","title":{"rendered":"A\u015fk\u0131n \u2013De Hali"},"content":{"rendered":"<p>\u201cO an kalk\u0131p ona ko\u015fabilirdi ama ayaklar\u0131 gelecekteki g\u00fczel g\u00fcnlere de\u011fil, \u00e7\u00f6zemedi\u011fi ge\u00e7mi\u015fine do\u011fru ilerliyordu. Oradaki d\u00fc\u011f\u00fcmler ayaklar\u0131na dola\u015fm\u0131\u015f, gelece\u011fine y\u00fcr\u00fcmesine izin vermiyordu.\u201d Ge\u00e7mi\u015fteki a\u015fklar\u0131na tak\u0131l\u0131p kalm\u0131\u015ft\u0131 alt\u0131s\u0131 da\u2026 \u015eimdiki zamanda yollar\u0131 kesi\u015fince hik\u00e2yeleri birbirine kar\u0131\u015ft\u0131. Umutla ararken \u00fcmitsizli\u011fe d\u00fc\u015ft\u00fckleri o ger\u00e7ek a\u015fk neredeydi? Otob\u00fcse yeti\u015fmeye \u00e7al\u0131\u015f\u0131rken mi d\u00fc\u015f\u00fcrm\u00fc\u015flerdi, paspas\u0131n alt\u0131na m\u0131 s\u00fcp\u00fcrm\u00fc\u015flerdi? Kaybettikleri yerde miydi h\u00e2l\u00e2, hi\u00e7 ummad\u0131klar\u0131 birinde mi? Hep birlikte ge\u00e7mi\u015flerine bakarken anlad\u0131lar ki; bildikleri ve bilmedikleri b\u00fct\u00fcn h\u00e2lleriyle a\u015fk, g\u00f6zlerinin \u00f6n\u00fcnde idi.<\/p>\n","protected":false},"excerpt":{"rendered":"<p>\u201cO an kalk\u0131p ona ko\u015fabilirdi ama ayaklar\u0131 gelecekteki g\u00fczel g\u00fcnlere de\u011fil, \u00e7\u00f6zemedi\u011fi ge\u00e7mi\u015fine do\u011fru ilerliyordu. Oradaki d\u00fc\u011f\u00fcmler ayaklar\u0131na dola\u015fm\u0131\u015f, gelece\u011fine y\u00fcr\u00fcmesine izin vermiyordu.\u201d Ge\u00e7mi\u015fteki a\u015fklar\u0131na tak\u0131l\u0131p<span class=\"excerpt-hellip\"> [\u2026]<\/span><\/p>\n","protected":false},"featured_media":0,"template":"","meta":{"_monsterinsights_skip_tracking":false,"_monsterinsights_sitenote_active":false,"_monsterinsights_sitenote_note":"","_monsterinsights_sitenote_category":0},"product_brand":[],"product_cat":[12291,50487],"product_tag":[],"class_list":{"0":"post-738275","1":"product","2":"type-product","3":"status-publish","5":"product_cat-edebiyat","6":"product_cat-kurgu","7":"pa_cilt-ciltsiz","8":"pa_tur-kitap","9":"pa_yayinevi-epsilon-yayinlari","10":"pa_yazar-busra-yilmaz","12":"first","13":"instock","14":"sale","15":"shipping-taxable","16":"purchasable","17":"product-type-simple"},"_links":{"self":[{"href":"https:\/\/roveyayinevi.com.tr\/index.php\/wp-json\/wp\/v2\/product\/738275","targetHints":{"allow":["GET"]}}],"collection":[{"href":"https:\/\/roveyayinevi.com.tr\/index.php\/wp-json\/wp\/v2\/product"}],"about":[{"href":"https:\/\/roveyayinevi.com.tr\/index.php\/wp-json\/wp\/v2\/types\/product"}],"wp:attachment":[{"href":"https:\/\/roveyayinevi.com.tr\/index.php\/wp-json\/wp\/v2\/media?parent=738275"}],"wp:term":[{"taxonomy":"product_brand","embeddable":true,"href":"https:\/\/roveyayinevi.com.tr\/index.php\/wp-json\/wp\/v2\/product_brand?post=738275"},{"taxonomy":"product_cat","embeddable":true,"href":"https:\/\/roveyayinevi.com.tr\/index.php\/wp-json\/wp\/v2\/product_cat?post=738275"},{"taxonomy":"product_tag","embeddable":true,"href":"https:\/\/roveyayinevi.com.tr\/index.php\/wp-json\/wp\/v2\/product_tag?post=738275"}],"curies":[{"name":"wp","href":"https:\/\/api.w.org\/{rel}","templated":true}]}}