{"id":738268,"date":"2025-08-27T23:46:35","date_gmt":"2025-08-27T20:46:35","guid":{"rendered":"https:\/\/roveyayinevi.com.tr\/index.php\/urun\/boceklerin-gezegeni-yeryuzunun-gizli-sahipleri\/"},"modified":"2026-04-16T02:48:34","modified_gmt":"2026-04-15T23:48:34","slug":"boceklerin-gezegeni-yeryuzunun-gizli-sahipleri","status":"publish","type":"product","link":"https:\/\/roveyayinevi.com.tr\/index.php\/urun\/boceklerin-gezegeni-yeryuzunun-gizli-sahipleri\/","title":{"rendered":"B\u00f6ceklerin Gezegeni \u2013Yery\u00fcz\u00fcn\u00fcn Gizli Sahipleri"},"content":{"rendered":"<p>\u201c\u00dczerinde ya\u015fad\u0131\u011f\u0131m\u0131z gezegenin k\u0131sa ama canl\u0131 tarihini, milyonlarca y\u0131ld\u0131r karalara egemen olan b\u00f6ceklerin bak\u0131\u015f a\u00e7\u0131s\u0131ndan anlatan harika bir kitap bu. Shaw, renkli anlat\u0131m\u0131yla bizi b\u00f6cekli gezegenimizin tarihinde e\u011flenceli ve \u015fa\u015f\u0131rt\u0131c\u0131 bir yolculu\u011fa \u00e7\u0131kar\u0131yor.\u201d PD Smith\/Guardian \u201cKim demi\u015f ciddi konular e\u011flenceli bir dille anlat\u0131lamaz diye. Shaw bunu ba\u015far\u0131yor.\u201d  Dena M. Smith\/Boulder \u00dcniversites\u0130, Colorado \u201cShaw\u2019un ayr\u0131nt\u0131l\u0131 \u00e7al\u0131\u015fmas\u0131 eski ve yeni b\u00f6cekleri canl\u0131l\u0131\u011f\u0131n tarihindeki yerine oturtarak yery\u00fcz\u00fcndeki t\u00fcm canl\u0131lar\u0131n birbirine nas\u0131l ba\u011fl\u0131 olu\u011funu g\u00f6zler \u00f6n\u00fcne seriyor.\u201d  Publishers Weekly \u201cOkurlar bu kitab\u0131 okuyup b\u00f6ceklerin \u00e7e\u015fitlili\u011fini ve marifetlerini g\u00f6rd\u00fcklerinde, yery\u00fcz\u00fcndeki g\u00f6rkemli b\u00f6cek \u00e7e\u015fitlili\u011fine ve evrime daha farkl\u0131 bir g\u00f6zle bakacaklar.\u201d Bob Holmes \u2013 New Scientist<\/p>\n","protected":false},"excerpt":{"rendered":"<p>\u201c\u00dczerinde ya\u015fad\u0131\u011f\u0131m\u0131z gezegenin k\u0131sa ama canl\u0131 tarihini, milyonlarca y\u0131ld\u0131r karalara egemen olan b\u00f6ceklerin bak\u0131\u015f a\u00e7\u0131s\u0131ndan anlatan harika bir kitap bu. Shaw, renkli anlat\u0131m\u0131yla bizi b\u00f6cekli gezegenimizin<span class=\"excerpt-hellip\"> [\u2026]<\/span><\/p>\n","protected":false},"featured_media":0,"template":"","meta":{"_monsterinsights_skip_tracking":false,"_monsterinsights_sitenote_active":false,"_monsterinsights_sitenote_note":"","_monsterinsights_sitenote_category":0},"product_brand":[],"product_cat":[13005,13010],"product_tag":[],"class_list":{"0":"post-738268","1":"product","2":"type-product","3":"status-publish","5":"product_cat-bilim-muhendislik","6":"product_cat-doga-bilimleri","7":"pa_cilt-ciltsiz","8":"pa_tur-kitap","9":"pa_yayinevi-fol-kitap","10":"pa_yazar-scott-richard-shaw","12":"first","13":"instock","14":"sale","15":"shipping-taxable","16":"purchasable","17":"product-type-simple"},"_links":{"self":[{"href":"https:\/\/roveyayinevi.com.tr\/index.php\/wp-json\/wp\/v2\/product\/738268","targetHints":{"allow":["GET"]}}],"collection":[{"href":"https:\/\/roveyayinevi.com.tr\/index.php\/wp-json\/wp\/v2\/product"}],"about":[{"href":"https:\/\/roveyayinevi.com.tr\/index.php\/wp-json\/wp\/v2\/types\/product"}],"wp:attachment":[{"href":"https:\/\/roveyayinevi.com.tr\/index.php\/wp-json\/wp\/v2\/media?parent=738268"}],"wp:term":[{"taxonomy":"product_brand","embeddable":true,"href":"https:\/\/roveyayinevi.com.tr\/index.php\/wp-json\/wp\/v2\/product_brand?post=738268"},{"taxonomy":"product_cat","embeddable":true,"href":"https:\/\/roveyayinevi.com.tr\/index.php\/wp-json\/wp\/v2\/product_cat?post=738268"},{"taxonomy":"product_tag","embeddable":true,"href":"https:\/\/roveyayinevi.com.tr\/index.php\/wp-json\/wp\/v2\/product_tag?post=738268"}],"curies":[{"name":"wp","href":"https:\/\/api.w.org\/{rel}","templated":true}]}}