{"id":738267,"date":"2025-08-27T23:46:34","date_gmt":"2025-08-27T20:46:34","guid":{"rendered":"https:\/\/roveyayinevi.com.tr\/index.php\/urun\/2-oyun-bir-arada-toz-istirap-korosu\/"},"modified":"2026-04-16T02:48:34","modified_gmt":"2026-04-15T23:48:34","slug":"2-oyun-bir-arada-toz-istirap-korosu","status":"publish","type":"product","link":"https:\/\/roveyayinevi.com.tr\/index.php\/urun\/2-oyun-bir-arada-toz-istirap-korosu\/","title":{"rendered":"2 Oyun Bir Arada Toz &#8211; Ist\u0131rap Korosu"},"content":{"rendered":"<p>Toz Evlendi\u011fimiz g\u00fcn, annem ilk kez ruj s\u00fcr\u00fcyor&#8230; Babamla onu ilk kez dans ederken g\u00f6r\u00fcyorum&#8230; Annem ger\u00e7ekten hayat\u0131mda g\u00f6rd\u00fc\u011f\u00fcm en g\u00fczel kad\u0131n..Ist\u0131rap Korosu Dur, k\u00f6pr\u00fcdeyim, sallanmaktay\u0131m, yolday\u0131m\u2026az kald\u0131, bana da ayn\u0131ndan s\u00f6yle, duda\u011f\u0131m\u0131zda ba\u015fka tat olmas\u0131n\u2026<\/p>\n","protected":false},"excerpt":{"rendered":"<p>Toz Evlendi\u011fimiz g\u00fcn, annem ilk kez ruj s\u00fcr\u00fcyor&#8230; Babamla onu ilk kez dans ederken g\u00f6r\u00fcyorum&#8230; Annem ger\u00e7ekten hayat\u0131mda g\u00f6rd\u00fc\u011f\u00fcm en g\u00fczel kad\u0131n..Ist\u0131rap Korosu Dur, k\u00f6pr\u00fcdeyim, sallanmaktay\u0131m,<span class=\"excerpt-hellip\"> [\u2026]<\/span><\/p>\n","protected":false},"featured_media":0,"template":"","meta":{"_monsterinsights_skip_tracking":false,"_monsterinsights_sitenote_active":false,"_monsterinsights_sitenote_note":"","_monsterinsights_sitenote_category":0},"product_brand":[],"product_cat":[12291,14272],"product_tag":[],"class_list":{"0":"post-738267","1":"product","2":"type-product","3":"status-publish","5":"product_cat-edebiyat","6":"product_cat-tiyatro","7":"pa_cilt-ciltsiz","8":"pa_tur-kitap","9":"pa_yayinevi-habitus-yayinlari","10":"pa_yazar-murat-mahmutyazicioglu","12":"first","13":"instock","14":"sale","15":"shipping-taxable","16":"purchasable","17":"product-type-simple"},"_links":{"self":[{"href":"https:\/\/roveyayinevi.com.tr\/index.php\/wp-json\/wp\/v2\/product\/738267","targetHints":{"allow":["GET"]}}],"collection":[{"href":"https:\/\/roveyayinevi.com.tr\/index.php\/wp-json\/wp\/v2\/product"}],"about":[{"href":"https:\/\/roveyayinevi.com.tr\/index.php\/wp-json\/wp\/v2\/types\/product"}],"wp:attachment":[{"href":"https:\/\/roveyayinevi.com.tr\/index.php\/wp-json\/wp\/v2\/media?parent=738267"}],"wp:term":[{"taxonomy":"product_brand","embeddable":true,"href":"https:\/\/roveyayinevi.com.tr\/index.php\/wp-json\/wp\/v2\/product_brand?post=738267"},{"taxonomy":"product_cat","embeddable":true,"href":"https:\/\/roveyayinevi.com.tr\/index.php\/wp-json\/wp\/v2\/product_cat?post=738267"},{"taxonomy":"product_tag","embeddable":true,"href":"https:\/\/roveyayinevi.com.tr\/index.php\/wp-json\/wp\/v2\/product_tag?post=738267"}],"curies":[{"name":"wp","href":"https:\/\/api.w.org\/{rel}","templated":true}]}}