{"id":738266,"date":"2025-08-27T23:46:33","date_gmt":"2025-08-27T20:46:33","guid":{"rendered":"https:\/\/roveyayinevi.com.tr\/index.php\/urun\/dogru-abdest-dogru-namaz\/"},"modified":"2026-03-12T02:57:32","modified_gmt":"2026-03-11T23:57:32","slug":"dogru-abdest-dogru-namaz","status":"publish","type":"product","link":"https:\/\/roveyayinevi.com.tr\/index.php\/urun\/dogru-abdest-dogru-namaz\/","title":{"rendered":"Do\u011fru Abdest Do\u011fru Namaz"},"content":{"rendered":"<p>M\u00fcsl\u00fcmanlar \u00e7ok ciddi bir \u0130BADET olan NAMAZ\u2019\u0131n nas\u0131l k\u0131l\u0131naca\u011f\u0131n\u0131 biliyor. Biz m\u00fcsl\u00fc-manlar namaz\u0131 Resulullah S.A.V. nas\u0131l k\u0131l\u0131yorsa, \u00f6yle k\u0131laca\u011f\u0131z, ekleme ve eksiklik olmayacak. Resimli, a\u00e7\u0131klamal\u0131 \u201cNamaz Hocas\u0131\u201d kitaplar\u0131 elhamd\u00fclillah \u00e7ok . \u00c7ok ama hele i\u00e7inde eklemeler olunca, b\u00f6yle bir ciddi ibadet i\u00e7in \u00e7ok farkl\u0131 eklemelerin veya atlamalar\u0131n do\u011fru olmayaca\u011f\u0131n\u0131 d\u00fc\u015f\u00fcn\u00fck. Sade, ihlasla. Y\u00fcce Allah\u2019\u0131n iyi kulu olmak i\u00e7in NAMAZ k\u0131laca\u011f\u0131z. Her inana yararl\u0131 olaca\u011f\u0131 d\u00fc\u015f\u00fcncesiyle resimsiz sade olarak yazd\u0131k.    Eserde kaynak tutarl\u0131l\u0131\u011f\u0131na \u00e7ok dikkat etti\u011fimiz i\u00e7in baz\u0131 \u00f6nemli metinleri \u00f6zg\u00fcn kayna\u011f\u0131ndan ald\u0131k.    Bu eser bilgi edinmemizi sa\u011flayacakt\u0131r. Ba\u015far\u0131 ve zafer ancak y\u00fcce Allah\u2019\u0131n yard\u0131m\u0131yla olur. Y\u00fcce Allah, t\u00fcm insanl\u0131\u011fa D\u00fcnya ve Ahiret\u2019te ba\u015far\u0131 ve mutluluk-huzur versin! O\u2019nun her \u015feye g\u00fcc\u00fc yeter!   \u00c7\u00fcnk\u00fc namaz m\u00fcminlere belirli vakitlerde yaz\u0131l\u0131 bir farzd\u0131r. Kur\u2019an: Nisa Suresi 4\/103.Ayet (Elmal\u0131l\u0131 Hamdi YAZIR Meali.) <\/p>\n","protected":false},"excerpt":{"rendered":"<p>M\u00fcsl\u00fcmanlar \u00e7ok ciddi bir \u0130BADET olan NAMAZ\u2019\u0131n nas\u0131l k\u0131l\u0131naca\u011f\u0131n\u0131 biliyor. Biz m\u00fcsl\u00fc-manlar namaz\u0131 Resulullah S.A.V. nas\u0131l k\u0131l\u0131yorsa, \u00f6yle k\u0131laca\u011f\u0131z, ekleme ve eksiklik olmayacak. Resimli, a\u00e7\u0131klamal\u0131 \u201cNamaz<span class=\"excerpt-hellip\"> [\u2026]<\/span><\/p>\n","protected":false},"featured_media":0,"template":"","meta":{"_monsterinsights_skip_tracking":false,"_monsterinsights_sitenote_active":false,"_monsterinsights_sitenote_note":"","_monsterinsights_sitenote_category":0},"product_brand":[],"product_cat":[12718,12719],"product_tag":[],"class_list":{"0":"post-738266","1":"product","2":"type-product","3":"status-publish","5":"product_cat-din","6":"product_cat-islam","7":"pa_cilt-ciltsiz","8":"pa_tur-kitap","9":"pa_yayinevi-kirmizi-cati-yayinlari","10":"pa_yazar-osman-zumrut","12":"first","13":"instock","14":"sale","15":"shipping-taxable","16":"purchasable","17":"product-type-simple"},"_links":{"self":[{"href":"https:\/\/roveyayinevi.com.tr\/index.php\/wp-json\/wp\/v2\/product\/738266","targetHints":{"allow":["GET"]}}],"collection":[{"href":"https:\/\/roveyayinevi.com.tr\/index.php\/wp-json\/wp\/v2\/product"}],"about":[{"href":"https:\/\/roveyayinevi.com.tr\/index.php\/wp-json\/wp\/v2\/types\/product"}],"wp:attachment":[{"href":"https:\/\/roveyayinevi.com.tr\/index.php\/wp-json\/wp\/v2\/media?parent=738266"}],"wp:term":[{"taxonomy":"product_brand","embeddable":true,"href":"https:\/\/roveyayinevi.com.tr\/index.php\/wp-json\/wp\/v2\/product_brand?post=738266"},{"taxonomy":"product_cat","embeddable":true,"href":"https:\/\/roveyayinevi.com.tr\/index.php\/wp-json\/wp\/v2\/product_cat?post=738266"},{"taxonomy":"product_tag","embeddable":true,"href":"https:\/\/roveyayinevi.com.tr\/index.php\/wp-json\/wp\/v2\/product_tag?post=738266"}],"curies":[{"name":"wp","href":"https:\/\/api.w.org\/{rel}","templated":true}]}}