{"id":738265,"date":"2025-08-27T23:46:32","date_gmt":"2025-08-27T20:46:32","guid":{"rendered":"https:\/\/roveyayinevi.com.tr\/index.php\/urun\/kaza-namazinin-fikhi-hukmu\/"},"modified":"2026-03-12T02:57:32","modified_gmt":"2026-03-11T23:57:32","slug":"kaza-namazinin-fikhi-hukmu","status":"publish","type":"product","link":"https:\/\/roveyayinevi.com.tr\/index.php\/urun\/kaza-namazinin-fikhi-hukmu\/","title":{"rendered":"Kaza Namaz\u0131\u2019n\u0131n F\u0131khi H\u00fckm\u00fc"},"content":{"rendered":"<p>Y\u0131llarca namaz k\u0131lamam\u0131\u015f ama \u015fimdi k\u0131lmaya ba\u015flam\u0131\u015f ve ge\u00e7mi\u015fte k\u0131lamad\u0131klar\u0131n\u0131 k\u0131lmak istiyorsa, \u0130mam Azam Ebu Hanife\u2019nin de hocal\u0131\u011f\u0131n\u0131 yapm\u0131\u015f Haf\u0131z, M\u00fcfessir, Fakih olan \u0130brahim e\u2019n-Nehe\u2019\u00ee (Hicri 49-96) fetvas\u0131 \u015fudur:   \u201c- Kim yirmi y\u0131l bir namaz\u0131n\u0131 terk ederse \/ k\u0131lamazsa, (k\u0131lamad\u0131klar\u0131 namazlar\u0131n\u0131) iade etmez. ancak bunun i\u00e7in bir kez (iki rek\u2019at, vakti belli olmad\u0131\u011f\u0131ndan dolay\u0131 nafile) namaz k\u0131lmas\u0131 yeterlidir.\u201d  Kaynak:  e\u2019l-Buh\u00e2r\u00ee (\u00d6l.: 256), D\u00e2ru Tavku\u2019n-Nec\u00e2t, 1. Bas., C.: 1-9,  D\u0131m\u0131\u015fk, H.1422, 1\/122 <\/p>\n","protected":false},"excerpt":{"rendered":"<p>Y\u0131llarca namaz k\u0131lamam\u0131\u015f ama \u015fimdi k\u0131lmaya ba\u015flam\u0131\u015f ve ge\u00e7mi\u015fte k\u0131lamad\u0131klar\u0131n\u0131 k\u0131lmak istiyorsa, \u0130mam Azam Ebu Hanife\u2019nin de hocal\u0131\u011f\u0131n\u0131 yapm\u0131\u015f Haf\u0131z, M\u00fcfessir, Fakih olan \u0130brahim e\u2019n-Nehe\u2019\u00ee (Hicri<span class=\"excerpt-hellip\"> [\u2026]<\/span><\/p>\n","protected":false},"featured_media":0,"template":"","meta":{"_monsterinsights_skip_tracking":false,"_monsterinsights_sitenote_active":false,"_monsterinsights_sitenote_note":"","_monsterinsights_sitenote_category":0},"product_brand":[],"product_cat":[12718,12719],"product_tag":[],"class_list":{"0":"post-738265","1":"product","2":"type-product","3":"status-publish","5":"product_cat-din","6":"product_cat-islam","7":"pa_cilt-ciltsiz","8":"pa_tur-kitap","9":"pa_yayinevi-kirmizi-cati-yayinlari","10":"pa_yazar-osman-zumrut","12":"first","13":"instock","14":"sale","15":"shipping-taxable","16":"purchasable","17":"product-type-simple"},"_links":{"self":[{"href":"https:\/\/roveyayinevi.com.tr\/index.php\/wp-json\/wp\/v2\/product\/738265","targetHints":{"allow":["GET"]}}],"collection":[{"href":"https:\/\/roveyayinevi.com.tr\/index.php\/wp-json\/wp\/v2\/product"}],"about":[{"href":"https:\/\/roveyayinevi.com.tr\/index.php\/wp-json\/wp\/v2\/types\/product"}],"wp:attachment":[{"href":"https:\/\/roveyayinevi.com.tr\/index.php\/wp-json\/wp\/v2\/media?parent=738265"}],"wp:term":[{"taxonomy":"product_brand","embeddable":true,"href":"https:\/\/roveyayinevi.com.tr\/index.php\/wp-json\/wp\/v2\/product_brand?post=738265"},{"taxonomy":"product_cat","embeddable":true,"href":"https:\/\/roveyayinevi.com.tr\/index.php\/wp-json\/wp\/v2\/product_cat?post=738265"},{"taxonomy":"product_tag","embeddable":true,"href":"https:\/\/roveyayinevi.com.tr\/index.php\/wp-json\/wp\/v2\/product_tag?post=738265"}],"curies":[{"name":"wp","href":"https:\/\/api.w.org\/{rel}","templated":true}]}}