{"id":738263,"date":"2025-08-27T23:46:29","date_gmt":"2025-08-27T20:46:29","guid":{"rendered":"https:\/\/roveyayinevi.com.tr\/index.php\/urun\/sairin-burada-asil-anlatmak-istedigi\/"},"modified":"2026-04-16T02:48:34","modified_gmt":"2026-04-15T23:48:34","slug":"sairin-burada-asil-anlatmak-istedigi","status":"publish","type":"product","link":"https:\/\/roveyayinevi.com.tr\/index.php\/urun\/sairin-burada-asil-anlatmak-istedigi\/","title":{"rendered":"\u015eairin Burada \u201cAs\u0131l Anlatmak \u0130stedi\u011fi\u201d"},"content":{"rendered":"<p>Son derece \u00fcretken bir \u015fair olan Eren Erten Ertem\u2019in ilk \u015fiir kitab\u0131. Duygusal ve melankolik bir yap\u0131ya sahip olan \u015fairin, \u015fiirlerinde de ayn\u0131 duygular\u0131 hissetmek m\u00fcmk\u00fcn. E. E. Ertem, \u015fiirlerinde hi\u00e7bir noktalama i\u015fareti kullanm\u0131yor. Noktalama i\u015fareti kullanarak yap\u0131lan anlam k\u0131s\u0131tlamalar\u0131n\u0131 ortadan kald\u0131r\u0131yor, anlam\u0131 okuyucuya b\u0131rak\u0131yor. B\u00f6ylece baz\u0131 dizeler ve \u015fiirlerde okuyucunun ruh haline g\u00f6re farkl\u0131 anlamlar \u00e7\u0131kabilir. \u015eiire ilgi duyan herkese tavsiye ediyoruz.                <\/p>\n","protected":false},"excerpt":{"rendered":"<p>Son derece \u00fcretken bir \u015fair olan Eren Erten Ertem\u2019in ilk \u015fiir kitab\u0131. Duygusal ve melankolik bir yap\u0131ya sahip olan \u015fairin, \u015fiirlerinde de ayn\u0131 duygular\u0131 hissetmek m\u00fcmk\u00fcn.<span class=\"excerpt-hellip\"> [\u2026]<\/span><\/p>\n","protected":false},"featured_media":0,"template":"","meta":{"_monsterinsights_skip_tracking":false,"_monsterinsights_sitenote_active":false,"_monsterinsights_sitenote_note":"","_monsterinsights_sitenote_category":0},"product_brand":[],"product_cat":[12291,12509],"product_tag":[],"class_list":{"0":"post-738263","1":"product","2":"type-product","3":"status-publish","5":"product_cat-edebiyat","6":"product_cat-siir","7":"pa_cilt-ciltsiz","8":"pa_tur-kitap","9":"pa_yayinevi-myrina-yayinlari","10":"pa_yazar-eren-erten-ertem","12":"first","13":"instock","14":"sale","15":"shipping-taxable","16":"purchasable","17":"product-type-simple"},"_links":{"self":[{"href":"https:\/\/roveyayinevi.com.tr\/index.php\/wp-json\/wp\/v2\/product\/738263","targetHints":{"allow":["GET"]}}],"collection":[{"href":"https:\/\/roveyayinevi.com.tr\/index.php\/wp-json\/wp\/v2\/product"}],"about":[{"href":"https:\/\/roveyayinevi.com.tr\/index.php\/wp-json\/wp\/v2\/types\/product"}],"wp:attachment":[{"href":"https:\/\/roveyayinevi.com.tr\/index.php\/wp-json\/wp\/v2\/media?parent=738263"}],"wp:term":[{"taxonomy":"product_brand","embeddable":true,"href":"https:\/\/roveyayinevi.com.tr\/index.php\/wp-json\/wp\/v2\/product_brand?post=738263"},{"taxonomy":"product_cat","embeddable":true,"href":"https:\/\/roveyayinevi.com.tr\/index.php\/wp-json\/wp\/v2\/product_cat?post=738263"},{"taxonomy":"product_tag","embeddable":true,"href":"https:\/\/roveyayinevi.com.tr\/index.php\/wp-json\/wp\/v2\/product_tag?post=738263"}],"curies":[{"name":"wp","href":"https:\/\/api.w.org\/{rel}","templated":true}]}}