{"id":738262,"date":"2025-08-27T23:46:28","date_gmt":"2025-08-27T20:46:28","guid":{"rendered":"https:\/\/roveyayinevi.com.tr\/index.php\/urun\/kahveli-yasam-ve-saglik-uzerine-etkileri\/"},"modified":"2025-12-30T10:50:18","modified_gmt":"2025-12-30T07:50:18","slug":"kahveli-yasam-ve-saglik-uzerine-etkileri","status":"publish","type":"product","link":"https:\/\/roveyayinevi.com.tr\/index.php\/urun\/kahveli-yasam-ve-saglik-uzerine-etkileri\/","title":{"rendered":"Kahveli Ya\u015fam ve Sa\u011fl\u0131k \u00dczerine Etkileri"},"content":{"rendered":"<p>Kahvenin, neredeyse bu konu ile ilgili olarak \u00e7\u0131km\u0131\u015f hemen hemen t\u00fcm t\u0131bbi literat\u00fcr\u00fc tarayarak anlatmak ve bunlar\u0131n analizini yaparak, sa\u011fl\u0131k \u00fczerine etkilerini \u00f6n plana \u00e7\u0131karmak i\u00e7in yazd\u0131\u011f\u0131m\u0131z bu kitapta; kahvenin k\u0131sa tarih\u00e7esi, d\u00fcnyada kahve k\u00fclt\u00fcr\u00fc, kahve t\u00fcrleri, kahvenin i\u00e7indeki molek\u00fcller, kahve demleme ve pi\u015firme y\u00f6ntemleri, kahve rit\u00fcelleri, kahvenin sa\u011fl\u0131\u011fa etkileri, kahve fal\u0131 ve sohbetleri, kahvehaneler ve kafeler, ad\u0131nda kahve ge\u00e7en kitaplar, kahve ile ilgili s\u00f6zler, deyimler ve atas\u00f6zleri, kahveli yiyecekler, kahve do\u011frular\u0131 ve sosyal medyada kahve gibi konulara yer verilmi\u015ftir. Elinize bir kupa filtre kahve al\u0131n \u201cKahveli Ya\u015fam\u201d\u0131 yava\u015f yava\u015f ve keyif i\u00e7inde okuyun. Belki bildi\u011finiz bilgiler vard\u0131r bu kitab\u0131n i\u00e7inde, belki yepyeni \u015feyler \u00f6\u011freneceksiniz, belki bildi\u011finiz do\u011frular\u0131n yanl\u0131\u015f oldu\u011funu, belki de bildi\u011finiz yanl\u0131\u015flar\u0131n do\u011fru oldu\u011funu, belki de size gelen ters \u015feylerin do\u011fru oldu\u011funu veya do\u011fru \u015feylerin yanl\u0131\u015f oldu\u011funu&#8230; <\/p>\n","protected":false},"excerpt":{"rendered":"<p>Kahvenin, neredeyse bu konu ile ilgili olarak \u00e7\u0131km\u0131\u015f hemen hemen t\u00fcm t\u0131bbi literat\u00fcr\u00fc tarayarak anlatmak ve bunlar\u0131n analizini yaparak, sa\u011fl\u0131k \u00fczerine etkilerini \u00f6n plana \u00e7\u0131karmak i\u00e7in<span class=\"excerpt-hellip\"> [\u2026]<\/span><\/p>\n","protected":false},"featured_media":0,"template":"","meta":{"_monsterinsights_skip_tracking":false,"_monsterinsights_sitenote_active":false,"_monsterinsights_sitenote_note":"","_monsterinsights_sitenote_category":0},"product_brand":[],"product_cat":[16965,13365],"product_tag":[],"class_list":{"0":"post-738262","1":"product","2":"type-product","3":"status-publish","5":"product_cat-genel-saglik-kitaplari","6":"product_cat-saglik","7":"pa_cilt-ciltsiz","8":"pa_tur-kitap","9":"pa_yayinevi-kitapol-yayinlari","10":"pa_yazar-ali-ayyildiz","12":"first","13":"instock","14":"sale","15":"shipping-taxable","16":"purchasable","17":"product-type-simple"},"_links":{"self":[{"href":"https:\/\/roveyayinevi.com.tr\/index.php\/wp-json\/wp\/v2\/product\/738262","targetHints":{"allow":["GET"]}}],"collection":[{"href":"https:\/\/roveyayinevi.com.tr\/index.php\/wp-json\/wp\/v2\/product"}],"about":[{"href":"https:\/\/roveyayinevi.com.tr\/index.php\/wp-json\/wp\/v2\/types\/product"}],"wp:attachment":[{"href":"https:\/\/roveyayinevi.com.tr\/index.php\/wp-json\/wp\/v2\/media?parent=738262"}],"wp:term":[{"taxonomy":"product_brand","embeddable":true,"href":"https:\/\/roveyayinevi.com.tr\/index.php\/wp-json\/wp\/v2\/product_brand?post=738262"},{"taxonomy":"product_cat","embeddable":true,"href":"https:\/\/roveyayinevi.com.tr\/index.php\/wp-json\/wp\/v2\/product_cat?post=738262"},{"taxonomy":"product_tag","embeddable":true,"href":"https:\/\/roveyayinevi.com.tr\/index.php\/wp-json\/wp\/v2\/product_tag?post=738262"}],"curies":[{"name":"wp","href":"https:\/\/api.w.org\/{rel}","templated":true}]}}