{"id":738261,"date":"2025-08-27T23:46:28","date_gmt":"2025-08-27T20:46:28","guid":{"rendered":"https:\/\/roveyayinevi.com.tr\/index.php\/urun\/urogenital-mikrobiyota\/"},"modified":"2025-12-30T10:50:18","modified_gmt":"2025-12-30T07:50:18","slug":"urogenital-mikrobiyota","status":"publish","type":"product","link":"https:\/\/roveyayinevi.com.tr\/index.php\/urun\/urogenital-mikrobiyota\/","title":{"rendered":"\u00dcrogenital Mikrobiyota"},"content":{"rendered":"<p>Bu kitap, Erkek ve Kad\u0131n \u00dcrogenital Sistem Mikrobiyotas\u0131na detayl\u0131 bir bak\u0131\u015f\u0131 i\u00e7ermektedir. Mikrobiyota t\u0131p d\u00fcnyas\u0131nda son d\u00f6nemlerde odak noktas\u0131 haline gelmi\u015f ve ara\u015ft\u0131rmalar logaritmik bir \u015fekilde artarak devam etmektedir. Kitab\u0131n bas\u0131ma verildi\u011fi  tarihte en yayg\u0131n kullan\u0131lan bilimsel makalelerin yer ald\u0131\u011f\u0131 tarama motoru PUBMED 02.02.2022 tarihinde tarand\u0131\u011f\u0131nda \u201c92,119\u201d makale ile kar\u015f\u0131la\u015fmaktay\u0131z. Son 1 y\u0131l i\u00e7inde (2021) yay\u0131nlanan makale say\u0131s\u0131 ise \u201c19,411\u201d dir ve son y\u0131llarda bu konuyla ilgili \u00e7ok say\u0131da ve m\u00fcthi\u015f \u00e7al\u0131\u015fmalar yap\u0131lmaktad\u0131r. Kitab\u0131m\u0131z\u0131n i\u00e7inde eksiklikler olmakla birlikte, Erkek ve Kad\u0131n \u00dcrogenital Sisteminde Mikrobiyota ve cerrahi olan ve olmayan m\u00fcdahaleler sonucundaki Mikrobiyota De\u011fi\u015fiklikleri ele al\u0131nd\u0131. Konular i\u00e7inde olabilecek ve \u00e7al\u0131\u015fmalara ufuk a\u00e7abilecek konulara a\u011f\u0131rl\u0131k vermeye \u00e7al\u0131\u015ft\u0131k. Bu kitap, \u00f6\u011frenciler ve klinisyenler i\u00e7in erkek ve kad\u0131nlarda genital sistem mikrobiyotas\u0131na hem \u00dcrolojik hem de Jinekolojik yakla\u015f\u0131m g\u00f6steren alan\u0131nda yaz\u0131lm\u0131\u015f ilk medikal eserlerden biridir.Kitab\u0131n amac\u0131, alan\u0131nda \u00fcrogenital \u00e7al\u0131\u015fmalar yapan ve bu konuya ilgi duyan profesyonelleri mikrobiyota ger\u00e7e\u011fi ile tan\u0131\u015ft\u0131rmak oldu\u011fu kadar ayn\u0131 zamanda mikrobiyotaya ilgi duyan ve bu alanda \u00e7al\u0131\u015fmalar yapan bilim insanlar\u0131n\u0131 da \u00fcrogenital b\u00f6lgeye ilgi duymalar\u0131n\u0131sa\u011flamakt\u0131r. Bu ba\u011flamda kitapta ba\u015fl\u0131klar\u0131n se\u00e7ilmesinde konunun biyolojik ve klinik y\u00f6nlerinin anla\u015f\u0131lmas\u0131 i\u00e7in bir bilgi b\u00fct\u00fcnl\u00fc\u011f\u00fc sa\u011flanmas\u0131 ama\u00e7lanm\u0131\u015ft\u0131r. <\/p>\n","protected":false},"excerpt":{"rendered":"<p>Bu kitap, Erkek ve Kad\u0131n \u00dcrogenital Sistem Mikrobiyotas\u0131na detayl\u0131 bir bak\u0131\u015f\u0131 i\u00e7ermektedir. Mikrobiyota t\u0131p d\u00fcnyas\u0131nda son d\u00f6nemlerde odak noktas\u0131 haline gelmi\u015f ve ara\u015ft\u0131rmalar logaritmik bir \u015fekilde<span class=\"excerpt-hellip\"> [\u2026]<\/span><\/p>\n","protected":false},"featured_media":0,"template":"","meta":{"_monsterinsights_skip_tracking":false,"_monsterinsights_sitenote_active":false,"_monsterinsights_sitenote_note":"","_monsterinsights_sitenote_category":0},"product_brand":[],"product_cat":[16965,13365],"product_tag":[],"class_list":{"0":"post-738261","1":"product","2":"type-product","3":"status-publish","5":"product_cat-genel-saglik-kitaplari","6":"product_cat-saglik","7":"pa_cilt-ciltsiz","8":"pa_tur-kitap","9":"pa_yayinevi-kitapol-yayinlari","10":"pa_yazar-kitapol-kolektif","12":"first","13":"instock","14":"sale","15":"shipping-taxable","16":"purchasable","17":"product-type-simple"},"_links":{"self":[{"href":"https:\/\/roveyayinevi.com.tr\/index.php\/wp-json\/wp\/v2\/product\/738261","targetHints":{"allow":["GET"]}}],"collection":[{"href":"https:\/\/roveyayinevi.com.tr\/index.php\/wp-json\/wp\/v2\/product"}],"about":[{"href":"https:\/\/roveyayinevi.com.tr\/index.php\/wp-json\/wp\/v2\/types\/product"}],"wp:attachment":[{"href":"https:\/\/roveyayinevi.com.tr\/index.php\/wp-json\/wp\/v2\/media?parent=738261"}],"wp:term":[{"taxonomy":"product_brand","embeddable":true,"href":"https:\/\/roveyayinevi.com.tr\/index.php\/wp-json\/wp\/v2\/product_brand?post=738261"},{"taxonomy":"product_cat","embeddable":true,"href":"https:\/\/roveyayinevi.com.tr\/index.php\/wp-json\/wp\/v2\/product_cat?post=738261"},{"taxonomy":"product_tag","embeddable":true,"href":"https:\/\/roveyayinevi.com.tr\/index.php\/wp-json\/wp\/v2\/product_tag?post=738261"}],"curies":[{"name":"wp","href":"https:\/\/api.w.org\/{rel}","templated":true}]}}