{"id":738260,"date":"2025-08-27T23:46:26","date_gmt":"2025-08-27T20:46:26","guid":{"rendered":"https:\/\/roveyayinevi.com.tr\/index.php\/urun\/karanlik-gecelere-ilac-siirler\/"},"modified":"2026-04-16T02:48:34","modified_gmt":"2026-04-15T23:48:34","slug":"karanlik-gecelere-ilac-siirler","status":"publish","type":"product","link":"https:\/\/roveyayinevi.com.tr\/index.php\/urun\/karanlik-gecelere-ilac-siirler\/","title":{"rendered":"Karanl\u0131k Gecelere \u0130la\u00e7 \u015eiirler"},"content":{"rendered":"<p>Hayat\u0131n\u0131 Fransa, \u0130svi\u00e7re ve \u0130zmir \u00fc\u00e7geninde s\u00fcrd\u00fcren E. D. Poulain\u2019in \u015fiirlerinin konular\u0131 gezilerine ve g\u00f6zlemlerine dayan\u0131yor. Poulain\u2019in, bir ele\u015ftirmenin deyimi ile \u201cher \u015feyin \u015fairi\u201d. G\u00f6rd\u00fckleri, duyduklar\u0131, duygular\u0131 g\u00fczel bir \u015fiirin par\u00e7as\u0131 olabiliyor. Arkeoloji alan\u0131nda doktora yapm\u0131\u015f olan Poulain, arkeoloji, tarih, mitoloji gibi konulara da h\u00e2kim. \u015eiirlerinde de s\u0131kl\u0131kla bu bilgi birikime dair izlere rastl\u0131yoruz.    <\/p>\n","protected":false},"excerpt":{"rendered":"<p>Hayat\u0131n\u0131 Fransa, \u0130svi\u00e7re ve \u0130zmir \u00fc\u00e7geninde s\u00fcrd\u00fcren E. D. Poulain\u2019in \u015fiirlerinin konular\u0131 gezilerine ve g\u00f6zlemlerine dayan\u0131yor. Poulain\u2019in, bir ele\u015ftirmenin deyimi ile \u201cher \u015feyin \u015fairi\u201d. G\u00f6rd\u00fckleri, duyduklar\u0131,<span class=\"excerpt-hellip\"> [\u2026]<\/span><\/p>\n","protected":false},"featured_media":0,"template":"","meta":{"_monsterinsights_skip_tracking":false,"_monsterinsights_sitenote_active":false,"_monsterinsights_sitenote_note":"","_monsterinsights_sitenote_category":0},"product_brand":[],"product_cat":[12291,12509],"product_tag":[],"class_list":{"0":"post-738260","1":"product","2":"type-product","3":"status-publish","5":"product_cat-edebiyat","6":"product_cat-siir","7":"pa_cilt-ciltsiz","8":"pa_tur-kitap","9":"pa_yayinevi-myrina-yayinlari","10":"pa_yazar-emel-dereboylu-poulain","12":"first","13":"instock","14":"sale","15":"shipping-taxable","16":"purchasable","17":"product-type-simple"},"_links":{"self":[{"href":"https:\/\/roveyayinevi.com.tr\/index.php\/wp-json\/wp\/v2\/product\/738260","targetHints":{"allow":["GET"]}}],"collection":[{"href":"https:\/\/roveyayinevi.com.tr\/index.php\/wp-json\/wp\/v2\/product"}],"about":[{"href":"https:\/\/roveyayinevi.com.tr\/index.php\/wp-json\/wp\/v2\/types\/product"}],"wp:attachment":[{"href":"https:\/\/roveyayinevi.com.tr\/index.php\/wp-json\/wp\/v2\/media?parent=738260"}],"wp:term":[{"taxonomy":"product_brand","embeddable":true,"href":"https:\/\/roveyayinevi.com.tr\/index.php\/wp-json\/wp\/v2\/product_brand?post=738260"},{"taxonomy":"product_cat","embeddable":true,"href":"https:\/\/roveyayinevi.com.tr\/index.php\/wp-json\/wp\/v2\/product_cat?post=738260"},{"taxonomy":"product_tag","embeddable":true,"href":"https:\/\/roveyayinevi.com.tr\/index.php\/wp-json\/wp\/v2\/product_tag?post=738260"}],"curies":[{"name":"wp","href":"https:\/\/api.w.org\/{rel}","templated":true}]}}