{"id":738259,"date":"2025-08-27T23:46:25","date_gmt":"2025-08-27T20:46:25","guid":{"rendered":"https:\/\/roveyayinevi.com.tr\/index.php\/urun\/islak-bir-imza\/"},"modified":"2026-04-16T02:48:34","modified_gmt":"2026-04-15T23:48:34","slug":"islak-bir-imza","status":"publish","type":"product","link":"https:\/\/roveyayinevi.com.tr\/index.php\/urun\/islak-bir-imza\/","title":{"rendered":"Islak Bir \u0130mza"},"content":{"rendered":"<p>Can Emre Da\u011f, \u00fclkemizin bol \u00f6d\u00fcl kazanm\u0131\u015f gen\u00e7 ku\u015fak ressamlar\u0131ndan. Resimlerinde \u201clirik anlat\u0131m dilini\u201d tercih eden C.E. Da\u011f, leke ve denge unsurlar\u0131n\u0131 kullanmay\u0131 seviyor. Sanat\u0131, \u201cEvrenin dengesini elinde tutan\u201d bir \u00f6\u011fe olarak de\u011ferlendiriyor ve amac\u0131 \u201c\u0130nsanlar\u0131n k\u00f6lele\u015ftirdi\u011fi do\u011faya nefes bir g\u00fcne\u015f olmak.\u201d Bu d\u00fc\u015f\u00fcnceyle resimlerde s\u0131kl\u0131kla g\u00fcne\u015f veya g\u00fcne\u015f sembolleri kullanmay\u0131 tercih ediyor. C. E. Da\u011f\u2019\u0131n resimleri her zaman dinamik ve hareketli, renk uyumu son derece ba\u015far\u0131l\u0131. Do\u011fa, mitoloji ve tarih resimlerinin ana konusunu olu\u015ftururken, insan da vazge\u00e7ilmez fig\u00fcrler aras\u0131nda. Ressam\u0131n, resimleri gibi \u015fiirleri de dinamik bir yap\u0131 sergiliyor. Resimlerinde g\u00f6rd\u00fc\u011f\u00fcm\u00fcz renk uyumu, romantizm ve hareket, \u015fiirlerinde de kelime uyumu, denge, duygu y\u00fckl\u00fc dizeler olarak kar\u015f\u0131m\u0131za \u00e7\u0131k\u0131yor. C. E. Da\u011f, ister yazs\u0131n, ister \u00e7izsin, duygular\u0131n\u0131n d\u0131\u015fa vurumunu yans\u0131t\u0131yor sanat\u0131na. Islak Bir \u0130mza, bir sayfada C. E. Da\u011f\u2019\u0131n yapm\u0131\u015f oldu\u011fu bir resim, bir sayfada da bu resimle ayn\u0131 duygular\u0131 uyand\u0131racak \u015fiirlerden olu\u015fuyor. <\/p>\n","protected":false},"excerpt":{"rendered":"<p>Can Emre Da\u011f, \u00fclkemizin bol \u00f6d\u00fcl kazanm\u0131\u015f gen\u00e7 ku\u015fak ressamlar\u0131ndan. Resimlerinde \u201clirik anlat\u0131m dilini\u201d tercih eden C.E. Da\u011f, leke ve denge unsurlar\u0131n\u0131 kullanmay\u0131 seviyor. Sanat\u0131, \u201cEvrenin<span class=\"excerpt-hellip\"> [\u2026]<\/span><\/p>\n","protected":false},"featured_media":0,"template":"","meta":{"_monsterinsights_skip_tracking":false,"_monsterinsights_sitenote_active":false,"_monsterinsights_sitenote_note":"","_monsterinsights_sitenote_category":0},"product_brand":[],"product_cat":[12291,12509],"product_tag":[],"class_list":{"0":"post-738259","1":"product","2":"type-product","3":"status-publish","5":"product_cat-edebiyat","6":"product_cat-siir","7":"pa_cilt-ciltsiz","8":"pa_tur-kitap","9":"pa_yayinevi-myrina-yayinlari","10":"pa_yazar-can-emre-dag","12":"first","13":"instock","14":"sale","15":"shipping-taxable","16":"purchasable","17":"product-type-simple"},"_links":{"self":[{"href":"https:\/\/roveyayinevi.com.tr\/index.php\/wp-json\/wp\/v2\/product\/738259","targetHints":{"allow":["GET"]}}],"collection":[{"href":"https:\/\/roveyayinevi.com.tr\/index.php\/wp-json\/wp\/v2\/product"}],"about":[{"href":"https:\/\/roveyayinevi.com.tr\/index.php\/wp-json\/wp\/v2\/types\/product"}],"wp:attachment":[{"href":"https:\/\/roveyayinevi.com.tr\/index.php\/wp-json\/wp\/v2\/media?parent=738259"}],"wp:term":[{"taxonomy":"product_brand","embeddable":true,"href":"https:\/\/roveyayinevi.com.tr\/index.php\/wp-json\/wp\/v2\/product_brand?post=738259"},{"taxonomy":"product_cat","embeddable":true,"href":"https:\/\/roveyayinevi.com.tr\/index.php\/wp-json\/wp\/v2\/product_cat?post=738259"},{"taxonomy":"product_tag","embeddable":true,"href":"https:\/\/roveyayinevi.com.tr\/index.php\/wp-json\/wp\/v2\/product_tag?post=738259"}],"curies":[{"name":"wp","href":"https:\/\/api.w.org\/{rel}","templated":true}]}}