{"id":738257,"date":"2025-08-27T23:46:22","date_gmt":"2025-08-27T20:46:22","guid":{"rendered":"https:\/\/roveyayinevi.com.tr\/index.php\/urun\/korsan-maceralari-tacli-boyama-kitabi\/"},"modified":"2025-11-11T07:35:57","modified_gmt":"2025-11-11T04:35:57","slug":"korsan-maceralari-tacli-boyama-kitabi","status":"publish","type":"product","link":"https:\/\/roveyayinevi.com.tr\/index.php\/urun\/korsan-maceralari-tacli-boyama-kitabi\/","title":{"rendered":"Korsan Maceralar\u0131 Ta\u00e7l\u0131 Boyama Kitab\u0131"},"content":{"rendered":"<p>En sevdi\u011fin boya kalemlerini kap, engin denizlerde rengarenk bir maceran\u0131n tad\u0131n\u0131 \u00e7\u0131karmaya ba\u015fla! \u00c7izim becerilerini geli\u015ftirirken ne\u015feli korsan tac\u0131n\u0131 takmay\u0131 da unutma.   \u00dc\u00e7 kolay ad\u0131mda tac\u0131n\u0131 yap! kolay ad\u0131mda tac\u0131n\u0131 yap! 1. \u0130\u015faretli yerlerden tac\u0131 kes ve \u00e7\u0131kar. 2. \u0130\u015faretli yerlerden uzun \u015feritleri kes ve \u00e7\u0131kar. 3. Ba\u015f\u0131n\u0131n \u00e7evresini saracak \u015fekilde \u015feritleri yap\u0131\u015ft\u0131r. <\/p>\n","protected":false},"excerpt":{"rendered":"<p>En sevdi\u011fin boya kalemlerini kap, engin denizlerde rengarenk bir maceran\u0131n tad\u0131n\u0131 \u00e7\u0131karmaya ba\u015fla! \u00c7izim becerilerini geli\u015ftirirken ne\u015feli korsan tac\u0131n\u0131 takmay\u0131 da unutma. \u00dc\u00e7 kolay ad\u0131mda tac\u0131n\u0131<span class=\"excerpt-hellip\"> [\u2026]<\/span><\/p>\n","protected":false},"featured_media":0,"template":"","meta":{"_monsterinsights_skip_tracking":false,"_monsterinsights_sitenote_active":false,"_monsterinsights_sitenote_note":"","_monsterinsights_sitenote_category":0},"product_brand":[],"product_cat":[12644,12274],"product_tag":[],"class_list":{"0":"post-738257","1":"product","2":"type-product","3":"status-publish","5":"product_cat-boyama-kitaplari","6":"product_cat-cocuk-ve-genclik-kitaplari","7":"pa_cilt-ciltsiz","8":"pa_tur-kitap","9":"pa_yayinevi-dogan-cocuk","10":"pa_yazar-dogan-cocuk-kolektif","12":"first","13":"instock","14":"sale","15":"shipping-taxable","16":"purchasable","17":"product-type-simple"},"_links":{"self":[{"href":"https:\/\/roveyayinevi.com.tr\/index.php\/wp-json\/wp\/v2\/product\/738257","targetHints":{"allow":["GET"]}}],"collection":[{"href":"https:\/\/roveyayinevi.com.tr\/index.php\/wp-json\/wp\/v2\/product"}],"about":[{"href":"https:\/\/roveyayinevi.com.tr\/index.php\/wp-json\/wp\/v2\/types\/product"}],"wp:attachment":[{"href":"https:\/\/roveyayinevi.com.tr\/index.php\/wp-json\/wp\/v2\/media?parent=738257"}],"wp:term":[{"taxonomy":"product_brand","embeddable":true,"href":"https:\/\/roveyayinevi.com.tr\/index.php\/wp-json\/wp\/v2\/product_brand?post=738257"},{"taxonomy":"product_cat","embeddable":true,"href":"https:\/\/roveyayinevi.com.tr\/index.php\/wp-json\/wp\/v2\/product_cat?post=738257"},{"taxonomy":"product_tag","embeddable":true,"href":"https:\/\/roveyayinevi.com.tr\/index.php\/wp-json\/wp\/v2\/product_tag?post=738257"}],"curies":[{"name":"wp","href":"https:\/\/api.w.org\/{rel}","templated":true}]}}