{"id":738256,"date":"2025-08-27T23:46:21","date_gmt":"2025-08-27T20:46:21","guid":{"rendered":"https:\/\/roveyayinevi.com.tr\/index.php\/urun\/disney-karlar-ulkesi-kralice-elsa-boyama-kitabi\/"},"modified":"2026-04-16T02:48:34","modified_gmt":"2026-04-15T23:48:34","slug":"disney-karlar-ulkesi-kralice-elsa-boyama-kitabi","status":"publish","type":"product","link":"https:\/\/roveyayinevi.com.tr\/index.php\/urun\/disney-karlar-ulkesi-kralice-elsa-boyama-kitabi\/","title":{"rendered":"Disney Karlar \u00dclkesi Krali\u00e7e Elsa Boyama Kitab\u0131"},"content":{"rendered":"<p>En sevdi\u011fin boya kalemlerini kap, r\u00fcya gibi bir maceran\u0131n tad\u0131n\u0131 \u00e7\u0131karmaya ba\u015fla! \u00c7izim becerilerini geli\u015ftirirken Elsa, Anna ve arkada\u015flar\u0131yla e\u011flen! <\/p>\n","protected":false},"excerpt":{"rendered":"<p>En sevdi\u011fin boya kalemlerini kap, r\u00fcya gibi bir maceran\u0131n tad\u0131n\u0131 \u00e7\u0131karmaya ba\u015fla! \u00c7izim becerilerini geli\u015ftirirken Elsa, Anna ve arkada\u015flar\u0131yla e\u011flen!<\/p>\n","protected":false},"featured_media":0,"template":"","meta":{"_monsterinsights_skip_tracking":false,"_monsterinsights_sitenote_active":false,"_monsterinsights_sitenote_note":"","_monsterinsights_sitenote_category":0},"product_brand":[],"product_cat":[12644,12274],"product_tag":[],"class_list":{"0":"post-738256","1":"product","2":"type-product","3":"status-publish","5":"product_cat-boyama-kitaplari","6":"product_cat-cocuk-ve-genclik-kitaplari","7":"pa_cilt-ciltsiz","8":"pa_tur-kitap","9":"pa_yayinevi-dogan-cocuk","10":"pa_yazar-dogan-cocuk-kolektif","12":"first","13":"instock","14":"sale","15":"shipping-taxable","16":"purchasable","17":"product-type-simple"},"_links":{"self":[{"href":"https:\/\/roveyayinevi.com.tr\/index.php\/wp-json\/wp\/v2\/product\/738256","targetHints":{"allow":["GET"]}}],"collection":[{"href":"https:\/\/roveyayinevi.com.tr\/index.php\/wp-json\/wp\/v2\/product"}],"about":[{"href":"https:\/\/roveyayinevi.com.tr\/index.php\/wp-json\/wp\/v2\/types\/product"}],"wp:attachment":[{"href":"https:\/\/roveyayinevi.com.tr\/index.php\/wp-json\/wp\/v2\/media?parent=738256"}],"wp:term":[{"taxonomy":"product_brand","embeddable":true,"href":"https:\/\/roveyayinevi.com.tr\/index.php\/wp-json\/wp\/v2\/product_brand?post=738256"},{"taxonomy":"product_cat","embeddable":true,"href":"https:\/\/roveyayinevi.com.tr\/index.php\/wp-json\/wp\/v2\/product_cat?post=738256"},{"taxonomy":"product_tag","embeddable":true,"href":"https:\/\/roveyayinevi.com.tr\/index.php\/wp-json\/wp\/v2\/product_tag?post=738256"}],"curies":[{"name":"wp","href":"https:\/\/api.w.org\/{rel}","templated":true}]}}