{"id":738255,"date":"2025-08-27T23:46:20","date_gmt":"2025-08-27T20:46:20","guid":{"rendered":"https:\/\/roveyayinevi.com.tr\/index.php\/urun\/isportaci-kadin-oykuleri\/"},"modified":"2026-04-16T02:48:33","modified_gmt":"2026-04-15T23:48:33","slug":"isportaci-kadin-oykuleri","status":"publish","type":"product","link":"https:\/\/roveyayinevi.com.tr\/index.php\/urun\/isportaci-kadin-oykuleri\/","title":{"rendered":"\u0130\u015fportac\u0131 Kad\u0131n \u00d6yk\u00fcleri"},"content":{"rendered":"<p>&#8220;Sat\u0131 Teyze, bile\u011finde renkli balonlar oldu\u011fu halde evlerinin \u00f6n\u00fcndeki ta\u015f merdivenleri a\u011f\u0131r a\u011f\u0131r \u00e7\u0131kt\u0131. Yolun ba\u015f\u0131na vard\u0131\u011f\u0131nda neredeyse t\u00fcm solu\u011fu kesilmi\u015fti. Kald\u0131r\u0131ma kendini zor att\u0131. Balonlar ba\u015f\u0131n\u0131n \u00fcst\u00fcnde bir o yana bir bu yana sal\u0131n\u0131yordu. Bir s\u00fcre kald\u0131r\u0131mda \u00f6ylece oturup solu\u011funun yerine gelmesini bekledi. S\u0131rt\u0131ndaki atlet \u0131slanm\u0131\u015ft\u0131. Hasta olurum endi\u015fesiyle ba\u015f\u0131n\u0131 kald\u0131r\u0131p g\u00f6ky\u00fcz\u00fcne do\u011fru bakt\u0131. A\u011fa\u00e7lar\u0131n yapraklar\u0131 aras\u0131ndan s\u00fcz\u00fclen sar\u0131 \u0131\u015f\u0131klardan g\u00fcne\u015fi se\u00e7ince derin bir nefes ald\u0131. Bahar aylar\u0131n\u0131n bu son g\u00fcnleri havada hafif bir r\u00fczg\u00e2r olurdu. \u0130nsan\u0131 \u00fc\u015f\u00fctmeyen bir r\u00fczg\u00e2r. A\u011fa\u00e7lar\u0131n yapraklar\u0131n\u0131n h\u0131\u015f\u0131r h\u0131\u015f\u0131r dans etti\u011fini duydu. Burun deliklerini oynat\u0131rcas\u0131na bahar\u0131n son g\u00fcnlerini tekrar ci\u011ferine \u00e7ekti ve y\u00fcz\u00fcn\u00fc yalay\u0131p ge\u00e7en serinli\u011fe kar\u015f\u0131 g\u00f6zlerini kapatt\u0131. Bir s\u00fcre daha \u00f6ylece kald\u0131r\u0131mda oturan Sat\u0131 Teyze, solu\u011funu toparlad\u0131\u011f\u0131nda, tekrar aya\u011fa kalkarak evlerinin yak\u0131n\u0131ndaki parka do\u011fru y\u00fcr\u00fcmeye ba\u015flad\u0131.&#8221; <\/p>\n","protected":false},"excerpt":{"rendered":"<p>&#8220;Sat\u0131 Teyze, bile\u011finde renkli balonlar oldu\u011fu halde evlerinin \u00f6n\u00fcndeki ta\u015f merdivenleri a\u011f\u0131r a\u011f\u0131r \u00e7\u0131kt\u0131. Yolun ba\u015f\u0131na vard\u0131\u011f\u0131nda neredeyse t\u00fcm solu\u011fu kesilmi\u015fti. Kald\u0131r\u0131ma kendini zor att\u0131. Balonlar<span class=\"excerpt-hellip\"> [\u2026]<\/span><\/p>\n","protected":false},"featured_media":0,"template":"","meta":{"_monsterinsights_skip_tracking":false,"_monsterinsights_sitenote_active":false,"_monsterinsights_sitenote_note":"","_monsterinsights_sitenote_category":0},"product_brand":[],"product_cat":[12291,12711],"product_tag":[],"class_list":{"0":"post-738255","1":"product","2":"type-product","3":"status-publish","5":"product_cat-edebiyat","6":"product_cat-roman-oyku","7":"pa_cilt-ciltsiz","8":"pa_tur-kitap","9":"pa_yayinevi-imgenin-cocuklari","10":"pa_yazar-ali-demir","12":"first","13":"instock","14":"sale","15":"shipping-taxable","16":"purchasable","17":"product-type-simple"},"_links":{"self":[{"href":"https:\/\/roveyayinevi.com.tr\/index.php\/wp-json\/wp\/v2\/product\/738255","targetHints":{"allow":["GET"]}}],"collection":[{"href":"https:\/\/roveyayinevi.com.tr\/index.php\/wp-json\/wp\/v2\/product"}],"about":[{"href":"https:\/\/roveyayinevi.com.tr\/index.php\/wp-json\/wp\/v2\/types\/product"}],"wp:attachment":[{"href":"https:\/\/roveyayinevi.com.tr\/index.php\/wp-json\/wp\/v2\/media?parent=738255"}],"wp:term":[{"taxonomy":"product_brand","embeddable":true,"href":"https:\/\/roveyayinevi.com.tr\/index.php\/wp-json\/wp\/v2\/product_brand?post=738255"},{"taxonomy":"product_cat","embeddable":true,"href":"https:\/\/roveyayinevi.com.tr\/index.php\/wp-json\/wp\/v2\/product_cat?post=738255"},{"taxonomy":"product_tag","embeddable":true,"href":"https:\/\/roveyayinevi.com.tr\/index.php\/wp-json\/wp\/v2\/product_tag?post=738255"}],"curies":[{"name":"wp","href":"https:\/\/api.w.org\/{rel}","templated":true}]}}