{"id":738243,"date":"2025-08-27T23:46:04","date_gmt":"2025-08-27T20:46:04","guid":{"rendered":"https:\/\/roveyayinevi.com.tr\/index.php\/urun\/marta-uyuyor\/"},"modified":"2026-04-16T02:47:58","modified_gmt":"2026-04-15T23:47:58","slug":"marta-uyuyor","status":"publish","type":"product","link":"https:\/\/roveyayinevi.com.tr\/index.php\/urun\/marta-uyuyor\/","title":{"rendered":"Marta Uyuyor"},"content":{"rendered":"<p>Ge\u00e7mi\u015fin s\u0131rlar\u0131, bug\u00fcn\u00fcn pi\u015fmanl\u0131klar\u0131yla bulu\u015fuyor\u2026   Zalimce bir su\u00e7tan h\u00fck\u00fcm giyen Nadja Kulka\u2019n\u0131n hapisten \u00e7\u0131kt\u0131\u011f\u0131nda basit istekleri vard\u0131: Sade bir ev, d\u00fczenli bir i\u015f, hatta belki birka\u00e7 arkada\u015f\u2026  Ancak hayalini kurdu\u011fu bu basit hayat, i\u015flenen bir cinayetin ard\u0131ndan tekrar alt \u00fcst olmak \u00fczereydi. \u00c7\u00fcnk\u00fc ge\u00e7mi\u015fi onu hem m\u00fckemmel bir kurban hem de m\u00fckemmel bir fail yap\u0131yordu.   Yay\u0131mland\u0131\u011f\u0131 g\u00fcnden beri b\u00fcy\u00fck ilgili g\u00f6ren Sevgili \u00c7ocuk\u2019un yazar\u0131 Romy Hausmann&#8217;dan su\u00e7 ve kefaretle yo\u011frulmu\u015f s\u00fcr\u00fckleyici bir gerilim daha.   Yazar Hakk\u0131nda: Romy Hausmann, 1981 y\u0131l\u0131nda Do\u011fu Almanya\u2019da d\u00fcnyaya geldi. Yirmi d\u00f6rt ya\u015f\u0131ndayken M\u00fcnih\u2019teki bir film yap\u0131m \u015firketinde ba\u015f edit\u00f6rl\u00fc\u011fe y\u00fckseldi. O\u011flunun do\u011fumundan itibaren televizyon sekt\u00f6r\u00fcnde serbest \u00e7al\u0131\u015fan olarak faaliyet g\u00f6stermeye ba\u015flad\u0131. \u00c7\u0131k\u0131\u015f roman\u0131 Sevgili \u00c7ocuk (Eksik Par\u00e7a Yay\u0131nlar\u0131, 2020), Almanya\u2019da \u00e7ok satanlar listesinin zirvesine yerle\u015fti, 2019 y\u0131l\u0131nda K\u00f6ln Su\u00e7 Edebiyat\u0131 \u00d6d\u00fcl\u00fc\u2019n\u00fc kazand\u0131, yirmi \u00fclkede yay\u0131mland\u0131 ve film haklar\u0131 Netflix taraf\u0131ndan sat\u0131n al\u0131nd\u0131. <\/p>\n","protected":false},"excerpt":{"rendered":"<p>Ge\u00e7mi\u015fin s\u0131rlar\u0131, bug\u00fcn\u00fcn pi\u015fmanl\u0131klar\u0131yla bulu\u015fuyor\u2026 Zalimce bir su\u00e7tan h\u00fck\u00fcm giyen Nadja Kulka\u2019n\u0131n hapisten \u00e7\u0131kt\u0131\u011f\u0131nda basit istekleri vard\u0131: Sade bir ev, d\u00fczenli bir i\u015f, hatta belki birka\u00e7<span class=\"excerpt-hellip\"> [\u2026]<\/span><\/p>\n","protected":false},"featured_media":0,"template":"","meta":{"_monsterinsights_skip_tracking":false,"_monsterinsights_sitenote_active":false,"_monsterinsights_sitenote_note":"","_monsterinsights_sitenote_category":0},"product_brand":[],"product_cat":[12291,12711],"product_tag":[],"class_list":{"0":"post-738243","1":"product","2":"type-product","3":"status-publish","5":"product_cat-edebiyat","6":"product_cat-roman-oyku","7":"pa_cilt-ciltsiz","8":"pa_tur-kitap","9":"pa_yayinevi-eksik-parca-yayinlari","10":"pa_yazar-romy-hausmann","12":"first","13":"instock","14":"sale","15":"shipping-taxable","16":"purchasable","17":"product-type-simple"},"_links":{"self":[{"href":"https:\/\/roveyayinevi.com.tr\/index.php\/wp-json\/wp\/v2\/product\/738243","targetHints":{"allow":["GET"]}}],"collection":[{"href":"https:\/\/roveyayinevi.com.tr\/index.php\/wp-json\/wp\/v2\/product"}],"about":[{"href":"https:\/\/roveyayinevi.com.tr\/index.php\/wp-json\/wp\/v2\/types\/product"}],"wp:attachment":[{"href":"https:\/\/roveyayinevi.com.tr\/index.php\/wp-json\/wp\/v2\/media?parent=738243"}],"wp:term":[{"taxonomy":"product_brand","embeddable":true,"href":"https:\/\/roveyayinevi.com.tr\/index.php\/wp-json\/wp\/v2\/product_brand?post=738243"},{"taxonomy":"product_cat","embeddable":true,"href":"https:\/\/roveyayinevi.com.tr\/index.php\/wp-json\/wp\/v2\/product_cat?post=738243"},{"taxonomy":"product_tag","embeddable":true,"href":"https:\/\/roveyayinevi.com.tr\/index.php\/wp-json\/wp\/v2\/product_tag?post=738243"}],"curies":[{"name":"wp","href":"https:\/\/api.w.org\/{rel}","templated":true}]}}