{"id":738236,"date":"2025-08-27T23:45:58","date_gmt":"2025-08-27T20:45:58","guid":{"rendered":"https:\/\/roveyayinevi.com.tr\/index.php\/urun\/farkli-liglerde-mucadele-eden-elit-futbolcularin-ego-durumlari-belirlenerek-yilmazlik-ve-kindarlik-duzeyleri-arasindaki-iliskini\/"},"modified":"2026-04-16T02:47:57","modified_gmt":"2026-04-15T23:47:57","slug":"farkli-liglerde-mucadele-eden-elit-futbolcularin-ego-durumlari-belirlenerek-yilmazlik-ve-kindarlik-duzeyleri-arasindaki-iliskini","status":"publish","type":"product","link":"https:\/\/roveyayinevi.com.tr\/index.php\/urun\/farkli-liglerde-mucadele-eden-elit-futbolcularin-ego-durumlari-belirlenerek-yilmazlik-ve-kindarlik-duzeyleri-arasindaki-iliskini\/","title":{"rendered":"Farkl\u0131 Liglerde M\u00fccadele Eden Elit Futbolcular\u0131n Ego Durumlar\u0131 Belirlenerek Y\u0131lmazl\u0131k ve Kindarl\u0131k D\u00fczeyleri Aras\u0131ndaki \u0130li\u015fkini"},"content":{"rendered":"<p>\u0130\u00e7indekiler   1. G\u0130R\u0130\u015e 2. GENEL B\u0130LG\u0130LER 3. MATERYEL VE Y\u00d6NTEM 4. BULGULAR 5. TARTI\u015eMA 6. SONU\u00c7 VE \u00d6NER\u0130LER <\/p>\n","protected":false},"excerpt":{"rendered":"<p>\u0130\u00e7indekiler 1. G\u0130R\u0130\u015e 2. GENEL B\u0130LG\u0130LER 3. MATERYEL VE Y\u00d6NTEM 4. BULGULAR 5. TARTI\u015eMA 6. SONU\u00c7 VE \u00d6NER\u0130LER<\/p>\n","protected":false},"featured_media":0,"template":"","meta":{"_monsterinsights_skip_tracking":false,"_monsterinsights_sitenote_active":false,"_monsterinsights_sitenote_note":"","_monsterinsights_sitenote_category":0},"product_brand":[],"product_cat":[12573,12566],"product_tag":[],"class_list":{"0":"post-738236","1":"product","2":"type-product","3":"status-publish","5":"product_cat-akademik-kitaplar","6":"product_cat-egitim","7":"pa_cilt-ciltsiz","8":"pa_tur-kitap","9":"pa_yayinevi-gazi-kitabevi","10":"pa_yazar-mehmet-derelioglu-soner-cankaya","12":"first","13":"instock","14":"sale","15":"shipping-taxable","16":"purchasable","17":"product-type-simple"},"_links":{"self":[{"href":"https:\/\/roveyayinevi.com.tr\/index.php\/wp-json\/wp\/v2\/product\/738236","targetHints":{"allow":["GET"]}}],"collection":[{"href":"https:\/\/roveyayinevi.com.tr\/index.php\/wp-json\/wp\/v2\/product"}],"about":[{"href":"https:\/\/roveyayinevi.com.tr\/index.php\/wp-json\/wp\/v2\/types\/product"}],"wp:attachment":[{"href":"https:\/\/roveyayinevi.com.tr\/index.php\/wp-json\/wp\/v2\/media?parent=738236"}],"wp:term":[{"taxonomy":"product_brand","embeddable":true,"href":"https:\/\/roveyayinevi.com.tr\/index.php\/wp-json\/wp\/v2\/product_brand?post=738236"},{"taxonomy":"product_cat","embeddable":true,"href":"https:\/\/roveyayinevi.com.tr\/index.php\/wp-json\/wp\/v2\/product_cat?post=738236"},{"taxonomy":"product_tag","embeddable":true,"href":"https:\/\/roveyayinevi.com.tr\/index.php\/wp-json\/wp\/v2\/product_tag?post=738236"}],"curies":[{"name":"wp","href":"https:\/\/api.w.org\/{rel}","templated":true}]}}