{"id":738234,"date":"2025-08-27T23:45:55","date_gmt":"2025-08-27T20:45:55","guid":{"rendered":"https:\/\/roveyayinevi.com.tr\/index.php\/urun\/kizil-serap\/"},"modified":"2026-04-16T02:47:57","modified_gmt":"2026-04-15T23:47:57","slug":"kizil-serap","status":"publish","type":"product","link":"https:\/\/roveyayinevi.com.tr\/index.php\/urun\/kizil-serap\/","title":{"rendered":"K\u0131z\u0131l Serap"},"content":{"rendered":"<p>A\u015fkta sadakati arayan bir kad\u0131n\u0131n ya\u015fad\u0131\u011f\u0131 hayal ve hakikat \u00e7at\u0131\u015fmas\u0131n\u0131n roman\u0131d\u0131r K\u0131z\u0131l Serap. 1926\u2019da Vatan Matbaas\u0131 taraf\u0131ndan yay\u0131mlanan bu eserinde Burhan Cahit Morkaya, \u0130stanbul\u2019da \u201c\u015eefkat Oca\u011f\u0131\u201d ad\u0131nda, i\u015fgal alt\u0131ndaki Anadolu\u2019ya yard\u0131m eden bir dernekte g\u00f6n\u00fcll\u00fc olarak \u00e7al\u0131\u015fan Ayten\u2019in hik\u00e2yesini anlat\u0131r. Tek ba\u015f\u0131na kurdu\u011fu terzihanesiyle i\u015f hayat\u0131nda ba\u015far\u0131y\u0131 yakalayan, \u0130stanbul\u2019dan Trabzon\u2019a tutkular\u0131n\u0131n pe\u015finden giden g\u00fc\u00e7l\u00fc kad\u0131n imaj\u0131yla, d\u00f6nemin sosyok\u00fclt\u00fcrel ortam\u0131n\u0131 da g\u00f6zler \u00f6n\u00fcne serer. Hayattan yaln\u0131zca vefa ve a\u015fk bekledi\u011fi halde Bedri, Kaz\u0131m ve Macit\u2019le ya\u015fad\u0131\u011f\u0131 a\u015fk maceralar\u0131nda derin bir hayal k\u0131r\u0131kl\u0131\u011f\u0131na u\u011frayan Ayten, hayata evlad\u0131yla yeniden tutunur. Ayten\u2019in hayat\u0131nda k\u0131z\u0131l bir seraptan ibaret olan bu a\u015fk buhranlar\u0131, yasak a\u015fk\u0131n\u0131n meyvesi Hicran\u2019la yerini umuda b\u0131rak\u0131r. \u201cYe\u015fil g\u00f6zlerinin birer damla z\u00fcmr\u00fct gibi parlad\u0131\u011f\u0131n\u0131 g\u00f6rd\u00fcm. Bu ye\u015fil g\u00f6zleri, bana maziyi unutturacak kadar \u00fcmitli ve cazibeli geldi. Ba\u015f\u0131m\u0131 k\u0131z\u0131m\u0131n y\u00fcz\u00fcne yakla\u015ft\u0131rd\u0131m ve mutlak a\u015fk aramakla ge\u00e7en mazimi onun ismine g\u00f6md\u00fcm. \u2018Hicran!\u2019\u201d<\/p>\n","protected":false},"excerpt":{"rendered":"<p>A\u015fkta sadakati arayan bir kad\u0131n\u0131n ya\u015fad\u0131\u011f\u0131 hayal ve hakikat \u00e7at\u0131\u015fmas\u0131n\u0131n roman\u0131d\u0131r K\u0131z\u0131l Serap. 1926\u2019da Vatan Matbaas\u0131 taraf\u0131ndan yay\u0131mlanan bu eserinde Burhan Cahit Morkaya, \u0130stanbul\u2019da \u201c\u015eefkat Oca\u011f\u0131\u201d<span class=\"excerpt-hellip\"> [\u2026]<\/span><\/p>\n","protected":false},"featured_media":0,"template":"","meta":{"_monsterinsights_skip_tracking":false,"_monsterinsights_sitenote_active":false,"_monsterinsights_sitenote_note":"","_monsterinsights_sitenote_category":0},"product_brand":[],"product_cat":[12291,12711],"product_tag":[],"class_list":{"0":"post-738234","1":"product","2":"type-product","3":"status-publish","5":"product_cat-edebiyat","6":"product_cat-roman-oyku","7":"pa_cilt-ciltsiz","8":"pa_tur-kitap","9":"pa_yayinevi-kirmizi-kedi-yayinevi","10":"pa_yazar-burhan-cahit-morkaya","12":"first","13":"instock","14":"sale","15":"shipping-taxable","16":"purchasable","17":"product-type-simple"},"_links":{"self":[{"href":"https:\/\/roveyayinevi.com.tr\/index.php\/wp-json\/wp\/v2\/product\/738234","targetHints":{"allow":["GET"]}}],"collection":[{"href":"https:\/\/roveyayinevi.com.tr\/index.php\/wp-json\/wp\/v2\/product"}],"about":[{"href":"https:\/\/roveyayinevi.com.tr\/index.php\/wp-json\/wp\/v2\/types\/product"}],"wp:attachment":[{"href":"https:\/\/roveyayinevi.com.tr\/index.php\/wp-json\/wp\/v2\/media?parent=738234"}],"wp:term":[{"taxonomy":"product_brand","embeddable":true,"href":"https:\/\/roveyayinevi.com.tr\/index.php\/wp-json\/wp\/v2\/product_brand?post=738234"},{"taxonomy":"product_cat","embeddable":true,"href":"https:\/\/roveyayinevi.com.tr\/index.php\/wp-json\/wp\/v2\/product_cat?post=738234"},{"taxonomy":"product_tag","embeddable":true,"href":"https:\/\/roveyayinevi.com.tr\/index.php\/wp-json\/wp\/v2\/product_tag?post=738234"}],"curies":[{"name":"wp","href":"https:\/\/api.w.org\/{rel}","templated":true}]}}