{"id":738231,"date":"2025-08-27T23:45:50","date_gmt":"2025-08-27T20:45:50","guid":{"rendered":"https:\/\/roveyayinevi.com.tr\/index.php\/urun\/hayatim-4\/"},"modified":"2026-04-16T02:47:57","modified_gmt":"2026-04-15T23:47:57","slug":"hayatim-4","status":"publish","type":"product","link":"https:\/\/roveyayinevi.com.tr\/index.php\/urun\/hayatim-4\/","title":{"rendered":"Hayat\u0131m"},"content":{"rendered":"<p>Lev Davidovi\u00e7 Bron\u015ftayn, t\u00fcm d\u00fcnyan\u0131n bildi\u011fi ad\u0131yla Tro\u00e7ki. 1905 ve 1917 Petrograd Sovyeti ba\u015fkan\u0131. K\u0131z\u0131l Ordu kurucusu ve ba\u015fkomutan\u0131. D\u0131\u015fi\u015fleri Halk Komiseri. Devrimin en sert be\u015f y\u0131l\u0131nda Lenin\u2019le birlikte \u00f6n saflarda m\u00fccadele eden devrimci, siyaset\u00e7i, teorisyen\u2026 Hayat\u0131m, Sovyet Rusya\u2019n\u0131n kurulu\u015fundaki \u201cikinci isim\u201d Tro\u00e7ki\u2019nin, T\u00fcrkiye\u2019deki s\u00fcrg\u00fcn y\u0131llar\u0131nda kaleme ald\u0131\u011f\u0131 otobiyografisi. Ancak al\u0131\u015f\u0131lm\u0131\u015f otobiyografilerin d\u0131\u015f\u0131nda, \u201cs\u00fcrekli devrim\u201d fikrine uygun bi\u00e7imde, bir m\u00fccadele arac\u0131 olarak tasarl\u0131yor kitab\u0131n\u0131 Tro\u00e7ki. Gen\u00e7li\u011finden ba\u015flayarak 1905 Devrimi, 1917 Devrimi, Rus \u0130\u00e7 Sava\u015f\u0131 ve Stalinizm\u2019e kar\u015f\u0131 verdi\u011fi m\u00fccadelesine ve nihayet Kom\u00fcnist Parti\u2019den ihrac\u0131na kadar ge\u00e7en zaman\u0131 kapsayan kitab\u0131nda, kendi ge\u00e7mi\u015fini anlatman\u0131n yan\u0131nda m\u00fccadeleleriyle gelecek aras\u0131nda ba\u011flant\u0131 kurmak istiyor ve diyalekti\u011fe olan benzersiz inanc\u0131n\u0131 g\u00f6zler \u00f6n\u00fcne seriyor. Hayat\u0131m, \u201ckalemiyle d\u00f6v\u00fc\u015fen\u201d bir devrimcinin hik\u00e2yesi. \u201cDevrimci bir politika adam\u0131n\u0131n otobiyografisi, ister istemez ba\u011fl\u0131 oldu\u011fu teori sorular\u0131na de\u011finir, yer yer Rusya\u2019n\u0131n ve b\u00fct\u00fcn insanl\u0131\u011f\u0131n sosyal evrimine de de\u011finir, zaten devrim denilen zorlu zamanlarda bu ikisi birbirine \u00e7ok yakla\u015f\u0131r. (&#8230;) \u00d6zellikle benim \u00f6mr\u00fcmde o kadar b\u00fcy\u00fck bir rol oynam\u0131\u015f ve \u00f6nemli bir \u015fey olan, do\u011fu \u00fclkelerinde bug\u00fcn pek canl\u0131 bir ilgi uyand\u0131rm\u0131\u015f bulunan ve ad\u0131na S\u00fcrekli Devrim denilen teori, bu kitapta uzaktan uza\u011fa kula\u011fa \u00e7arpan bir leitmotiv olarak kalacakt\u0131r.\u201d<\/p>\n","protected":false},"excerpt":{"rendered":"<p>Lev Davidovi\u00e7 Bron\u015ftayn, t\u00fcm d\u00fcnyan\u0131n bildi\u011fi ad\u0131yla Tro\u00e7ki. 1905 ve 1917 Petrograd Sovyeti ba\u015fkan\u0131. K\u0131z\u0131l Ordu kurucusu ve ba\u015fkomutan\u0131. D\u0131\u015fi\u015fleri Halk Komiseri. Devrimin en sert be\u015f<span class=\"excerpt-hellip\"> [\u2026]<\/span><\/p>\n","protected":false},"featured_media":0,"template":"","meta":{"_monsterinsights_skip_tracking":false,"_monsterinsights_sitenote_active":false,"_monsterinsights_sitenote_note":"","_monsterinsights_sitenote_category":0},"product_brand":[],"product_cat":[12291,12711],"product_tag":[],"class_list":{"0":"post-738231","1":"product","2":"type-product","3":"status-publish","5":"product_cat-edebiyat","6":"product_cat-roman-oyku","7":"pa_cilt-ciltsiz","8":"pa_tur-kitap","9":"pa_yayinevi-kirmizi-kedi-yayinevi","10":"pa_yazar-lev-trocki","12":"first","13":"instock","14":"sale","15":"shipping-taxable","16":"purchasable","17":"product-type-simple"},"_links":{"self":[{"href":"https:\/\/roveyayinevi.com.tr\/index.php\/wp-json\/wp\/v2\/product\/738231","targetHints":{"allow":["GET"]}}],"collection":[{"href":"https:\/\/roveyayinevi.com.tr\/index.php\/wp-json\/wp\/v2\/product"}],"about":[{"href":"https:\/\/roveyayinevi.com.tr\/index.php\/wp-json\/wp\/v2\/types\/product"}],"wp:attachment":[{"href":"https:\/\/roveyayinevi.com.tr\/index.php\/wp-json\/wp\/v2\/media?parent=738231"}],"wp:term":[{"taxonomy":"product_brand","embeddable":true,"href":"https:\/\/roveyayinevi.com.tr\/index.php\/wp-json\/wp\/v2\/product_brand?post=738231"},{"taxonomy":"product_cat","embeddable":true,"href":"https:\/\/roveyayinevi.com.tr\/index.php\/wp-json\/wp\/v2\/product_cat?post=738231"},{"taxonomy":"product_tag","embeddable":true,"href":"https:\/\/roveyayinevi.com.tr\/index.php\/wp-json\/wp\/v2\/product_tag?post=738231"}],"curies":[{"name":"wp","href":"https:\/\/api.w.org\/{rel}","templated":true}]}}