{"id":738229,"date":"2025-08-27T23:45:15","date_gmt":"2025-08-27T20:45:15","guid":{"rendered":"https:\/\/roveyayinevi.com.tr\/index.php\/urun\/delismen-oyun-sanati\/"},"modified":"2026-04-16T02:47:57","modified_gmt":"2026-04-15T23:47:57","slug":"delismen-oyun-sanati","status":"publish","type":"product","link":"https:\/\/roveyayinevi.com.tr\/index.php\/urun\/delismen-oyun-sanati\/","title":{"rendered":"Deli\u015fmen Oyun Sanat\u0131"},"content":{"rendered":"<p>Nereye bakarsan\u0131z bak\u0131n, fiziksel oyun\u2014g\u00fcr\u00fclt\u00fcl\u00fc pat\u0131rt\u0131l\u0131 deli\u015fmen etkinlik\u2014ola\u011fan olmaktan \u00e7\u0131kar\u0131l\u0131yor. Beden e\u011fitimi dersleri azal\u0131yor, teneff\u00fcslerdeki serbest etkinlik k\u0131s\u0131tlan\u0131yor, hatta baz\u0131 yeni okullar bah\u00e7esi bile olmayan binalarda a\u00e7\u0131l\u0131yor. \u00c7ocuklar\u0131n bilgisayar ve konsoldaki sanal h\u0131rg\u00fcr oyunlar\u0131na y\u00f6nelmesi \u015fa\u015f\u0131rt\u0131c\u0131 m\u0131 ger\u00e7ekten?   Dr. DeBenedet ve Psk. Dr. Cohen ise bu d\u00fczeni sars\u0131p tepetaklak etmeye kararl\u0131\u2014hem de ger\u00e7ek anlam\u0131yla! Jimnastik, d\u00f6v\u00fc\u015f sanatlar\u0131, bale, geleneksel sporlar, hatta hayvan davran\u0131\u015f\u0131 gibi farkl\u0131 alanlardan t\u00fcrettikleri d\u00fczinelerce hareketli oyunu s\u0131k\u0131 ba\u011flar kurmak, olumsuz davran\u0131\u015flar\u0131 gidermek, \u00f6zg\u00fcven geli\u015ftirmek ve daha pek \u00e7ok farkl\u0131 ama\u00e7 i\u00e7in nas\u0131l kullanabilece\u011fimizi anlat\u0131yorlar. Bu oyunlar e\u011flenceli ve maliyetsizdir, \u00fcstelik pek \u00e7ok y\u00f6nden hem \u00e7ocuklar\u0131n hem ebeveynlerin sa\u011fl\u0131\u011f\u0131na yararl\u0131d\u0131r. \u00d6yleyse \u015fu elektronik cihazlar\u0131m\u0131z\u0131 b\u0131rak\u0131p deli\u015fmen oyunlara ba\u015flayal\u0131m!           \u201cDeli\u015fmen oyunu destekleyen esin dolu bir savunu! Sizi temin ederim ki bu kitab\u0131n yaln\u0131zca birka\u00e7 sayfas\u0131n\u0131 okudu\u011funuzda bile kendinizi yerde, \u00e7ocu\u011funuzla g\u00fcre\u015fip kahkahalar atar halde bulacaks\u0131n\u0131z!\u201d \u2014Michael Thompson, K\u00e2bil\u2019i Yeti\u015ftirmek ve S\u0131k\u0131 Dostlar, Amans\u0131z D\u00fc\u015fmanlar yazar\u0131 <\/p>\n","protected":false},"excerpt":{"rendered":"<p>Nereye bakarsan\u0131z bak\u0131n, fiziksel oyun\u2014g\u00fcr\u00fclt\u00fcl\u00fc pat\u0131rt\u0131l\u0131 deli\u015fmen etkinlik\u2014ola\u011fan olmaktan \u00e7\u0131kar\u0131l\u0131yor. Beden e\u011fitimi dersleri azal\u0131yor, teneff\u00fcslerdeki serbest etkinlik k\u0131s\u0131tlan\u0131yor, hatta baz\u0131 yeni okullar bah\u00e7esi bile olmayan binalarda<span class=\"excerpt-hellip\"> [\u2026]<\/span><\/p>\n","protected":false},"featured_media":0,"template":"","meta":{"_monsterinsights_skip_tracking":false,"_monsterinsights_sitenote_active":false,"_monsterinsights_sitenote_note":"","_monsterinsights_sitenote_category":0},"product_brand":[],"product_cat":[12831,12324],"product_tag":[],"class_list":{"0":"post-738229","1":"product","2":"type-product","3":"status-publish","5":"product_cat-aile-ve-cocuk","6":"product_cat-sosyoloji","7":"pa_cilt-ciltsiz","8":"pa_tur-kitap","9":"pa_yayinevi-gorunmez-adam-yayincilik","10":"pa_yazar-anthony-t-debenedet-lawrence-j-cohen","12":"first","13":"instock","14":"sale","15":"shipping-taxable","16":"purchasable","17":"product-type-simple"},"_links":{"self":[{"href":"https:\/\/roveyayinevi.com.tr\/index.php\/wp-json\/wp\/v2\/product\/738229","targetHints":{"allow":["GET"]}}],"collection":[{"href":"https:\/\/roveyayinevi.com.tr\/index.php\/wp-json\/wp\/v2\/product"}],"about":[{"href":"https:\/\/roveyayinevi.com.tr\/index.php\/wp-json\/wp\/v2\/types\/product"}],"wp:attachment":[{"href":"https:\/\/roveyayinevi.com.tr\/index.php\/wp-json\/wp\/v2\/media?parent=738229"}],"wp:term":[{"taxonomy":"product_brand","embeddable":true,"href":"https:\/\/roveyayinevi.com.tr\/index.php\/wp-json\/wp\/v2\/product_brand?post=738229"},{"taxonomy":"product_cat","embeddable":true,"href":"https:\/\/roveyayinevi.com.tr\/index.php\/wp-json\/wp\/v2\/product_cat?post=738229"},{"taxonomy":"product_tag","embeddable":true,"href":"https:\/\/roveyayinevi.com.tr\/index.php\/wp-json\/wp\/v2\/product_tag?post=738229"}],"curies":[{"name":"wp","href":"https:\/\/api.w.org\/{rel}","templated":true}]}}