{"id":738228,"date":"2025-08-27T23:45:14","date_gmt":"2025-08-27T20:45:14","guid":{"rendered":"https:\/\/roveyayinevi.com.tr\/index.php\/urun\/insan-dogasinin-aydinlik-yuzu\/"},"modified":"2026-04-16T02:47:57","modified_gmt":"2026-04-15T23:47:57","slug":"insan-dogasinin-aydinlik-yuzu","status":"publish","type":"product","link":"https:\/\/roveyayinevi.com.tr\/index.php\/urun\/insan-dogasinin-aydinlik-yuzu\/","title":{"rendered":"\u0130nsan Do\u011fas\u0131n\u0131n Ayd\u0131nl\u0131k Y\u00fcz\u00fc"},"content":{"rendered":"<p>Alfie Kohn, yazarl\u0131k kariyerinin bu ikinci kitab\u0131nda insan ve nitelikleri hakk\u0131nda literat\u00fcrdeki en kapsaml\u0131 savunulardan birini yap\u0131yor. \u0130nsan\u0131n kimi zaman bencil ve ac\u0131mas\u0131z olabildi\u011fini reddetmiyor, ama \u00e7evreye bakt\u0131\u011f\u0131m\u0131zda \u00e7ok y\u00fcce e\u011filimleri de ayn\u0131 \u015fekilde i\u00e7inde besleyen bireyler g\u00f6rmemizi sa\u011fl\u0131yor\u2014d\u00fcnyay\u0131 izlerken kulland\u0131\u011f\u0131m\u0131z merceklere yine Kohn tarz\u0131 ince ayar yapan bilimsel kan\u0131tlar ve kapsaml\u0131 \u00e7\u00f6z\u00fcmlemeler sunuyor.   Kohn, insan\u0131n \u00e7i\u011f s\u00fct emdi\u011fine dair olumsuz bak\u0131\u015f a\u00e7\u0131m\u0131z\u0131n gelenek\u00e7i ve muhafazak\u00e2r fikirler, Hobbescu felsefe ve pop\u00fcler sosyobiyoloji taraf\u0131ndan nas\u0131l beslenip baki k\u0131l\u0131nd\u0131\u011f\u0131n\u0131, ayr\u0131ca pozitif bilimlerdeki kesin \u00f6l\u00e7\u00fcm tabanl\u0131 y\u00f6ntemlerin psikoloji ve sosyoloji alanlar\u0131nda hangi soyut \u00f6zelliklerimizi g\u00f6zden ka\u00e7\u0131rd\u0131\u011f\u0131n\u0131 (ve veri yorumlar\u0131na katmaktan uzak kald\u0131\u011f\u0131n\u0131) incelerken insanlar \u00e2lemi hakk\u0131ndaki tats\u0131z g\u00f6r\u00fc\u015flerimizin k\u00f6klerine de epey parlak bir \u0131\u015f\u0131k tutmu\u015f oluyor. \u0130nsan do\u011fam\u0131za g\u00fcvenmek, ona olumlu bakmak i\u00e7in ge\u00e7erli nedenlerimiz oldu\u011funu g\u00f6stermekle kalm\u0131yor, bu do\u011fan\u0131n daha da sa\u011fl\u0131kl\u0131 \u015fekilde tezah\u00fcr etmesini sa\u011flayabilmek i\u00e7in toplumlarda ve e\u011fitimde ne t\u00fcr yap\u0131sal de\u011fi\u015fikliklere gidebilece\u011fimize dair ipu\u00e7lar\u0131 veriyor.   Kohn\u2019un daha sonra yazd\u0131\u011f\u0131 aile, ebeveynlik ve e\u011fitim konulu kitaplar\u0131n temelindeki d\u00fcnya ve insan g\u00f6r\u00fc\u015f\u00fcn\u00fc ayr\u0131nt\u0131land\u0131ran bu yap\u0131t, en \u00e7ok da bak\u0131\u015f a\u00e7\u0131s\u0131 alma-empati-sempati \u00fc\u00e7l\u00fcs\u00fcn\u00fcn nerede \u00f6rt\u00fc\u015f\u00fcp nerede ayr\u0131ld\u0131klar\u0131na, t\u00fcrlerine, tezah\u00fcrlerine ve birbirinin \u00fczerine in\u015fa edip etmediklerine dair alanyaz\u0131ndaki en kapsaml\u0131 ve fark\u0131ndal\u0131k yaratan \u00e7\u00f6z\u00fcmlemelerden birini sunmas\u0131yla \u00f6ne \u00e7\u0131k\u0131yor.         \u201c\u00d6zgecili\u011fi temel insan \u00f6zelli\u011fi olarak ele alan ikna edici bir irdeleme&#8230; \u0130nsan\u0131n iyili\u011fine dair zarif ve alimane bir savunu.\u201d \u2013Kirkus Reviews     \u201cHem uzmanlar hem de konuyla yeni tan\u0131\u015fanlar bu kitapta ilgilerini uyand\u0131racak pek \u00e7ok nokta bulacaklar.\u201d \u2014Samuel P. Oliner ve Pearl M. Oliner, The Altruistic Personality (\u00d6zgecil Ki\u015filik) yazarlar\u0131 <\/p>\n","protected":false},"excerpt":{"rendered":"<p>Alfie Kohn, yazarl\u0131k kariyerinin bu ikinci kitab\u0131nda insan ve nitelikleri hakk\u0131nda literat\u00fcrdeki en kapsaml\u0131 savunulardan birini yap\u0131yor. \u0130nsan\u0131n kimi zaman bencil ve ac\u0131mas\u0131z olabildi\u011fini reddetmiyor, ama<span class=\"excerpt-hellip\"> [\u2026]<\/span><\/p>\n","protected":false},"featured_media":0,"template":"","meta":{"_monsterinsights_skip_tracking":false,"_monsterinsights_sitenote_active":false,"_monsterinsights_sitenote_note":"","_monsterinsights_sitenote_category":0},"product_brand":[],"product_cat":[12358,12357],"product_tag":[],"class_list":{"0":"post-738228","1":"product","2":"type-product","3":"status-publish","5":"product_cat-genel-psikoloji","6":"product_cat-psikoloji","7":"pa_cilt-ciltsiz","8":"pa_tur-kitap","9":"pa_yayinevi-gorunmez-adam-yayincilik","10":"pa_yazar-alfie-kohn","12":"first","13":"instock","14":"sale","15":"shipping-taxable","16":"purchasable","17":"product-type-simple"},"_links":{"self":[{"href":"https:\/\/roveyayinevi.com.tr\/index.php\/wp-json\/wp\/v2\/product\/738228","targetHints":{"allow":["GET"]}}],"collection":[{"href":"https:\/\/roveyayinevi.com.tr\/index.php\/wp-json\/wp\/v2\/product"}],"about":[{"href":"https:\/\/roveyayinevi.com.tr\/index.php\/wp-json\/wp\/v2\/types\/product"}],"wp:attachment":[{"href":"https:\/\/roveyayinevi.com.tr\/index.php\/wp-json\/wp\/v2\/media?parent=738228"}],"wp:term":[{"taxonomy":"product_brand","embeddable":true,"href":"https:\/\/roveyayinevi.com.tr\/index.php\/wp-json\/wp\/v2\/product_brand?post=738228"},{"taxonomy":"product_cat","embeddable":true,"href":"https:\/\/roveyayinevi.com.tr\/index.php\/wp-json\/wp\/v2\/product_cat?post=738228"},{"taxonomy":"product_tag","embeddable":true,"href":"https:\/\/roveyayinevi.com.tr\/index.php\/wp-json\/wp\/v2\/product_tag?post=738228"}],"curies":[{"name":"wp","href":"https:\/\/api.w.org\/{rel}","templated":true}]}}