{"id":738227,"date":"2025-08-27T23:45:12","date_gmt":"2025-08-27T20:45:12","guid":{"rendered":"https:\/\/roveyayinevi.com.tr\/index.php\/urun\/asokavadana\/"},"modified":"2026-04-16T02:47:57","modified_gmt":"2026-04-15T23:47:57","slug":"asokavadana","status":"publish","type":"product","link":"https:\/\/roveyayinevi.com.tr\/index.php\/urun\/asokavadana\/","title":{"rendered":"A\u015fokavadana"},"content":{"rendered":"<p>\u201cTath\u0101gata\u2019n\u0131n parinirv\u0101\u1e47a\u2019ya [Buddha\u2019n\u0131n ebed\u00ee nirv\u0101\u1e47aya] ula\u015fmas\u0131ndan y\u00fcz y\u0131l sonra, \u0130\u015fte bu erdemli eylem sayesinde o kutlu \u00e7ocuk, P\u0101\u1e6daliputra \u015fehrinde h\u00fck\u00fcm s\u00fcren A\u015foka ad\u0131ndaki bir kral olacakt\u0131r. O d\u00f6rt k\u0131tadan birini y\u00f6neten, do\u011fru bir dharmar\u0101ca [erdemli kral] ve bir \u00e7akravartin [cihan h\u00fck\u00fcmdar\u0131] olacakt\u0131r.\u201d Avad\u0101na kelimesi \u201ckayda de\u011fer eylemin veya ba\u015far\u0131n\u0131n \u00f6yk\u00fcs\u00fc\u201d anlamlar\u0131na gelmektedir. Budist k\u00fclt\u00fcr i\u00e7erisinde \u00f6nemli bir yer tutan Avad\u0101nalar; \u00fcnl\u00fc Budist karakterlerin ge\u00e7mi\u015f, gelecek ve g\u00fcn\u00fcm\u00fcz ya\u015fant\u0131lar\u0131na ait efsaneleri konu edinen edeb\u00ee bir \u00fcslup, dahas\u0131 koleksiyondur. A\u015fok\u0101vad\u0101na da Budizm\u2019in ilk hamisi olarak kabul edilen Hint Maurya \u0130mparatoru A\u015foka\u2019n\u0131n (~M\u00d6 304-232) hayat\u0131n\u0131 konu edinen ve Sanskrit dilinde kaleme al\u0131nm\u0131\u015f bir kaynak eserdir. Budist gelene\u011fe ait karakteristik \u00f6zellikleri g\u00f6zler \u00f6n\u00fcne sermektedir. A\u015foka, Budizm\u2019in kutsal kitaplar\u0131n\u0131n yaz\u0131ya aktar\u0131lmas\u0131, s\u0131n\u0131fland\u0131r\u0131lmas\u0131 ve dahas\u0131 mezheplere ayr\u0131l\u0131\u015f\u0131 ile ilgili s\u00fcrece, bir imparator olarak sunmu\u015f oldu\u011fu katk\u0131 sebebiyle, Hint k\u00fclt\u00fcr tarihinde ad\u0131ndan s\u0131k\u00e7a s\u00f6z ettirmektedir. Dahas\u0131 Budizm\u2019in Hint alt k\u0131tas\u0131n\u0131n d\u0131\u015f\u0131na yay\u0131l\u0131\u015f\u0131 ile ilgili izledi\u011fi politikalarla da Budizm sonras\u0131 yeniden \u015fekillenen Asya k\u00fclt\u00fcr\u00fcn\u00fcn ilk temsilcilerinden biri olarak g\u00f6r\u00fclebilmektedir. A\u015fok\u0101vad\u0101na adl\u0131 elinizdeki bu eser, orijinali itibar\u0131yla Hint men\u015feli Budist k\u00fclt\u00fcr\u00fcn geli\u015fim ve de\u011fi\u015fim s\u00fcrecinin Hindistan tarihi i\u00e7erisindeki seyrine bir nebze de olsa \u0131\u015f\u0131k tutan bir eser olma \u00f6zelli\u011fini ta\u015f\u0131maktad\u0131r. Asya toplumlar\u0131n\u0131n ve devletlerinin, k\u00fclt\u00fcrel ve siyasi yap\u0131lanmalar\u0131nda son derece \u00f6nemli bir yere sahip olan Budizm ile ilgili edeb\u00ee ve din\u00ee bir metin olarak bu eser; tarih, edebiyat, dinler tarihi ve folklor gibi sosyal bilimler alanlar\u0131yla ilgilenen okuyucular\u0131n dikkatine sunuluyor. <\/p>\n","protected":false},"excerpt":{"rendered":"<p>\u201cTath\u0101gata\u2019n\u0131n parinirv\u0101\u1e47a\u2019ya [Buddha\u2019n\u0131n ebed\u00ee nirv\u0101\u1e47aya] ula\u015fmas\u0131ndan y\u00fcz y\u0131l sonra, \u0130\u015fte bu erdemli eylem sayesinde o kutlu \u00e7ocuk, P\u0101\u1e6daliputra \u015fehrinde h\u00fck\u00fcm s\u00fcren A\u015foka ad\u0131ndaki bir kral olacakt\u0131r.<span class=\"excerpt-hellip\"> [\u2026]<\/span><\/p>\n","protected":false},"featured_media":0,"template":"","meta":{"_monsterinsights_skip_tracking":false,"_monsterinsights_sitenote_active":false,"_monsterinsights_sitenote_note":"","_monsterinsights_sitenote_category":0},"product_brand":[],"product_cat":[12291,18202],"product_tag":[],"class_list":{"0":"post-738227","1":"product","2":"type-product","3":"status-publish","5":"product_cat-edebiyat","6":"product_cat-hikaye","7":"pa_cilt-ciltsiz","8":"pa_tur-kitap","9":"pa_yayinevi-vakifbank-kultur-yayinlari","10":"pa_yazar-anonim","12":"first","13":"instock","14":"sale","15":"shipping-taxable","16":"purchasable","17":"product-type-simple"},"_links":{"self":[{"href":"https:\/\/roveyayinevi.com.tr\/index.php\/wp-json\/wp\/v2\/product\/738227","targetHints":{"allow":["GET"]}}],"collection":[{"href":"https:\/\/roveyayinevi.com.tr\/index.php\/wp-json\/wp\/v2\/product"}],"about":[{"href":"https:\/\/roveyayinevi.com.tr\/index.php\/wp-json\/wp\/v2\/types\/product"}],"wp:attachment":[{"href":"https:\/\/roveyayinevi.com.tr\/index.php\/wp-json\/wp\/v2\/media?parent=738227"}],"wp:term":[{"taxonomy":"product_brand","embeddable":true,"href":"https:\/\/roveyayinevi.com.tr\/index.php\/wp-json\/wp\/v2\/product_brand?post=738227"},{"taxonomy":"product_cat","embeddable":true,"href":"https:\/\/roveyayinevi.com.tr\/index.php\/wp-json\/wp\/v2\/product_cat?post=738227"},{"taxonomy":"product_tag","embeddable":true,"href":"https:\/\/roveyayinevi.com.tr\/index.php\/wp-json\/wp\/v2\/product_tag?post=738227"}],"curies":[{"name":"wp","href":"https:\/\/api.w.org\/{rel}","templated":true}]}}