{"id":738225,"date":"2025-08-27T23:45:09","date_gmt":"2025-08-27T20:45:09","guid":{"rendered":"https:\/\/roveyayinevi.com.tr\/index.php\/urun\/karanligin-sehri-ciltli\/"},"modified":"2025-10-06T07:20:13","modified_gmt":"2025-10-06T04:20:13","slug":"karanligin-sehri-ciltli","status":"publish","type":"product","link":"https:\/\/roveyayinevi.com.tr\/index.php\/urun\/karanligin-sehri-ciltli\/","title":{"rendered":"Karanl\u0131\u011f\u0131n \u015eehri (Ciltli)"},"content":{"rendered":"<p>Karanl\u0131\u011f\u0131n \u015eehri &#8211; Ciltli \u015eule Avlamaz   Do\u011fdu\u011fu g\u00fcnden beri ailesinin son derece korumac\u0131 ve bask\u0131c\u0131 tutumuyla yeti\u015ftirilen Efsan Erez, do\u011fum g\u00fcn\u00fcnde en sevdi\u011fi grubun konserine gitmek \u00fczere karde\u015fiyle beraber gizlice evden \u00e7\u0131kar.  Masum bir istekle ba\u015flayan bu \u00e7\u0131k\u0131\u015f, Efsan\u2019\u0131n kendini k\u00fc\u00e7\u00fck d\u00fcnyas\u0131ndan tamamen farkl\u0131 bir evrende bulmas\u0131yla sonu\u00e7lan\u0131r.    Krall\u0131klar taraf\u0131ndan y\u00f6netilen topraklarda ya\u015fayan tehlikeli yarat\u0131klar\u0131n ve b\u00fcy\u00fc kullanabilen \u0131rklar\u0131n h\u00fck\u00fcm s\u00fcrd\u00fc\u011f\u00fc evrende bi\u00e7are ve kimsesiz kal\u0131r. Art\u0131k o, olmamas\u0131 gereken bir yerde, olmamas\u0131 gereken ki\u015fidir. Yabanc\u0131lar\u0131n ho\u015f kar\u015f\u0131lanmad\u0131\u011f\u0131 bu karanl\u0131k \u015fehirde tan\u0131mad\u0131\u011f\u0131 ki\u015filerin yard\u0131m\u0131na muhta\u00e7 olmas\u0131yla, sonun ba\u015flang\u0131c\u0131 i\u00e7in zaman akmaya ba\u015flayacakt\u0131r.  Bir yandan eve d\u00f6n\u00fc\u015f yolunu ararken, di\u011fer yandan hayatta kalabilmek i\u00e7in kimli\u011fini gizleyerek tehlikeli se\u00e7imler yapmak zorunda kal\u0131r; fakat bu giri\u015fimleri, yakalanmamas\u0131 gereken en \u00f6nemli ki\u015finin,  Alaz \u015eahzade\u2019nin dikkatini \u00e7eker. Art\u0131k olmamas\u0131 gereken yer,  bu karanl\u0131k \u015fehir de\u011fil, yan\u0131nda dahi durmamas\u0131 gereken bu adam\u0131n geceden daha siyah harelerinin i\u00e7idir.    Can\u0131n\u0131 kurtarmak i\u00e7in ka\u00e7arak ailesine geri d\u00f6nmeye \u00e7al\u0131\u015fan Efsan karanl\u0131k \u015fehirden ka\u00e7abilecek midir ya da tan vaktini bile g\u00f6rebilecek midir, belli de\u011fildir.    \u00dcstelik ne kadar engel olmak isterse istesin kalbi de yava\u015f yava\u015f  Alaz \u015eahzade i\u00e7in \u00e7arpmaya ba\u015flarken\u2026   G\u00fc\u00e7l\u00fc bir duru\u015fu vard\u0131, ayn\u0131 zamanda karanl\u0131kt\u0131 da  ve karanl\u0131k k\u00f6t\u00fcyd\u00fc. Karanl\u0131k bilinmezlik demekti,  karanl\u0131k bo\u015fluktu ve&#8230; Ben karanl\u0131\u011f\u0131 sevmezdim. <\/p>\n","protected":false},"excerpt":{"rendered":"<p>Karanl\u0131\u011f\u0131n \u015eehri &#8211; Ciltli \u015eule Avlamaz Do\u011fdu\u011fu g\u00fcnden beri ailesinin son derece korumac\u0131 ve bask\u0131c\u0131 tutumuyla yeti\u015ftirilen Efsan Erez, do\u011fum g\u00fcn\u00fcnde en sevdi\u011fi grubun konserine gitmek<span class=\"excerpt-hellip\"> [\u2026]<\/span><\/p>\n","protected":false},"featured_media":0,"template":"","meta":{"_monsterinsights_skip_tracking":false,"_monsterinsights_sitenote_active":false,"_monsterinsights_sitenote_note":"","_monsterinsights_sitenote_category":0},"product_brand":[],"product_cat":[12291,12711],"product_tag":[],"class_list":{"0":"post-738225","1":"product","2":"type-product","3":"status-publish","5":"product_cat-edebiyat","6":"product_cat-roman-oyku","7":"pa_cilt-ciltli","8":"pa_tur-kitap","9":"pa_yayinevi-indigo-kitap","10":"pa_yazar-sule-avlamaz","12":"first","13":"instock","14":"sale","15":"shipping-taxable","16":"purchasable","17":"product-type-simple"},"_links":{"self":[{"href":"https:\/\/roveyayinevi.com.tr\/index.php\/wp-json\/wp\/v2\/product\/738225","targetHints":{"allow":["GET"]}}],"collection":[{"href":"https:\/\/roveyayinevi.com.tr\/index.php\/wp-json\/wp\/v2\/product"}],"about":[{"href":"https:\/\/roveyayinevi.com.tr\/index.php\/wp-json\/wp\/v2\/types\/product"}],"wp:attachment":[{"href":"https:\/\/roveyayinevi.com.tr\/index.php\/wp-json\/wp\/v2\/media?parent=738225"}],"wp:term":[{"taxonomy":"product_brand","embeddable":true,"href":"https:\/\/roveyayinevi.com.tr\/index.php\/wp-json\/wp\/v2\/product_brand?post=738225"},{"taxonomy":"product_cat","embeddable":true,"href":"https:\/\/roveyayinevi.com.tr\/index.php\/wp-json\/wp\/v2\/product_cat?post=738225"},{"taxonomy":"product_tag","embeddable":true,"href":"https:\/\/roveyayinevi.com.tr\/index.php\/wp-json\/wp\/v2\/product_tag?post=738225"}],"curies":[{"name":"wp","href":"https:\/\/api.w.org\/{rel}","templated":true}]}}